{"id":25,"date":"2017-10-06T14:44:16","date_gmt":"2017-10-06T18:44:16","guid":{"rendered":"http:\/\/portfolio-pre.uqac.ca\/gabarit\/?page_id=25"},"modified":"2018-08-07T10:59:13","modified_gmt":"2018-08-07T14:59:13","slug":"communications","status":"publish","type":"page","link":"https:\/\/portfolio.uqac.ca\/olivierriffon\/communications\/","title":{"rendered":"Communications"},"content":{"rendered":"<p>Liste partielle des communications<\/p>\n<p>Riffon, O. et Segers, I., (2018). Former \u00e0 transformer : quelles comp\u00e9tences p\u00e9dagogiques sont n\u00e9cessaires pour piloter la transition socio-\u00e9cologique. Pr\u00e9sent\u00e9 dans le cadre du colloque 419 de l\u2019ACFAS, Face aux d\u00e9fis \u00e9cologiques et aux in\u00e9galit\u00e9s sociales, quels nouveaux mod\u00e8les d\u2019action pour influencer la transition soci\u00e9tale? Chicoutimi, 8 mai 2018.<\/p>\n<p>Riffon, O., (2018). Vers une d\u00e9marche int\u00e9grant les outils de l\u2019analyse syst\u00e9mique de durabilit\u00e9. Pr\u00e9sent\u00e9 dans le cadre du colloque 612 de l\u2019ACFAS, Analyse syst\u00e9mique de durabilit\u00e9 : pratiques multiples et nouvelles perspectives. Chicoutimi, 9 et10 mai 2018.<\/p>\n<p>Riffon, O., (2017). Collaborer pour des collectivit\u00e9s en sant\u00e9. Conf\u00e9rence et atelier pr\u00e9sent\u00e9s pour la MRC de Maskinong\u00e9, 1er juin 2017, Louiseville.<\/p>\n<p>Riffon, O., (2017). B\u00e2tir et habiter des environnements favorables \u00e0 la sant\u00e9 et aux saines habitudes de vie : synth\u00e8se du Forum r\u00e9gional Plan\u00e8t\u2019ERE. Pr\u00e9sent\u00e9 au Forum National Plan\u00e8t\u2019ERE (Montr\u00e9al, le 26 juin 2017), au Festival Virage (Ste-Rose-du-Nord, le 1er juillet 2017) et au Forum sur les saines habitudes de vie (Jonqui\u00e8re, le 17 ao\u00fbt 2017).<\/p>\n<p>Riffon, O. (2016). La grille d\u2019analyse de d\u00e9veloppement durable de la Chaire en \u00e9co-conseil de l\u2019UQAC. C\u00e9gep de Saint-F\u00e9licien, 27 janvier 2016.<\/p>\n<p>Riffon, O., (2016). Le d\u00e9veloppement durable, pour des collectivit\u00e9s en sant\u00e9. Conf\u00e9rence pr\u00e9sent\u00e9e pour la SADC de la Vall\u00e9e de la Batiscan, Ste-Genevi\u00e8ve de la Batiscan, &#8211; Nicolet-B\u00e9cancour, 2 novembre 2016.<\/p>\n<p>Riffon, O., (2015). Introduction aux outils du d\u00e9veloppement durable. Ateliers de la Francophonie au Burkina Faso (Koudougou, 18 ao\u00fbt 2015), \u00e0 Madagascar (Antananarivo, 13 octobre 2015) et au B\u00e9nin (Cotonou, 14 d\u00e9cembre 2015), au Gabon (Libreville, 12 mai 2015).<\/p>\n<p>Riffon, O. (2014). Le d\u00e9veloppement durable : une invitation \u00e0 l\u2019innovation sur les territoires. Pr\u00e9sent\u00e9 dans le cadre de la Journ\u00e9e th\u00e9matique : innovation et d\u00e9veloppement durable, SADC Haute-C\u00f4te-Nord, Les Escoumins, 6 novembre 2014.<\/p>\n<p>Riffon, O. (2014). Le d\u00e9veloppement durable \u00e0 l\u2019\u00e9chelle locale : quel r\u00f4le pour les MRC et les municipalit\u00e9s qu\u00e9b\u00e9coises? Pr\u00e9sent\u00e9 \u00e0 quatre occasions en 2014 : MRC Maskinong\u00e9 (13 mars), MRC M\u00e9kinac (8 octobre), MRC des Chenaux (9 octobre), Ville d&#8217;Alma (23 octobre).<\/p>\n<p>Riffon, O. (2014). L&#8217;approche \u00e9co-conseil : des outils pour l&#8217;aide \u00e0 la d\u00e9cision en mati\u00e8re de d\u00e9veloppement durable. Pr\u00e9sent\u00e9 au Colloque de l&#8217;Ordre des Administrateurs Agr\u00e9\u00e9s du Qu\u00e9bec, Montr\u00e9al, 29-30 janvier 2014<\/p>\n<p>Riffon, O. (2013). Analyse du projet de Mine Arnaud par la collectivit\u00e9 de Sept-\u00celes avec la grille de d\u00e9veloppement durable de la Chaire en \u00e9co-conseil : quels effets, quels apprentissages? Colloque sur les m\u00e9gaprojets, Chicoutimi, 10 et 11 octobre 2013.<\/p>\n<p>&nbsp;<\/p>\n","protected":false},"excerpt":{"rendered":"<p>Liste partielle des communications Riffon, O. et Segers, I., (2018). Former \u00e0 transformer : quelles comp\u00e9tences p\u00e9dagogiques sont n\u00e9cessaires pour piloter la transition socio-\u00e9cologique. Pr\u00e9sent\u00e9 dans le cadre du colloque 419 de l\u2019ACFAS, Face aux d\u00e9fis \u00e9cologiques et aux in\u00e9galit\u00e9s sociales, quels nouveaux mod\u00e8les d\u2019action pour influencer la transition soci\u00e9tale? Chicoutimi, 8 mai 2018. Riffon, &hellip; <a href=\"https:\/\/portfolio.uqac.ca\/olivierriffon\/communications\/\" class=\"more-link\">Continuer la lecture de <span class=\"screen-reader-text\">Communications<\/span>  <span class=\"meta-nav\">&rarr;<\/span><\/a><\/p>\n","protected":false},"author":89,"featured_media":0,"parent":0,"menu_order":0,"comment_status":"closed","ping_status":"closed","template":"","meta":{"footnotes":""},"tags":[],"_links":{"self":[{"href":"https:\/\/portfolio.uqac.ca\/olivierriffon\/wp-json\/wp\/v2\/pages\/25"}],"collection":[{"href":"https:\/\/portfolio.uqac.ca\/olivierriffon\/wp-json\/wp\/v2\/pages"}],"about":[{"href":"https:\/\/portfolio.uqac.ca\/olivierriffon\/wp-json\/wp\/v2\/types\/page"}],"author":[{"embeddable":true,"href":"https:\/\/portfolio.uqac.ca\/olivierriffon\/wp-json\/wp\/v2\/users\/89"}],"replies":[{"embeddable":true,"href":"https:\/\/portfolio.uqac.ca\/olivierriffon\/wp-json\/wp\/v2\/comments?post=25"}],"version-history":[{"count":8,"href":"https:\/\/portfolio.uqac.ca\/olivierriffon\/wp-json\/wp\/v2\/pages\/25\/revisions"}],"predecessor-version":[{"id":147,"href":"https:\/\/portfolio.uqac.ca\/olivierriffon\/wp-json\/wp\/v2\/pages\/25\/revisions\/147"}],"wp:attachment":[{"href":"https:\/\/portfolio.uqac.ca\/olivierriffon\/wp-json\/wp\/v2\/media?parent=25"}],"wp:term":[{"taxonomy":"post_tag","embeddable":true,"href":"https:\/\/portfolio.uqac.ca\/olivierriffon\/wp-json\/wp\/v2\/tags?post=25"}],"curies":[{"name":"wp","href":"https:\/\/api.w.org\/{rel}","templated":true}]}}