{"id":27,"date":"2017-10-06T14:44:16","date_gmt":"2017-10-06T18:44:16","guid":{"rendered":"http:\/\/portfolio-pre.uqac.ca\/gabarit\/?page_id=27"},"modified":"2018-08-07T11:19:27","modified_gmt":"2018-08-07T15:19:27","slug":"curriculum-vitae","status":"publish","type":"page","link":"https:\/\/portfolio.uqac.ca\/olivierriffon\/curriculum-vitae\/","title":{"rendered":"Curriculum vitae"},"content":{"rendered":"<h2><strong>Dipl\u00f4mes<\/strong><\/h2>\n<p align=\"LEFT\">Doctorat en d\u00e9veloppement r\u00e9gional, D\u00e9veloppement durable, Universit\u00e9 du Qu\u00e9bec \u00e0 Chicoutimi<\/p>\n<p align=\"LEFT\">Ma\u00eetrise avec m\u00e9moire, G\u00e9nie Min\u00e9ral, Hydrog\u00e9ologie, \u00c9cole Polytechnique de Montr\u00e9al<\/p>\n<p align=\"LEFT\">Baccalaur\u00e9at, G\u00e9nie G\u00e9ologique, \u00c9cole Polytechnique de Montr\u00e9al<\/p>\n<h2><strong><br \/>\nDistinctions et bourses<br \/>\n<\/strong><\/h2>\n<p>2016<br \/>\nPrix de l\u2019enseignement de l\u2019UQAC, cat\u00e9gorie Charg\u00e9 de cours<\/p>\n<p>2016 et 2012<br \/>\nBourses du perfectionnement long \u2013 charg\u00e9 de cours de l\u2019UQAC<\/p>\n<p>2009<br \/>\nBourse d\u2019\u00e9tudes sup\u00e9rieure du Canada \u2013 Joseph Armand Bombardier<\/p>\n<p>2009<br \/>\nBourse Francesco Di Castri<\/p>\n<p>2002<br \/>\nBourse d\u2019\u00e9tudes de la Fondation Edper, Groupe Brascan<\/p>\n<p>2002<br \/>\nBourse d\u2019\u00e9tudes CRSNG \u2013 Ma\u00eetrise recherche<\/p>\n<h2><strong><br \/>\nAffiliations professionnelles<\/strong><\/h2>\n<p>Membre du Centre interdisciplinaire de recherche en op\u00e9rationnalisation du d\u00e9veloppement durable (CIRODD)<\/p>\n<h2><strong><br \/>\n<\/strong><\/h2>\n","protected":false},"excerpt":{"rendered":"<p>Dipl\u00f4mes Doctorat en d\u00e9veloppement r\u00e9gional, D\u00e9veloppement durable, Universit\u00e9 du Qu\u00e9bec \u00e0 Chicoutimi Ma\u00eetrise avec m\u00e9moire, G\u00e9nie Min\u00e9ral, Hydrog\u00e9ologie, \u00c9cole Polytechnique de Montr\u00e9al Baccalaur\u00e9at, G\u00e9nie G\u00e9ologique, \u00c9cole Polytechnique de Montr\u00e9al Distinctions et bourses 2016 Prix de l\u2019enseignement de l\u2019UQAC, cat\u00e9gorie Charg\u00e9 de cours 2016 et 2012 Bourses du perfectionnement long \u2013 charg\u00e9 de cours de l\u2019UQAC &hellip; <a href=\"https:\/\/portfolio.uqac.ca\/olivierriffon\/curriculum-vitae\/\" class=\"more-link\">Continuer la lecture de <span class=\"screen-reader-text\">Curriculum vitae<\/span>  <span class=\"meta-nav\">&rarr;<\/span><\/a><\/p>\n","protected":false},"author":89,"featured_media":0,"parent":0,"menu_order":0,"comment_status":"closed","ping_status":"closed","template":"","meta":{"footnotes":""},"tags":[],"_links":{"self":[{"href":"https:\/\/portfolio.uqac.ca\/olivierriffon\/wp-json\/wp\/v2\/pages\/27"}],"collection":[{"href":"https:\/\/portfolio.uqac.ca\/olivierriffon\/wp-json\/wp\/v2\/pages"}],"about":[{"href":"https:\/\/portfolio.uqac.ca\/olivierriffon\/wp-json\/wp\/v2\/types\/page"}],"author":[{"embeddable":true,"href":"https:\/\/portfolio.uqac.ca\/olivierriffon\/wp-json\/wp\/v2\/users\/89"}],"replies":[{"embeddable":true,"href":"https:\/\/portfolio.uqac.ca\/olivierriffon\/wp-json\/wp\/v2\/comments?post=27"}],"version-history":[{"count":6,"href":"https:\/\/portfolio.uqac.ca\/olivierriffon\/wp-json\/wp\/v2\/pages\/27\/revisions"}],"predecessor-version":[{"id":154,"href":"https:\/\/portfolio.uqac.ca\/olivierriffon\/wp-json\/wp\/v2\/pages\/27\/revisions\/154"}],"wp:attachment":[{"href":"https:\/\/portfolio.uqac.ca\/olivierriffon\/wp-json\/wp\/v2\/media?parent=27"}],"wp:term":[{"taxonomy":"post_tag","embeddable":true,"href":"https:\/\/portfolio.uqac.ca\/olivierriffon\/wp-json\/wp\/v2\/tags?post=27"}],"curies":[{"name":"wp","href":"https:\/\/api.w.org\/{rel}","templated":true}]}}