{"id":4,"date":"2017-10-06T14:44:16","date_gmt":"2017-10-06T18:44:16","guid":{"rendered":"http:\/\/portfolio-pre.uqac.ca\/gabarit\/?page_id=4"},"modified":"2018-08-07T10:56:51","modified_gmt":"2018-08-07T14:56:51","slug":"presentatio","status":"publish","type":"page","link":"https:\/\/portfolio.uqac.ca\/olivierriffon\/","title":{"rendered":"Pr\u00e9sentation"},"content":{"rendered":"<h2><\/h2>\n<h2>Olivier Riffon<\/h2>\n<p>Professeur\u00a0en \u00e9co-conseil<br \/>\nD\u00e9partement des\u00a0sciences fondamentales<\/p>\n<h2>Champs d&#8217;int\u00e9r\u00eat<\/h2>\n<ul>\n<li>Outils du d\u00e9veloppement durable<\/li>\n<li>Processus participatifs et de dialogue<\/li>\n<li>Transition socio\u00e9cologique<\/li>\n<li>Gouvernance territoriale<\/li>\n<\/ul>\n","protected":false},"excerpt":{"rendered":"<p>Olivier Riffon Professeur\u00a0en \u00e9co-conseil D\u00e9partement des\u00a0sciences fondamentales Champs d&#8217;int\u00e9r\u00eat Outils du d\u00e9veloppement durable Processus participatifs et de dialogue Transition socio\u00e9cologique Gouvernance territoriale<\/p>\n","protected":false},"author":89,"featured_media":0,"parent":0,"menu_order":0,"comment_status":"closed","ping_status":"closed","template":"","meta":{"footnotes":""},"tags":[],"_links":{"self":[{"href":"https:\/\/portfolio.uqac.ca\/olivierriffon\/wp-json\/wp\/v2\/pages\/4"}],"collection":[{"href":"https:\/\/portfolio.uqac.ca\/olivierriffon\/wp-json\/wp\/v2\/pages"}],"about":[{"href":"https:\/\/portfolio.uqac.ca\/olivierriffon\/wp-json\/wp\/v2\/types\/page"}],"author":[{"embeddable":true,"href":"https:\/\/portfolio.uqac.ca\/olivierriffon\/wp-json\/wp\/v2\/users\/89"}],"replies":[{"embeddable":true,"href":"https:\/\/portfolio.uqac.ca\/olivierriffon\/wp-json\/wp\/v2\/comments?post=4"}],"version-history":[{"count":16,"href":"https:\/\/portfolio.uqac.ca\/olivierriffon\/wp-json\/wp\/v2\/pages\/4\/revisions"}],"predecessor-version":[{"id":145,"href":"https:\/\/portfolio.uqac.ca\/olivierriffon\/wp-json\/wp\/v2\/pages\/4\/revisions\/145"}],"wp:attachment":[{"href":"https:\/\/portfolio.uqac.ca\/olivierriffon\/wp-json\/wp\/v2\/media?parent=4"}],"wp:term":[{"taxonomy":"post_tag","embeddable":true,"href":"https:\/\/portfolio.uqac.ca\/olivierriffon\/wp-json\/wp\/v2\/tags?post=4"}],"curies":[{"name":"wp","href":"https:\/\/api.w.org\/{rel}","templated":true}]}}