{"id":46,"date":"2017-10-06T14:44:16","date_gmt":"2017-10-06T18:44:16","guid":{"rendered":"http:\/\/portfolio-pre.uqac.ca\/gabarit\/?page_id=46"},"modified":"2018-08-07T10:56:13","modified_gmt":"2018-08-07T14:56:13","slug":"recherche","status":"publish","type":"page","link":"https:\/\/portfolio.uqac.ca\/olivierriffon\/recherche\/","title":{"rendered":"Recherche"},"content":{"rendered":"<p><strong>TH\u00c8MES DE RECHERCHE<\/strong><\/p>\n<ul>\n<li>L\u2019op\u00e9rationnalisation du d\u00e9veloppement durable<\/li>\n<li>Les repr\u00e9sentations sociales du d\u00e9veloppement durable<\/li>\n<li>La gouvernance territoriale et organisationnelle du d\u00e9veloppement durable<\/li>\n<li>Les approches participatives et dialogiques<\/li>\n<li>La transition sociale et \u00e9cologique<\/li>\n<\/ul>\n","protected":false},"excerpt":{"rendered":"<p>TH\u00c8MES DE RECHERCHE L\u2019op\u00e9rationnalisation du d\u00e9veloppement durable Les repr\u00e9sentations sociales du d\u00e9veloppement durable La gouvernance territoriale et organisationnelle du d\u00e9veloppement durable Les approches participatives et dialogiques La transition sociale et \u00e9cologique<\/p>\n","protected":false},"author":89,"featured_media":0,"parent":0,"menu_order":0,"comment_status":"closed","ping_status":"closed","template":"","meta":{"footnotes":""},"tags":[],"_links":{"self":[{"href":"https:\/\/portfolio.uqac.ca\/olivierriffon\/wp-json\/wp\/v2\/pages\/46"}],"collection":[{"href":"https:\/\/portfolio.uqac.ca\/olivierriffon\/wp-json\/wp\/v2\/pages"}],"about":[{"href":"https:\/\/portfolio.uqac.ca\/olivierriffon\/wp-json\/wp\/v2\/types\/page"}],"author":[{"embeddable":true,"href":"https:\/\/portfolio.uqac.ca\/olivierriffon\/wp-json\/wp\/v2\/users\/89"}],"replies":[{"embeddable":true,"href":"https:\/\/portfolio.uqac.ca\/olivierriffon\/wp-json\/wp\/v2\/comments?post=46"}],"version-history":[{"count":4,"href":"https:\/\/portfolio.uqac.ca\/olivierriffon\/wp-json\/wp\/v2\/pages\/46\/revisions"}],"predecessor-version":[{"id":144,"href":"https:\/\/portfolio.uqac.ca\/olivierriffon\/wp-json\/wp\/v2\/pages\/46\/revisions\/144"}],"wp:attachment":[{"href":"https:\/\/portfolio.uqac.ca\/olivierriffon\/wp-json\/wp\/v2\/media?parent=46"}],"wp:term":[{"taxonomy":"post_tag","embeddable":true,"href":"https:\/\/portfolio.uqac.ca\/olivierriffon\/wp-json\/wp\/v2\/tags?post=46"}],"curies":[{"name":"wp","href":"https:\/\/api.w.org\/{rel}","templated":true}]}}