{"id":18,"date":"2022-12-21T09:25:17","date_gmt":"2022-12-21T14:25:17","guid":{"rendered":"http:\/\/portfolio-pre.uqac.ca\/gabarit\/?page_id=18"},"modified":"2023-03-06T16:04:32","modified_gmt":"2023-03-06T21:04:32","slug":"enseignement","status":"publish","type":"page","link":"https:\/\/portfolio.uqac.ca\/pascalfortin\/enseignement\/","title":{"rendered":"Enseignement"},"content":{"rendered":"<ul>\n<li>8INF865 : Programmation de plateformes mobiles<\/li>\n<li>8RVL201\u00a0: R\u00e9alit\u00e9 virtuelle et environnements immersifs<\/li>\n<li>8MIG841 : Interactions humain-robot<\/li>\n<li>6GEI346 : Circuits \u00e9lectroniques<\/li>\n<\/ul>\n","protected":false},"excerpt":{"rendered":"<p>8INF865 : Programmation de plateformes mobiles 8RVL201\u00a0: R\u00e9alit\u00e9 virtuelle et environnements immersifs 8MIG841 : Interactions humain-robot 6GEI346 : Circuits \u00e9lectroniques<\/p>\n","protected":false},"author":89,"featured_media":0,"parent":0,"menu_order":0,"comment_status":"closed","ping_status":"closed","template":"","meta":{"footnotes":""},"tags":[],"_links":{"self":[{"href":"https:\/\/portfolio.uqac.ca\/pascalfortin\/wp-json\/wp\/v2\/pages\/18"}],"collection":[{"href":"https:\/\/portfolio.uqac.ca\/pascalfortin\/wp-json\/wp\/v2\/pages"}],"about":[{"href":"https:\/\/portfolio.uqac.ca\/pascalfortin\/wp-json\/wp\/v2\/types\/page"}],"author":[{"embeddable":true,"href":"https:\/\/portfolio.uqac.ca\/pascalfortin\/wp-json\/wp\/v2\/users\/89"}],"replies":[{"embeddable":true,"href":"https:\/\/portfolio.uqac.ca\/pascalfortin\/wp-json\/wp\/v2\/comments?post=18"}],"version-history":[{"count":5,"href":"https:\/\/portfolio.uqac.ca\/pascalfortin\/wp-json\/wp\/v2\/pages\/18\/revisions"}],"predecessor-version":[{"id":180,"href":"https:\/\/portfolio.uqac.ca\/pascalfortin\/wp-json\/wp\/v2\/pages\/18\/revisions\/180"}],"wp:attachment":[{"href":"https:\/\/portfolio.uqac.ca\/pascalfortin\/wp-json\/wp\/v2\/media?parent=18"}],"wp:term":[{"taxonomy":"post_tag","embeddable":true,"href":"https:\/\/portfolio.uqac.ca\/pascalfortin\/wp-json\/wp\/v2\/tags?post=18"}],"curies":[{"name":"wp","href":"https:\/\/api.w.org\/{rel}","templated":true}]}}