{"id":4,"date":"2022-12-21T09:25:17","date_gmt":"2022-12-21T14:25:17","guid":{"rendered":"http:\/\/portfolio-pre.uqac.ca\/gabarit\/?page_id=4"},"modified":"2023-05-25T14:59:24","modified_gmt":"2023-05-25T18:59:24","slug":"presentatio","status":"publish","type":"page","link":"https:\/\/portfolio.uqac.ca\/pascalfortin\/","title":{"rendered":"Accueil"},"content":{"rendered":"<p><a href=\"https:\/\/portfolio.uqac.ca\/pascalfortin\/files\/2022\/12\/avatar.jpg\"><img loading=\"lazy\" decoding=\"async\" class=\"wp-image-220 size-thumbnail alignleft\" src=\"https:\/\/portfolio.uqac.ca\/pascalfortin\/files\/2022\/12\/avatar-150x150.jpg\" width=\"150\" height=\"150\" \/><\/a><\/p>\n<p>&nbsp;<\/p>\n<p>&nbsp;<\/p>\n<p>&nbsp;<\/p>\n<h1>Prof. Pascal E. Fortin<\/h1>\n<h3>[FR]<\/h3>\n<p>Pascal E. Fortin est professeur adjoint en informatique et en math\u00e9matiques \u00e0 l&#8217;Universit\u00e9 du Qu\u00e9bec \u00e0 Chicoutimi (Saguenay, Canada) depuis d\u00e9cembre 2022. Avant de joindre l&#8217;\u00e9quipe professorale de l&#8217;UQAC, il a occup\u00e9 un r\u00f4le de chercheur postdoctoral au Haptic User Experience Group \u00e0 l&#8217;\u00c9cole de Technologie Sup\u00e9rieure (Montr\u00e9al, Canada) suite \u00e0 la finalisation de son doctorat \u00e0 l&#8217;Universit\u00e9 McGill (Montr\u00e9al, Canada) en 2021.<\/p>\n<p>Ses int\u00e9r\u00eats de recherche portent sur la conception de nouvelles techniques d&#8217;interaction multimodales et physiologiques destin\u00e9es \u00e0 \u00eatre utilis\u00e9es dans des applications mobiles et de r\u00e9alit\u00e9 mixte.<\/p>\n<p>Pour des informations \u00e0 jour sur mes projets et publications, consulter mon site web personnel au <a href=\"https:\/\/www.pefortin.com\">https:\/\/www.pefortin.com<\/a><\/p>\n<h3>[EN]<\/h3>\n<p>Pascal E. Fortin is an Assistant Professor of Computer Science and Mathematics at the Universit\u00e9 du Qu\u00e9bec \u00e0 Chicoutimi (Saguenay, Canada) since December 2022. Before joining the faculty at UQAC, he was a postdoctoral researcher in the Haptic User Experience Group at \u00c9cole de Technologie Sup\u00e9rieure (Montreal, Canada), following completion of his PhD at McGill University (Montreal, Canada) in 2021.<\/p>\n<p>His research interests focus on the design of novel multimodal and physiological interaction techniques for use in mobile and mixed reality applications.<\/p>\n<p>For up-to-date information on my projects and publications, please visit my personal website at <a href=\"https:\/\/www.pefortin.com\">https:\/\/www.pefortin.com<\/a><\/p>\n","protected":false},"excerpt":{"rendered":"<p>&nbsp; &nbsp; &nbsp; Prof. Pascal E. Fortin [FR] Pascal E. Fortin est professeur adjoint en informatique et en math\u00e9matiques \u00e0 l&#8217;Universit\u00e9 du Qu\u00e9bec \u00e0 Chicoutimi (Saguenay, Canada) depuis d\u00e9cembre 2022. Avant de joindre l&#8217;\u00e9quipe professorale de l&#8217;UQAC, il a occup\u00e9 un r\u00f4le de chercheur postdoctoral au Haptic User Experience Group \u00e0 l&#8217;\u00c9cole de Technologie Sup\u00e9rieure &hellip; <a href=\"https:\/\/portfolio.uqac.ca\/pascalfortin\/\" class=\"more-link\">Continuer la lecture de <span class=\"screen-reader-text\">Accueil<\/span>  <span class=\"meta-nav\">&rarr;<\/span><\/a><\/p>\n","protected":false},"author":89,"featured_media":0,"parent":0,"menu_order":0,"comment_status":"closed","ping_status":"closed","template":"","meta":{"footnotes":""},"tags":[13,12,10,8,7,9,14,11],"_links":{"self":[{"href":"https:\/\/portfolio.uqac.ca\/pascalfortin\/wp-json\/wp\/v2\/pages\/4"}],"collection":[{"href":"https:\/\/portfolio.uqac.ca\/pascalfortin\/wp-json\/wp\/v2\/pages"}],"about":[{"href":"https:\/\/portfolio.uqac.ca\/pascalfortin\/wp-json\/wp\/v2\/types\/page"}],"author":[{"embeddable":true,"href":"https:\/\/portfolio.uqac.ca\/pascalfortin\/wp-json\/wp\/v2\/users\/89"}],"replies":[{"embeddable":true,"href":"https:\/\/portfolio.uqac.ca\/pascalfortin\/wp-json\/wp\/v2\/comments?post=4"}],"version-history":[{"count":36,"href":"https:\/\/portfolio.uqac.ca\/pascalfortin\/wp-json\/wp\/v2\/pages\/4\/revisions"}],"predecessor-version":[{"id":233,"href":"https:\/\/portfolio.uqac.ca\/pascalfortin\/wp-json\/wp\/v2\/pages\/4\/revisions\/233"}],"wp:attachment":[{"href":"https:\/\/portfolio.uqac.ca\/pascalfortin\/wp-json\/wp\/v2\/media?parent=4"}],"wp:term":[{"taxonomy":"post_tag","embeddable":true,"href":"https:\/\/portfolio.uqac.ca\/pascalfortin\/wp-json\/wp\/v2\/tags?post=4"}],"curies":[{"name":"wp","href":"https:\/\/api.w.org\/{rel}","templated":true}]}}