{"id":46,"date":"2022-12-21T09:25:17","date_gmt":"2022-12-21T14:25:17","guid":{"rendered":"http:\/\/portfolio-pre.uqac.ca\/gabarit\/?page_id=46"},"modified":"2023-03-10T09:06:39","modified_gmt":"2023-03-10T14:06:39","slug":"recherche","status":"publish","type":"page","link":"https:\/\/portfolio.uqac.ca\/pascalfortin\/recherche\/","title":{"rendered":"Recherche"},"content":{"rendered":"<p>Vous \u00eates \u00e0 la recherche d\u2019une exp\u00e9rience de recherche et ces projets vous int\u00e9ressent? Contactez-moi et on pourra discuter des opportunit\u00e9s.<\/p>\n<h4>2023 \u00e0 aujourd&#8217;hui (actif)<\/h4>\n<p><strong>Cybermalaises en r\u00e9alit\u00e9 virtuelle\u00a0: d\u00e9veloppement d\u2019outils facilitant l\u2019\u00e9tude des cybermalaises<\/strong><\/p>\n<ul>\n<li><strong>R\u00e9sum\u00e9 :\u00a0<\/strong>Une tr\u00e8s grande proportion des utilisateurs de technologies de r\u00e9alit\u00e9 virtuelle (RV) font l\u2019exp\u00e9rience de sympt\u00f4mes d\u00e9sagr\u00e9ables tels que des naus\u00e9es, \u00e9tourdissements et autres malaises lorsqu\u2019ils interagissent avec des environnements immersifs. Cela a n\u00e9cessairement comme cons\u00e9quence une r\u00e9duction de la qualit\u00e9 de l\u2019exp\u00e9rience utilisateur, une r\u00e9ticence \u00e0 utiliser la RV dans le futur, et ultimement ces exp\u00e9riences n\u00e9gatives nuisent \u00e0 l\u2019adoption des technologies de r\u00e9alit\u00e9 virtuelle.<\/li>\n<\/ul>\n<p>Ce projet s\u2019int\u00e9resse sp\u00e9cifiquement \u00e0 la conception et l\u2019\u00e9valuation d\u2019outils permettant de faciliter l\u2019\u00e9tude et d\u2019approfondir notre compr\u00e9hension des manifestations des cybermalaises chez les utilisateurs de RV.<\/p>\n<ul>\n<li><strong>Mots-cl\u00e9s\u00a0<\/strong>: r\u00e9alit\u00e9 virtuelle, cybermalaise, interactions humain-machine<\/li>\n<\/ul>\n<h4>2023\u00a0\u00e0 aujourd&#8217;hui (actif)<\/h4>\n<p><strong>Cybermalaises en r\u00e9alit\u00e9 virtuelle\u00a0: d\u00e9veloppement de techniques d\u2019interaction permettant d\u2019att\u00e9nuer l\u2019intensit\u00e9 des sympt\u00f4mes de cybermalaise<\/strong><\/p>\n<ul>\n<li><strong>R\u00e9sum\u00e9<\/strong>\u00a0: Une tr\u00e8s grande proportion des utilisateurs de technologies de r\u00e9alit\u00e9 virtuelle (RV) font l\u2019exp\u00e9rience de sympt\u00f4mes d\u00e9sagr\u00e9ables tels que des naus\u00e9es, \u00e9tourdissements et autres malaises lorsqu\u2019ils interagissent avec des environnements immersifs. Cela a n\u00e9cessairement comme cons\u00e9quence une r\u00e9duction de la qualit\u00e9 de l\u2019exp\u00e9rience utilisateur, une r\u00e9ticence \u00e0 utiliser la RV dans le futur, et ultimement ces exp\u00e9riences n\u00e9gatives nuisent \u00e0 l\u2019adoption des technologies de r\u00e9alit\u00e9 virtuelle.<\/li>\n<\/ul>\n<p>Ce projet s\u2019int\u00e9resse sp\u00e9cifiquement \u00e0 la conception et l\u2019\u00e9valuation de techniques d\u2019interaction multimodales (combinant plusieurs modalit\u00e9s sensorielles) permettant d\u2019att\u00e9nuer l\u2019intensit\u00e9 de sympt\u00f4mes n\u00e9gatifs associ\u00e9s au cybermalaise et de r\u00e9duire la probabilit\u00e9 d\u2019en faire l\u2019exp\u00e9rience.<\/p>\n<ul>\n<li><strong>Mots-cl\u00e9s\u00a0<\/strong>: r\u00e9alit\u00e9 virtuelle, cybermalaise, interactions multimodales, interactions physiologiques, haptique<\/li>\n<\/ul>\n<h4>2023\u00a0\u00e0 aujourd&#8217;hui (actif)<\/h4>\n<p><strong>Assistants intelligents tactiles\u00a0: exploration des opportunit\u00e9s d\u2019enrichissement des interactions vocales \u00e0 l\u2019aide de technologies tactiles<\/strong><\/p>\n<ul>\n<li><strong>R\u00e9sum\u00e9<\/strong>\u00a0: Nos exp\u00e9riences avec les assistants intelligents se limitent actuellement \u00e0 des interactions textuelles (chatbot, chatGPT, etc.) et vocales (google Home, Siri, Alexa, etc.). Bien que celles-ci permettent de r\u00e9pondre \u00e0 quelques-uns de nos besoins fonctionnels tels que de r\u00e9pondre \u00e0 des questions ou lancer un lecteur de musique, les \u00e9changes restent tr\u00e8s limit\u00e9s d\u2019un point de vue de la richesse de la communication. De plus, les interactions vocales sont plus ou moins accessibles aux personnes sourdes, devenues sourdes ou malentendantes.<strong>\u00a0<\/strong><\/li>\n<\/ul>\n<p>Ce projet s\u2019int\u00e9resse \u00e0 l\u2019exploration des possibilit\u00e9s en ce qui concerne l\u2019utilisation du sens du toucher dans un contexte d\u2019interactions avec des assistants intelligents. Par exemple, est-il possible de rendre un assistant vocal plus intelligible en venant pr\u00e9senter une trame tactile simultan\u00e9ment \u00e0 la voix de l\u2019assistant via une montre intelligente? Peut-on modifier la mani\u00e8re dont un utilisateur per\u00e7oit la personnalit\u00e9 d\u2019un assistant intelligent en venant y ajouter une composante tactile? Comment utiliser le sens du toucher dans les interactions avec des assistants intelligents?<\/p>\n<ul>\n<li><strong>Mots-cl\u00e9s\u00a0<\/strong>: accessibilit\u00e9, assistant intelligent, interactions multimodales, interactions audio-haptiques<\/li>\n<\/ul>\n","protected":false},"excerpt":{"rendered":"<p>Vous \u00eates \u00e0 la recherche d\u2019une exp\u00e9rience de recherche et ces projets vous int\u00e9ressent? Contactez-moi et on pourra discuter des opportunit\u00e9s. 2023 \u00e0 aujourd&#8217;hui (actif) Cybermalaises en r\u00e9alit\u00e9 virtuelle\u00a0: d\u00e9veloppement d\u2019outils facilitant l\u2019\u00e9tude des cybermalaises R\u00e9sum\u00e9 :\u00a0Une tr\u00e8s grande proportion des utilisateurs de technologies de r\u00e9alit\u00e9 virtuelle (RV) font l\u2019exp\u00e9rience de sympt\u00f4mes d\u00e9sagr\u00e9ables tels que &hellip; <a href=\"https:\/\/portfolio.uqac.ca\/pascalfortin\/recherche\/\" class=\"more-link\">Continuer la lecture de <span class=\"screen-reader-text\">Recherche<\/span>  <span class=\"meta-nav\">&rarr;<\/span><\/a><\/p>\n","protected":false},"author":89,"featured_media":0,"parent":0,"menu_order":0,"comment_status":"closed","ping_status":"closed","template":"","meta":{"footnotes":""},"tags":[],"_links":{"self":[{"href":"https:\/\/portfolio.uqac.ca\/pascalfortin\/wp-json\/wp\/v2\/pages\/46"}],"collection":[{"href":"https:\/\/portfolio.uqac.ca\/pascalfortin\/wp-json\/wp\/v2\/pages"}],"about":[{"href":"https:\/\/portfolio.uqac.ca\/pascalfortin\/wp-json\/wp\/v2\/types\/page"}],"author":[{"embeddable":true,"href":"https:\/\/portfolio.uqac.ca\/pascalfortin\/wp-json\/wp\/v2\/users\/89"}],"replies":[{"embeddable":true,"href":"https:\/\/portfolio.uqac.ca\/pascalfortin\/wp-json\/wp\/v2\/comments?post=46"}],"version-history":[{"count":10,"href":"https:\/\/portfolio.uqac.ca\/pascalfortin\/wp-json\/wp\/v2\/pages\/46\/revisions"}],"predecessor-version":[{"id":214,"href":"https:\/\/portfolio.uqac.ca\/pascalfortin\/wp-json\/wp\/v2\/pages\/46\/revisions\/214"}],"wp:attachment":[{"href":"https:\/\/portfolio.uqac.ca\/pascalfortin\/wp-json\/wp\/v2\/media?parent=46"}],"wp:term":[{"taxonomy":"post_tag","embeddable":true,"href":"https:\/\/portfolio.uqac.ca\/pascalfortin\/wp-json\/wp\/v2\/tags?post=46"}],"curies":[{"name":"wp","href":"https:\/\/api.w.org\/{rel}","templated":true}]}}