{"id":20,"date":"2012-07-23T20:20:59","date_gmt":"2012-07-23T20:20:59","guid":{"rendered":"http:\/\/portfolio-pre.uqac.ca\/gabarit\/?page_id=20"},"modified":"2025-10-23T10:02:17","modified_gmt":"2025-10-23T14:02:17","slug":"publications","status":"publish","type":"page","link":"https:\/\/portfolio.uqac.ca\/pascalsirois\/publications\/","title":{"rendered":"Publications choisies"},"content":{"rendered":"<p><strong>Br\u00fbl\u00e9 C<\/strong>, Leclerc V, Nadeau V, April J, <strong>Sirois P<\/strong> (2025) Scalimetry and otolith chemistry confirm the occurrence of a migratory contingent of estuary-growth Atlantic salmon (<em>Salmo salar<\/em>) in Ungava Bay (Nunavik, Quebec). <em>ICES Journal of Marine Science<\/em> 82, fsaf087, <a href=\"https:\/\/doi.org\/10.1093\/icesjms\/fsaf087\" data-google-interstitial=\"false\">https:\/\/doi.org\/10.1093\/icesjms\/fsaf087<\/a><\/p>\n<p><strong>Gauthier C<\/strong>, Fisher JAD, Robert D, <strong>Sirois P<\/strong> (2024) Otoliths as chemical archives through ontogeny reveal distinct migratory strategies of Atlantic halibut within the Gulf of St. Lawrence. <em>ICES Journal of Marine Science<\/em> 81, 1221-1233, <a href=\"https:\/\/doi.org\/10.1093\/icesjms\/fsae081\" data-google-interstitial=\"false\">https:\/\/doi.org\/10.1093\/icesjms\/fsae081<\/a><em><strong> **Palmar\u00e8s des dix d\u00e9couvertes de l&#8217;ann\u00e9e de Qu\u00e9bec Science**<\/strong><\/em><\/p>\n<p>Robert D, Shoji J, <strong>Sirois P<\/strong>, Takasuka A et coll. (2023) Life in the fast lane: Revisiting the fast growth\u2014High survival paradigm during the early life stages of fishes. <em>Fish and Fisheries<\/em> 24, 863-888, <a href=\"https:\/\/doi.org\/10.1111\/faf.12774\">https:\/\/doi.org\/10.1111\/faf.12774<\/a><\/p>\n<p><strong>Coussau L<\/strong>, Robert D, <strong>Sirois P<\/strong> (2023) Spatiotemporal variability in otolith elemental fingerprint and the potential to determine deepwater redfish (<em>Sebastes mentella<\/em>) origins and migrations in the Estuary and Gulf of St. Lawrence, Canada. <em>Fisheries Research<\/em> 265, 106739, <a href=\"https:\/\/doi.org\/10.1016\/j.fishres.2023.106739\">https:\/\/doi.org\/10.1016\/j.fishres.2023.106739<\/a><\/p>\n<p><strong>Peres HA<\/strong>, Robert D, Mainguy J, <strong>Sirois P<\/strong> (2022) Interannual variability in size-selective winter mortality of young-of-the-year striped bass. <em>ICES Journal of Marine Science<\/em> 79, 1614-1623, <a href=\"https:\/\/doi.org\/10.1093\/icesjms\/fsac100\">https:\/\/doi.org\/10.1093\/icesjms\/fsac100<\/a><\/p>\n<p>Morissette O, <strong>Sirois P<\/strong> (2021) Flowing down the river: Influence of hydrology on scale and accuracy of elemental composition classification in a large fluvial ecosystem. <em>Science of The Total Environment<\/em> 760, 143320, <a href=\"https:\/\/doi.org\/10.1016\/j.scitotenv.2020.143320\">https:\/\/doi.org\/10.1016\/j.scitotenv.2020.143320<\/a><\/p>\n<p><strong>Morissette O<\/strong>, Bernatchez L, Wiedenbeck M, <strong>Sirois P<\/strong> (2020) Deciphering lifelong thermal niche using otolith \u03b4<sup>18<\/sup>O thermometry within supplemented lake trout (<em>Salvelinus namaycush<\/em>) populations. <em>Freshwater Biology <\/em>65, 1114-1127, <a href=\"https:\/\/doi.org\/10.1111\/fwb.13497\">https:\/\/doi.org\/10.1111\/fwb.13497<\/a><\/p>\n<p><strong>Vanalderweireldt L<\/strong>, Winkler G, Mingelbier M,\u00a0<strong>Sirois P<\/strong> (2019) Early growth, mortality, and partial migration of striped bass (<em>Morone saxatilis<\/em>) larvae and juveniles in the St. Lawrence estuary, Canada. <em>ICES Journal of Marine Science<\/em> 76, 2235-2246, <a href=\"https:\/\/doi.org\/10.1093\/icesjms\/fsz116\">https:\/\/doi.org\/10.1093\/icesjms\/fsz116<\/a><\/p>\n<p><strong>Lazartigues AV<\/strong>, <strong>Girard C<\/strong>, Brodeur P, Lecomte F, Mingelbier M, <strong>Sirois P<\/strong> (2018) Otolith microchemistry to identify sources of larval yellow perch in a fluvial lake: an approach towards freshwater fish management. <em>Canadian Journal of Fisheries and Aquatic Sciences<\/em> 75, 474-487, <a href=\"https:\/\/doi.org\/10.1139\/cjfas-2016-0289\">https:\/\/doi.org\/10.1139\/cjfas-2016-0289<\/a><\/p>\n","protected":false},"excerpt":{"rendered":"<p>Br\u00fbl\u00e9 C, Leclerc V, Nadeau V, April J, Sirois P (2025) Scalimetry and otolith chemistry confirm the occurrence of a migratory contingent of estuary-growth Atlantic salmon (Salmo salar) in Ungava Bay (Nunavik, Quebec). ICES Journal of Marine Science 82, fsaf087, https:\/\/doi.org\/10.1093\/icesjms\/fsaf087 Gauthier C, Fisher JAD, Robert D, Sirois P (2024) Otoliths as chemical archives through &hellip; <a href=\"https:\/\/portfolio.uqac.ca\/pascalsirois\/publications\/\" class=\"more-link\">Continuer la lecture de <span class=\"screen-reader-text\">Publications choisies<\/span>  <span class=\"meta-nav\">&rarr;<\/span><\/a><\/p>\n","protected":false},"author":205,"featured_media":0,"parent":0,"menu_order":0,"comment_status":"closed","ping_status":"closed","template":"","meta":{"footnotes":""},"tags":[],"_links":{"self":[{"href":"https:\/\/portfolio.uqac.ca\/pascalsirois\/wp-json\/wp\/v2\/pages\/20"}],"collection":[{"href":"https:\/\/portfolio.uqac.ca\/pascalsirois\/wp-json\/wp\/v2\/pages"}],"about":[{"href":"https:\/\/portfolio.uqac.ca\/pascalsirois\/wp-json\/wp\/v2\/types\/page"}],"author":[{"embeddable":true,"href":"https:\/\/portfolio.uqac.ca\/pascalsirois\/wp-json\/wp\/v2\/users\/205"}],"replies":[{"embeddable":true,"href":"https:\/\/portfolio.uqac.ca\/pascalsirois\/wp-json\/wp\/v2\/comments?post=20"}],"version-history":[{"count":28,"href":"https:\/\/portfolio.uqac.ca\/pascalsirois\/wp-json\/wp\/v2\/pages\/20\/revisions"}],"predecessor-version":[{"id":172,"href":"https:\/\/portfolio.uqac.ca\/pascalsirois\/wp-json\/wp\/v2\/pages\/20\/revisions\/172"}],"wp:attachment":[{"href":"https:\/\/portfolio.uqac.ca\/pascalsirois\/wp-json\/wp\/v2\/media?parent=20"}],"wp:term":[{"taxonomy":"post_tag","embeddable":true,"href":"https:\/\/portfolio.uqac.ca\/pascalsirois\/wp-json\/wp\/v2\/tags?post=20"}],"curies":[{"name":"wp","href":"https:\/\/api.w.org\/{rel}","templated":true}]}}