{"id":27,"date":"2012-07-24T12:57:18","date_gmt":"2012-07-24T12:57:18","guid":{"rendered":"http:\/\/portfolio-pre.uqac.ca\/gabarit\/?page_id=27"},"modified":"2014-10-09T10:17:02","modified_gmt":"2014-10-09T14:17:02","slug":"curriculum-vitae","status":"publish","type":"page","link":"https:\/\/portfolio.uqac.ca\/pascalsirois\/curriculum-vitae\/","title":{"rendered":"Formation acad\u00e9mique"},"content":{"rendered":"<ul>\n<li>\u00c9tudes post-doctorales en oc\u00e9anographie \u00e0 l&#8217;Universit\u00e9 Laval;<\/li>\n<\/ul>\n<ul>\n<li>Ph. D. en biologie (Universit\u00e9 Laval);<\/li>\n<\/ul>\n<ul>\n<li>M. Sc. en sciences biologiques (Universit\u00e9 de Montr\u00e9al);<\/li>\n<\/ul>\n<ul>\n<li>B. Sc. en sciences biologiques (Universit\u00e9 de Montr\u00e9al).<\/li>\n<\/ul>\n","protected":false},"excerpt":{"rendered":"<p>\u00c9tudes post-doctorales en oc\u00e9anographie \u00e0 l&#8217;Universit\u00e9 Laval; Ph. D. en biologie (Universit\u00e9 Laval); M. Sc. en sciences biologiques (Universit\u00e9 de Montr\u00e9al); B. Sc. en sciences biologiques (Universit\u00e9 de Montr\u00e9al).<\/p>\n","protected":false},"author":205,"featured_media":0,"parent":0,"menu_order":0,"comment_status":"closed","ping_status":"closed","template":"","meta":{"footnotes":""},"tags":[],"_links":{"self":[{"href":"https:\/\/portfolio.uqac.ca\/pascalsirois\/wp-json\/wp\/v2\/pages\/27"}],"collection":[{"href":"https:\/\/portfolio.uqac.ca\/pascalsirois\/wp-json\/wp\/v2\/pages"}],"about":[{"href":"https:\/\/portfolio.uqac.ca\/pascalsirois\/wp-json\/wp\/v2\/types\/page"}],"author":[{"embeddable":true,"href":"https:\/\/portfolio.uqac.ca\/pascalsirois\/wp-json\/wp\/v2\/users\/205"}],"replies":[{"embeddable":true,"href":"https:\/\/portfolio.uqac.ca\/pascalsirois\/wp-json\/wp\/v2\/comments?post=27"}],"version-history":[{"count":6,"href":"https:\/\/portfolio.uqac.ca\/pascalsirois\/wp-json\/wp\/v2\/pages\/27\/revisions"}],"predecessor-version":[{"id":92,"href":"https:\/\/portfolio.uqac.ca\/pascalsirois\/wp-json\/wp\/v2\/pages\/27\/revisions\/92"}],"wp:attachment":[{"href":"https:\/\/portfolio.uqac.ca\/pascalsirois\/wp-json\/wp\/v2\/media?parent=27"}],"wp:term":[{"taxonomy":"post_tag","embeddable":true,"href":"https:\/\/portfolio.uqac.ca\/pascalsirois\/wp-json\/wp\/v2\/tags?post=27"}],"curies":[{"name":"wp","href":"https:\/\/api.w.org\/{rel}","templated":true}]}}