{"id":4,"date":"2012-07-23T17:46:31","date_gmt":"2012-07-23T21:46:31","guid":{"rendered":"http:\/\/portfolio-pre.uqac.ca\/gabarit\/?page_id=4"},"modified":"2022-01-27T21:43:23","modified_gmt":"2022-01-28T02:43:23","slug":"presentatio","status":"publish","type":"page","link":"https:\/\/portfolio.uqac.ca\/pascalsirois\/","title":{"rendered":"Pr\u00e9sentation"},"content":{"rendered":"<h2>Pascal Sirois<\/h2>\n<p>Professeur titulaire au d\u00e9partement des sciences fondamentales<\/p>\n<p>Directeur de la Chaire de recherche sur les esp\u00e8ces aquatiques exploit\u00e9es<\/p>\n<h2>Champs d&#8217;int\u00e9r\u00eat<\/h2>\n<ul>\n<li>\u00c9cologie des poissons;<\/li>\n<li>Scl\u00e9rochronologie et scl\u00e9rochimie;<\/li>\n<li>Gestion des ressources halieutiques.<\/li>\n<\/ul>\n","protected":false},"excerpt":{"rendered":"<p>Pascal Sirois Professeur titulaire au d\u00e9partement des sciences fondamentales Directeur de la Chaire de recherche sur les esp\u00e8ces aquatiques exploit\u00e9es Champs d&#8217;int\u00e9r\u00eat \u00c9cologie des poissons; Scl\u00e9rochronologie et scl\u00e9rochimie; Gestion des ressources halieutiques.<\/p>\n","protected":false},"author":205,"featured_media":0,"parent":0,"menu_order":0,"comment_status":"closed","ping_status":"closed","template":"","meta":{"footnotes":""},"tags":[6,8],"_links":{"self":[{"href":"https:\/\/portfolio.uqac.ca\/pascalsirois\/wp-json\/wp\/v2\/pages\/4"}],"collection":[{"href":"https:\/\/portfolio.uqac.ca\/pascalsirois\/wp-json\/wp\/v2\/pages"}],"about":[{"href":"https:\/\/portfolio.uqac.ca\/pascalsirois\/wp-json\/wp\/v2\/types\/page"}],"author":[{"embeddable":true,"href":"https:\/\/portfolio.uqac.ca\/pascalsirois\/wp-json\/wp\/v2\/users\/205"}],"replies":[{"embeddable":true,"href":"https:\/\/portfolio.uqac.ca\/pascalsirois\/wp-json\/wp\/v2\/comments?post=4"}],"version-history":[{"count":19,"href":"https:\/\/portfolio.uqac.ca\/pascalsirois\/wp-json\/wp\/v2\/pages\/4\/revisions"}],"predecessor-version":[{"id":117,"href":"https:\/\/portfolio.uqac.ca\/pascalsirois\/wp-json\/wp\/v2\/pages\/4\/revisions\/117"}],"wp:attachment":[{"href":"https:\/\/portfolio.uqac.ca\/pascalsirois\/wp-json\/wp\/v2\/media?parent=4"}],"wp:term":[{"taxonomy":"post_tag","embeddable":true,"href":"https:\/\/portfolio.uqac.ca\/pascalsirois\/wp-json\/wp\/v2\/tags?post=4"}],"curies":[{"name":"wp","href":"https:\/\/api.w.org\/{rel}","templated":true}]}}