{"id":46,"date":"2012-07-24T14:17:13","date_gmt":"2012-07-24T14:17:13","guid":{"rendered":"http:\/\/portfolio-pre.uqac.ca\/gabarit\/?page_id=46"},"modified":"2022-01-27T21:20:01","modified_gmt":"2022-01-28T02:20:01","slug":"recherche","status":"publish","type":"page","link":"https:\/\/portfolio.uqac.ca\/pascalsirois\/recherche\/","title":{"rendered":"Th\u00e8mes de recherche"},"content":{"rendered":"<ul>\n<li>Th\u00e9orie du recrutement chez les poissons d&#8217;eau douce, estuariens et marins;<\/li>\n<\/ul>\n<ul>\n<li>\u00c9cologie des jeunes stades de vie des poissons;<\/li>\n<\/ul>\n<ul>\n<li>Trophodynamisme;<\/li>\n<\/ul>\n<ul>\n<li>Origine, migration et connectivit\u00e9 des populations de poissons par la chimie de otolithes;<\/li>\n<\/ul>\n<ul>\n<li>Gestion pr\u00e9dictive des stocks de poissons exploit\u00e9s et par la p\u00eache r\u00e9cr\u00e9ative.<\/li>\n<\/ul>\n","protected":false},"excerpt":{"rendered":"<p>Th\u00e9orie du recrutement chez les poissons d&#8217;eau douce, estuariens et marins; \u00c9cologie des jeunes stades de vie des poissons; Trophodynamisme; Origine, migration et connectivit\u00e9 des populations de poissons par la chimie de otolithes; Gestion pr\u00e9dictive des stocks de poissons exploit\u00e9s et par la p\u00eache r\u00e9cr\u00e9ative.<\/p>\n","protected":false},"author":205,"featured_media":0,"parent":0,"menu_order":0,"comment_status":"closed","ping_status":"closed","template":"","meta":{"footnotes":""},"tags":[],"_links":{"self":[{"href":"https:\/\/portfolio.uqac.ca\/pascalsirois\/wp-json\/wp\/v2\/pages\/46"}],"collection":[{"href":"https:\/\/portfolio.uqac.ca\/pascalsirois\/wp-json\/wp\/v2\/pages"}],"about":[{"href":"https:\/\/portfolio.uqac.ca\/pascalsirois\/wp-json\/wp\/v2\/types\/page"}],"author":[{"embeddable":true,"href":"https:\/\/portfolio.uqac.ca\/pascalsirois\/wp-json\/wp\/v2\/users\/205"}],"replies":[{"embeddable":true,"href":"https:\/\/portfolio.uqac.ca\/pascalsirois\/wp-json\/wp\/v2\/comments?post=46"}],"version-history":[{"count":6,"href":"https:\/\/portfolio.uqac.ca\/pascalsirois\/wp-json\/wp\/v2\/pages\/46\/revisions"}],"predecessor-version":[{"id":106,"href":"https:\/\/portfolio.uqac.ca\/pascalsirois\/wp-json\/wp\/v2\/pages\/46\/revisions\/106"}],"wp:attachment":[{"href":"https:\/\/portfolio.uqac.ca\/pascalsirois\/wp-json\/wp\/v2\/media?parent=46"}],"wp:term":[{"taxonomy":"post_tag","embeddable":true,"href":"https:\/\/portfolio.uqac.ca\/pascalsirois\/wp-json\/wp\/v2\/tags?post=46"}],"curies":[{"name":"wp","href":"https:\/\/api.w.org\/{rel}","templated":true}]}}