{"id":128,"date":"2024-09-18T14:51:09","date_gmt":"2024-09-18T18:51:09","guid":{"rendered":"http:\/\/www.uqac.ca\/portfolio\/gabarit\/?page_id=4"},"modified":"2024-09-18T14:51:09","modified_gmt":"2024-09-18T18:51:09","slug":"presentatio","status":"publish","type":"page","link":"https:\/\/portfolio.uqac.ca\/patriciablanchette\/","title":{"rendered":"Pr\u00e9sentation"},"content":{"rendered":"<h2>Patricia Blanchette<\/h2>\n<p>Professeure au D\u00e9partement des\u00a0sciences de la sant\u00e9<br \/>\nModule des sciences infirmi\u00e8res<\/p>\n<p>Je suis professeure r\u00e9guli\u00e8re en sciences infirmi\u00e8res depuis d\u00e9cembre 2023. Auparavant, j\u2019ai \u00e9t\u00e9 enseignante au c\u00e9gep de Chicoutimi, ainsi que superviseure, charg\u00e9e de cours et professeure invit\u00e9e en pr\u00eat de services pour l\u2019UQAC. \u00c0 travers ces fonctions, j\u2019ai eu la chance de c\u00f4toyer des personnes impliqu\u00e9es dans la formation de la rel\u00e8ve infirmi\u00e8re, issues de nombreux milieux cliniques au CIUSSS Saguenay-Lac-Saint-Jean (SLSJ) et ce, dans ses diff\u00e9rentes installations.<\/p>\n<p>Infirmi\u00e8re depuis 2003, j\u2019ai exerc\u00e9 au Centre Hospitalier Universitaire Vaudois en Suisse et au CIUSSS SLSJ. Mon expertise clinique est vari\u00e9e et se situe principalement en cardiologie, chirurgie cardiovasculaire et thoracique ainsi qu\u2019en traumatologie et orthop\u00e9die.<\/p>\n<p>J\u2019ai compl\u00e9t\u00e9 un doctorat Recherche en sciences de la sant\u00e9, avec concentration en sciences infirmi\u00e8res de l\u2019Universit\u00e9 de Sherbrooke en 2023. Mon projet doctoral visait \u00e0 \u00ab\u00a0Explorer le processus mis en place dans des programmes professionnalisants en sciences de la sant\u00e9 pour la r\u00e9alisation de l\u2019\u00e9valuation de la performance de stagiaires bas\u00e9e sur des observations rapport\u00e9es\u00a0\u00bb. Ma programmation de recherche vise \u00e0 promouvoir la formation de professionnels de la sant\u00e9 comp\u00e9tents. Par mes projets de recherche je souhaite mieux soutenir les pratiques des personnes impliqu\u00e9es dans l\u2019\u00e9valuation de la performance de stagiaires de programmes professionnalisants en sant\u00e9.<\/p>\n<p>&nbsp;<\/p>\n<p><a href=\"https:\/\/www.linkedin.com\/in\/patricia-blanchette-a31175255\/\">https:\/\/www.linkedin.com\/in\/patricia-blanchette-a31175255\/<\/a><\/p>\n<h2>Champs d&#8217;int\u00e9r\u00eat<\/h2>\n<ul>\n<li>Supervision clinique<\/li>\n<li>P\u00e9dagogie des sciences de la sant\u00e9<\/li>\n<li>\u00c9valuation des apprentissages<\/li>\n<li>Transfert de connaissances<\/li>\n<\/ul>\n","protected":false},"excerpt":{"rendered":"<p>Patricia Blanchette Professeure au D\u00e9partement des\u00a0sciences de la sant\u00e9 Module des sciences infirmi\u00e8res Je suis professeure r\u00e9guli\u00e8re en sciences infirmi\u00e8res depuis d\u00e9cembre 2023. Auparavant, j\u2019ai \u00e9t\u00e9 enseignante au c\u00e9gep de Chicoutimi, ainsi que superviseure, charg\u00e9e de cours et professeure invit\u00e9e en pr\u00eat de services pour l\u2019UQAC. \u00c0 travers ces fonctions, j\u2019ai eu la chance de &hellip; <a href=\"https:\/\/portfolio.uqac.ca\/patriciablanchette\/\" class=\"more-link\">Continuer la lecture de <span class=\"screen-reader-text\">Pr\u00e9sentation<\/span>  <span class=\"meta-nav\">&rarr;<\/span><\/a><\/p>\n","protected":false},"author":89,"featured_media":0,"parent":0,"menu_order":0,"comment_status":"closed","ping_status":"closed","template":"","meta":{"footnotes":""},"tags":[],"_links":{"self":[{"href":"https:\/\/portfolio.uqac.ca\/patriciablanchette\/wp-json\/wp\/v2\/pages\/128"}],"collection":[{"href":"https:\/\/portfolio.uqac.ca\/patriciablanchette\/wp-json\/wp\/v2\/pages"}],"about":[{"href":"https:\/\/portfolio.uqac.ca\/patriciablanchette\/wp-json\/wp\/v2\/types\/page"}],"author":[{"embeddable":true,"href":"https:\/\/portfolio.uqac.ca\/patriciablanchette\/wp-json\/wp\/v2\/users\/89"}],"replies":[{"embeddable":true,"href":"https:\/\/portfolio.uqac.ca\/patriciablanchette\/wp-json\/wp\/v2\/comments?post=128"}],"version-history":[{"count":0,"href":"https:\/\/portfolio.uqac.ca\/patriciablanchette\/wp-json\/wp\/v2\/pages\/128\/revisions"}],"wp:attachment":[{"href":"https:\/\/portfolio.uqac.ca\/patriciablanchette\/wp-json\/wp\/v2\/media?parent=128"}],"wp:term":[{"taxonomy":"post_tag","embeddable":true,"href":"https:\/\/portfolio.uqac.ca\/patriciablanchette\/wp-json\/wp\/v2\/tags?post=128"}],"curies":[{"name":"wp","href":"https:\/\/api.w.org\/{rel}","templated":true}]}}