{"id":25,"date":"2024-09-18T14:51:09","date_gmt":"2024-09-18T18:51:09","guid":{"rendered":"http:\/\/www.uqac.ca\/portfolio\/gabarit\/?page_id=25"},"modified":"2024-09-18T14:51:09","modified_gmt":"2024-09-18T18:51:09","slug":"communications","status":"publish","type":"page","link":"https:\/\/portfolio.uqac.ca\/patriciablanchette\/communications\/","title":{"rendered":"Communications"},"content":{"rendered":"<ul>\n<li>Blanchette, Patricia. (2024). L\u2019\u00e9valuation de la performance de stagiaires de programmes professionnalisants en sant\u00e9 : l\u2019importance de l\u2019apport du professionnel sur le terrain. La semaine des superviseurs du CIUSSS Saguenay-Lac-Saint-Jean, Saguenay, pr\u00e9sentation orale, \u00e0 distance.<\/li>\n<li>Blanchette, Patricia St-Onge, Christina Poitras, Marie-Eve. (2022). Assessing health profession education trainees using reported observations : A scoping review. La conf\u00e9rence canadienne en \u00e9ducation m\u00e9dicale, Calgary, Pr\u00e9sentation par affiche, \u00e0 distance.<\/li>\n<li>Blanchette, Patricia Chakroun, Molk Bergeron, Linda St-Onge, Christina. (2021). Portrait de narratifs \u00e9crits par des mentors en m\u00e9decine lors d\u2019un cours pr\u00e9alable \u00e0 l\u2019externat : description et association avec les r\u00e9sultats finaux.42e session d\u2019\u00e9tudes de l\u2019ADMEE-Canada, Mont St-Hilaire, pr\u00e9sentation orale, \u00e0 distance.<\/li>\n<li>L\u2019\u00e9valuation de la performance des apprenants effectu\u00e9e par de tierces personnes et document\u00e9e en stage de programmes professionnalisants en sant\u00e9 : une \u00e9tude de port\u00e9e (2021). 88e Congr\u00e8s de l\u2019Acfas, Sherbrooke, pr\u00e9sentation orale, \u00e0 distance.<\/li>\n<\/ul>\n","protected":false},"excerpt":{"rendered":"<p>Blanchette, Patricia. (2024). L\u2019\u00e9valuation de la performance de stagiaires de programmes professionnalisants en sant\u00e9 : l\u2019importance de l\u2019apport du professionnel sur le terrain. La semaine des superviseurs du CIUSSS Saguenay-Lac-Saint-Jean, Saguenay, pr\u00e9sentation orale, \u00e0 distance. Blanchette, Patricia St-Onge, Christina Poitras, Marie-Eve. (2022). Assessing health profession education trainees using reported observations : A scoping review. La &hellip; <a href=\"https:\/\/portfolio.uqac.ca\/patriciablanchette\/communications\/\" class=\"more-link\">Continuer la lecture de <span class=\"screen-reader-text\">Communications<\/span>  <span class=\"meta-nav\">&rarr;<\/span><\/a><\/p>\n","protected":false},"author":89,"featured_media":0,"parent":0,"menu_order":0,"comment_status":"closed","ping_status":"closed","template":"","meta":{"footnotes":""},"tags":[],"_links":{"self":[{"href":"https:\/\/portfolio.uqac.ca\/patriciablanchette\/wp-json\/wp\/v2\/pages\/25"}],"collection":[{"href":"https:\/\/portfolio.uqac.ca\/patriciablanchette\/wp-json\/wp\/v2\/pages"}],"about":[{"href":"https:\/\/portfolio.uqac.ca\/patriciablanchette\/wp-json\/wp\/v2\/types\/page"}],"author":[{"embeddable":true,"href":"https:\/\/portfolio.uqac.ca\/patriciablanchette\/wp-json\/wp\/v2\/users\/89"}],"replies":[{"embeddable":true,"href":"https:\/\/portfolio.uqac.ca\/patriciablanchette\/wp-json\/wp\/v2\/comments?post=25"}],"version-history":[{"count":0,"href":"https:\/\/portfolio.uqac.ca\/patriciablanchette\/wp-json\/wp\/v2\/pages\/25\/revisions"}],"wp:attachment":[{"href":"https:\/\/portfolio.uqac.ca\/patriciablanchette\/wp-json\/wp\/v2\/media?parent=25"}],"wp:term":[{"taxonomy":"post_tag","embeddable":true,"href":"https:\/\/portfolio.uqac.ca\/patriciablanchette\/wp-json\/wp\/v2\/tags?post=25"}],"curies":[{"name":"wp","href":"https:\/\/api.w.org\/{rel}","templated":true}]}}