{"id":27,"date":"2024-09-18T14:51:09","date_gmt":"2024-09-18T18:51:09","guid":{"rendered":"http:\/\/www.uqac.ca\/portfolio\/gabarit\/?page_id=27"},"modified":"2024-09-18T14:51:09","modified_gmt":"2024-09-18T18:51:09","slug":"curriculum-vitae","status":"publish","type":"page","link":"https:\/\/portfolio.uqac.ca\/patriciablanchette\/curriculum-vitae\/","title":{"rendered":"Curriculum vitae"},"content":{"rendered":"<h2><strong>Dipl\u00f4mes<\/strong><\/h2>\n<ul>\n<li>Doctorat Recherche en sciences de la sant\u00e9 avec concentration en sciences infirmi\u00e8res (Universit\u00e9 de Sherbrooke, 2023)<\/li>\n<li>Ma\u00eetrise en sciences infirmi\u00e8res (UQAC, 2017)<\/li>\n<\/ul>\n<h2><strong>Distinctions et bourses<br \/>\n<\/strong><\/h2>\n<ul>\n<li>Bourse doctorale MEES-Universit\u00e9 (2019-2020; renouvellements 2020-2021 et 2021-2022)<\/li>\n<li>Compl\u00e9ment de bourse du RRISIQ (2020-2021 et 2021-2022)<\/li>\n<li>Bourse d\u2019excellence \u00e9tudiant au doctorat GRQV-RGPV (2018-2019; 2019-2020; 2020-2021; 2021-2022)<\/li>\n<\/ul>\n<h2><strong>Affiliations professionnelles<\/strong><\/h2>\n<ul>\n<li>Infirmi\u00e8re clinicienne<\/li>\n<\/ul>\n<h2><\/h2>\n","protected":false},"excerpt":{"rendered":"<p>Dipl\u00f4mes Doctorat Recherche en sciences de la sant\u00e9 avec concentration en sciences infirmi\u00e8res (Universit\u00e9 de Sherbrooke, 2023) Ma\u00eetrise en sciences infirmi\u00e8res (UQAC, 2017) Distinctions et bourses Bourse doctorale MEES-Universit\u00e9 (2019-2020; renouvellements 2020-2021 et 2021-2022) Compl\u00e9ment de bourse du RRISIQ (2020-2021 et 2021-2022) Bourse d\u2019excellence \u00e9tudiant au doctorat GRQV-RGPV (2018-2019; 2019-2020; 2020-2021; 2021-2022) Affiliations professionnelles Infirmi\u00e8re &hellip; <a href=\"https:\/\/portfolio.uqac.ca\/patriciablanchette\/curriculum-vitae\/\" class=\"more-link\">Continuer la lecture de <span class=\"screen-reader-text\">Curriculum vitae<\/span>  <span class=\"meta-nav\">&rarr;<\/span><\/a><\/p>\n","protected":false},"author":89,"featured_media":0,"parent":0,"menu_order":0,"comment_status":"closed","ping_status":"closed","template":"","meta":{"footnotes":""},"tags":[],"_links":{"self":[{"href":"https:\/\/portfolio.uqac.ca\/patriciablanchette\/wp-json\/wp\/v2\/pages\/27"}],"collection":[{"href":"https:\/\/portfolio.uqac.ca\/patriciablanchette\/wp-json\/wp\/v2\/pages"}],"about":[{"href":"https:\/\/portfolio.uqac.ca\/patriciablanchette\/wp-json\/wp\/v2\/types\/page"}],"author":[{"embeddable":true,"href":"https:\/\/portfolio.uqac.ca\/patriciablanchette\/wp-json\/wp\/v2\/users\/89"}],"replies":[{"embeddable":true,"href":"https:\/\/portfolio.uqac.ca\/patriciablanchette\/wp-json\/wp\/v2\/comments?post=27"}],"version-history":[{"count":0,"href":"https:\/\/portfolio.uqac.ca\/patriciablanchette\/wp-json\/wp\/v2\/pages\/27\/revisions"}],"wp:attachment":[{"href":"https:\/\/portfolio.uqac.ca\/patriciablanchette\/wp-json\/wp\/v2\/media?parent=27"}],"wp:term":[{"taxonomy":"post_tag","embeddable":true,"href":"https:\/\/portfolio.uqac.ca\/patriciablanchette\/wp-json\/wp\/v2\/tags?post=27"}],"curies":[{"name":"wp","href":"https:\/\/api.w.org\/{rel}","templated":true}]}}