{"id":18,"date":"2020-10-16T09:27:43","date_gmt":"2020-10-16T13:27:43","guid":{"rendered":"http:\/\/portfolio-pre.uqac.ca\/gabarit\/?page_id=18"},"modified":"2022-06-10T11:08:26","modified_gmt":"2022-06-10T15:08:26","slug":"enseignement","status":"publish","type":"page","link":"https:\/\/portfolio.uqac.ca\/patrickfaubert\/enseignement\/","title":{"rendered":"Enseignement"},"content":{"rendered":"<h1>Responsable du cours<\/h1>\n<ul>\n<li>\u00c9cophysiologie &#8211; <a href=\"https:\/\/cours.uqac.ca\/1BIO250\">1BIO250<\/a><\/li>\n<li><span style=\"line-height: 1.5\">\u00c9cologie humaine &#8211; <a href=\"https:\/\/cours.uqac.ca\/1BIO152\">1BIO152<\/a><\/span><\/li>\n<li><span style=\"line-height: 1.5\">L&#8217;environnement et sa chimie &#8211; <a href=\"https:\/\/cours.uqac.ca\/1CHM106\">1CHM106<\/a><\/span><\/li>\n<li>Environnement et sant\u00e9 publique &#8211; <a href=\"https:\/\/cours.uqac.ca\/1ECL101\">1ECL101<\/a><\/li>\n<li>\u00c9cotoxicologie &#8211; <a href=\"https:\/\/cours.uqac.ca\/1BIO156\">1BIO156<\/a><\/li>\n<\/ul>\n<h1>En \u00e9quipe<\/h1>\n<ul>\n<li><span style=\"line-height: 1.5\">Gestion des gaz \u00e0 effet de serre &#8211; <a href=\"https:\/\/cours.uqac.ca\/1ECC811\">1ECC811<\/a><\/span><\/li>\n<li>Nature et port\u00e9e des probl\u00e9matiques socio-\u00e9cologiques I &#8211; <a href=\"https:\/\/cours.uqac.ca\/1ECC813\">1ECC813<\/a><\/li>\n<li>Nature et port\u00e9e des probl\u00e9matiques socio-\u00e9cologiques II &#8211; <a href=\"https:\/\/cours.uqac.ca\/1ECC814\">1ECC814<\/a><\/li>\n<li>Intervention en \u00e9co-conseil &#8211; <a href=\"https:\/\/cours.uqac.ca\/1ECC825\">1ECC825<\/a><\/li>\n<\/ul>\n","protected":false},"excerpt":{"rendered":"<p>Responsable du cours \u00c9cophysiologie &#8211; 1BIO250 \u00c9cologie humaine &#8211; 1BIO152 L&#8217;environnement et sa chimie &#8211; 1CHM106 Environnement et sant\u00e9 publique &#8211; 1ECL101 \u00c9cotoxicologie &#8211; 1BIO156 En \u00e9quipe Gestion des gaz \u00e0 effet de serre &#8211; 1ECC811 Nature et port\u00e9e des probl\u00e9matiques socio-\u00e9cologiques I &#8211; 1ECC813 Nature et port\u00e9e des probl\u00e9matiques socio-\u00e9cologiques II &#8211; 1ECC814 Intervention &hellip; <a href=\"https:\/\/portfolio.uqac.ca\/patrickfaubert\/enseignement\/\" class=\"more-link\">Continuer la lecture de <span class=\"screen-reader-text\">Enseignement<\/span>  <span class=\"meta-nav\">&rarr;<\/span><\/a><\/p>\n","protected":false},"author":89,"featured_media":0,"parent":0,"menu_order":0,"comment_status":"closed","ping_status":"closed","template":"","meta":{"footnotes":""},"tags":[],"_links":{"self":[{"href":"https:\/\/portfolio.uqac.ca\/patrickfaubert\/wp-json\/wp\/v2\/pages\/18"}],"collection":[{"href":"https:\/\/portfolio.uqac.ca\/patrickfaubert\/wp-json\/wp\/v2\/pages"}],"about":[{"href":"https:\/\/portfolio.uqac.ca\/patrickfaubert\/wp-json\/wp\/v2\/types\/page"}],"author":[{"embeddable":true,"href":"https:\/\/portfolio.uqac.ca\/patrickfaubert\/wp-json\/wp\/v2\/users\/89"}],"replies":[{"embeddable":true,"href":"https:\/\/portfolio.uqac.ca\/patrickfaubert\/wp-json\/wp\/v2\/comments?post=18"}],"version-history":[{"count":8,"href":"https:\/\/portfolio.uqac.ca\/patrickfaubert\/wp-json\/wp\/v2\/pages\/18\/revisions"}],"predecessor-version":[{"id":245,"href":"https:\/\/portfolio.uqac.ca\/patrickfaubert\/wp-json\/wp\/v2\/pages\/18\/revisions\/245"}],"wp:attachment":[{"href":"https:\/\/portfolio.uqac.ca\/patrickfaubert\/wp-json\/wp\/v2\/media?parent=18"}],"wp:term":[{"taxonomy":"post_tag","embeddable":true,"href":"https:\/\/portfolio.uqac.ca\/patrickfaubert\/wp-json\/wp\/v2\/tags?post=18"}],"curies":[{"name":"wp","href":"https:\/\/api.w.org\/{rel}","templated":true}]}}