{"id":27,"date":"2020-10-16T09:27:43","date_gmt":"2020-10-16T13:27:43","guid":{"rendered":"http:\/\/portfolio-pre.uqac.ca\/gabarit\/?page_id=27"},"modified":"2021-02-19T19:22:46","modified_gmt":"2021-02-20T00:22:46","slug":"curriculum-vitae","status":"publish","type":"page","link":"https:\/\/portfolio.uqac.ca\/patrickfaubert\/curriculum-vitae\/","title":{"rendered":"Formation acad\u00e9mique"},"content":{"rendered":"<h1>\u00c9tudes postdoctorales<\/h1>\n<p><a href=\"https:\/\/ecoconseil.uqac.ca\/\">Chaire en \u00e9co-conseil<\/a>, Universit\u00e9 du Qu\u00e9bec \u00e0 Chicoutimi<\/p>\n<p><a href=\"https:\/\/www.helmholtz-muenchen.de\/eus\/index.html\">Research Unit Environmental Simulation<\/a>, Helmholtz Zentrum M\u00fcnchen, Munich, Allemagne<\/p>\n<h1><strong>Dipl\u00f4mes<\/strong><\/h1>\n<p>Ph. D. &#8211; Sciences de l&#8217;environnement &#8211; University of Eastern Finland, Kuopio, Finlande<\/p>\n<p>M. Sc. &#8211; Biologie v\u00e9g\u00e9tale &#8211; Universit\u00e9 Laval, Qu\u00e9bec, Canada<\/p>\n<p>B. Sc. &#8211; Biologie &#8211; Universit\u00e9 Laval, Qu\u00e9bec, Canada<\/p>\n<h2><strong><br \/>\n<\/strong><\/h2>\n<h2><strong><br \/>\n<\/strong><\/h2>\n","protected":false},"excerpt":{"rendered":"<p>\u00c9tudes postdoctorales Chaire en \u00e9co-conseil, Universit\u00e9 du Qu\u00e9bec \u00e0 Chicoutimi Research Unit Environmental Simulation, Helmholtz Zentrum M\u00fcnchen, Munich, Allemagne Dipl\u00f4mes Ph. D. &#8211; Sciences de l&#8217;environnement &#8211; University of Eastern Finland, Kuopio, Finlande M. Sc. &#8211; Biologie v\u00e9g\u00e9tale &#8211; Universit\u00e9 Laval, Qu\u00e9bec, Canada B. Sc. &#8211; Biologie &#8211; Universit\u00e9 Laval, Qu\u00e9bec, Canada<\/p>\n","protected":false},"author":89,"featured_media":0,"parent":0,"menu_order":0,"comment_status":"closed","ping_status":"closed","template":"","meta":{"footnotes":""},"tags":[],"_links":{"self":[{"href":"https:\/\/portfolio.uqac.ca\/patrickfaubert\/wp-json\/wp\/v2\/pages\/27"}],"collection":[{"href":"https:\/\/portfolio.uqac.ca\/patrickfaubert\/wp-json\/wp\/v2\/pages"}],"about":[{"href":"https:\/\/portfolio.uqac.ca\/patrickfaubert\/wp-json\/wp\/v2\/types\/page"}],"author":[{"embeddable":true,"href":"https:\/\/portfolio.uqac.ca\/patrickfaubert\/wp-json\/wp\/v2\/users\/89"}],"replies":[{"embeddable":true,"href":"https:\/\/portfolio.uqac.ca\/patrickfaubert\/wp-json\/wp\/v2\/comments?post=27"}],"version-history":[{"count":8,"href":"https:\/\/portfolio.uqac.ca\/patrickfaubert\/wp-json\/wp\/v2\/pages\/27\/revisions"}],"predecessor-version":[{"id":208,"href":"https:\/\/portfolio.uqac.ca\/patrickfaubert\/wp-json\/wp\/v2\/pages\/27\/revisions\/208"}],"wp:attachment":[{"href":"https:\/\/portfolio.uqac.ca\/patrickfaubert\/wp-json\/wp\/v2\/media?parent=27"}],"wp:term":[{"taxonomy":"post_tag","embeddable":true,"href":"https:\/\/portfolio.uqac.ca\/patrickfaubert\/wp-json\/wp\/v2\/tags?post=27"}],"curies":[{"name":"wp","href":"https:\/\/api.w.org\/{rel}","templated":true}]}}