{"id":4,"date":"2020-10-16T09:27:43","date_gmt":"2020-10-16T13:27:43","guid":{"rendered":"http:\/\/portfolio-pre.uqac.ca\/gabarit\/?page_id=4"},"modified":"2026-03-03T17:47:59","modified_gmt":"2026-03-03T22:47:59","slug":"presentatio","status":"publish","type":"page","link":"https:\/\/portfolio.uqac.ca\/patrickfaubert\/","title":{"rendered":"Pr\u00e9sentation"},"content":{"rendered":"<h2>Patrick Faubert<\/h2>\n<p>Professeur au <a href=\"https:\/\/www.uqac.ca\/departements\/dsf\/\">d\u00e9partement des sciences fondamentales<\/a><\/p>\n<p>Directeur : <a href=\"https:\/\/ecoconseil.uqac.ca\/\">Chaire en \u00e9co-conseil<\/a><\/p>\n<p>Responsable : <a href=\"https:\/\/carboneboreal.uqac.ca\/\">Infrastructure de recherche Carbone bor\u00e9al<\/a><\/p>\n<h2>Champs d&#8217;int\u00e9r\u00eat<\/h2>\n<p>\u00c9cologie industrielle et lutte aux changements climatiques<\/p>\n","protected":false},"excerpt":{"rendered":"<p>Patrick Faubert Professeur au d\u00e9partement des sciences fondamentales Directeur : Chaire en \u00e9co-conseil Responsable : Infrastructure de recherche Carbone bor\u00e9al Champs d&#8217;int\u00e9r\u00eat \u00c9cologie industrielle et lutte aux changements climatiques<\/p>\n","protected":false},"author":89,"featured_media":0,"parent":0,"menu_order":0,"comment_status":"closed","ping_status":"closed","template":"","meta":{"footnotes":""},"tags":[],"_links":{"self":[{"href":"https:\/\/portfolio.uqac.ca\/patrickfaubert\/wp-json\/wp\/v2\/pages\/4"}],"collection":[{"href":"https:\/\/portfolio.uqac.ca\/patrickfaubert\/wp-json\/wp\/v2\/pages"}],"about":[{"href":"https:\/\/portfolio.uqac.ca\/patrickfaubert\/wp-json\/wp\/v2\/types\/page"}],"author":[{"embeddable":true,"href":"https:\/\/portfolio.uqac.ca\/patrickfaubert\/wp-json\/wp\/v2\/users\/89"}],"replies":[{"embeddable":true,"href":"https:\/\/portfolio.uqac.ca\/patrickfaubert\/wp-json\/wp\/v2\/comments?post=4"}],"version-history":[{"count":20,"href":"https:\/\/portfolio.uqac.ca\/patrickfaubert\/wp-json\/wp\/v2\/pages\/4\/revisions"}],"predecessor-version":[{"id":300,"href":"https:\/\/portfolio.uqac.ca\/patrickfaubert\/wp-json\/wp\/v2\/pages\/4\/revisions\/300"}],"wp:attachment":[{"href":"https:\/\/portfolio.uqac.ca\/patrickfaubert\/wp-json\/wp\/v2\/media?parent=4"}],"wp:term":[{"taxonomy":"post_tag","embeddable":true,"href":"https:\/\/portfolio.uqac.ca\/patrickfaubert\/wp-json\/wp\/v2\/tags?post=4"}],"curies":[{"name":"wp","href":"https:\/\/api.w.org\/{rel}","templated":true}]}}