{"id":46,"date":"2020-10-16T09:27:43","date_gmt":"2020-10-16T13:27:43","guid":{"rendered":"http:\/\/portfolio-pre.uqac.ca\/gabarit\/?page_id=46"},"modified":"2022-12-23T06:55:54","modified_gmt":"2022-12-23T11:55:54","slug":"recherche","status":"publish","type":"page","link":"https:\/\/portfolio.uqac.ca\/patrickfaubert\/recherche\/","title":{"rendered":"Recherche"},"content":{"rendered":"<h1>Axes de recherche<\/h1>\n<p><strong>\u00c9cologie industrielle<\/strong><\/p>\n<p><strong>Lutte aux changements climatiques<\/strong><\/p>\n<p><strong>\u00c9changes gazeux et de compos\u00e9s organiques volatils : sol-microorganismes-plantes-atmosph\u00e8re<\/strong><\/p>\n<h1>Th\u00e8mes de recherche<\/h1>\n<p><span style=\"text-decoration: underline\">\u00c9cologie industrielle :<\/span><\/p>\n<ul>\n<li>Gestion et valorisation de sous-produits industriels pour le d\u00e9veloppement d&#8217;une \u00e9conomie circulaire<\/li>\n<\/ul>\n<p><span style=\"text-decoration: underline\">Lutte aux changements climatiques :<\/span><\/p>\n<ul>\n<li>R\u00e9duction des gaz \u00e0 effet de serre et atteinte de la carboneutralit\u00e9 pour des organismes publics et priv\u00e9s<\/li>\n<\/ul>\n<p><span style=\"text-decoration: underline\">\u00c9changes gazeux et de compos\u00e9s organiques volatils : sol-microorganismes-plantes-atmosph\u00e8re :<\/span><\/p>\n<ul>\n<li>\u00c9changes gazeux et de compos\u00e9s organiques volatils : sol-microorganismes-plantes-atmosph\u00e8re<\/li>\n<li>Mesures et quantification des \u00e9missions de gaz \u00e0 effet de serre d&#8217;\u00e9cosyst\u00e8mes artificiels, bor\u00e9aux et subarctiques<\/li>\n<li>Effets des changements climatiques sur les \u00e9missions de compos\u00e9s organiques volatils<\/li>\n<li>Interactions multitrophiques via les compos\u00e9s organiques volatils<\/li>\n<\/ul>\n<h1>Membre<\/h1>\n<ul>\n<li><a href=\"https:\/\/ecoconseil.uqac.ca\/\">Chaire en \u00e9co-conseil<\/a><\/li>\n<li><a href=\"https:\/\/carboneboreal.uqac.ca\/\">Carbone bor\u00e9al<\/a><\/li>\n<li><a href=\"https:\/\/www.uqac.ca\/borealie\/\">Centre de recherche sur la bor\u00e9alie<\/a><\/li>\n<li>Laboratoire sur les \u00e9cosyst\u00e8mes bor\u00e9aux terrestres<\/li>\n<li><a href=\"https:\/\/www.uqac.ca\/grips\/\">Groupe de recherche en ing\u00e9nierie des proc\u00e9d\u00e9s et syst\u00e8mes<\/a><\/li>\n<li><a href=\"https:\/\/rrecq.ca\/\">R\u00e9seau de recherche en \u00e9conomie circulaire du Qu\u00e9bec<\/a><\/li>\n<li><a href=\"https:\/\/www.cef-cfr.ca\/\">Centre d\u2019\u00e9tude de la for\u00eat <\/a><\/li>\n<li><a href=\"https:\/\/cirodd.org\/\">Centre interdisciplinaire de recherche en op\u00e9rationnalisation du d\u00e9veloppement durable<\/a><\/li>\n<\/ul>\n","protected":false},"excerpt":{"rendered":"<p>Axes de recherche \u00c9cologie industrielle Lutte aux changements climatiques \u00c9changes gazeux et de compos\u00e9s organiques volatils : sol-microorganismes-plantes-atmosph\u00e8re Th\u00e8mes de recherche \u00c9cologie industrielle : Gestion et valorisation de sous-produits industriels pour le d\u00e9veloppement d&#8217;une \u00e9conomie circulaire Lutte aux changements climatiques : R\u00e9duction des gaz \u00e0 effet de serre et atteinte de la carboneutralit\u00e9 pour des &hellip; <a href=\"https:\/\/portfolio.uqac.ca\/patrickfaubert\/recherche\/\" class=\"more-link\">Continuer la lecture de <span class=\"screen-reader-text\">Recherche<\/span>  <span class=\"meta-nav\">&rarr;<\/span><\/a><\/p>\n","protected":false},"author":89,"featured_media":0,"parent":0,"menu_order":0,"comment_status":"closed","ping_status":"closed","template":"","meta":{"footnotes":""},"tags":[],"_links":{"self":[{"href":"https:\/\/portfolio.uqac.ca\/patrickfaubert\/wp-json\/wp\/v2\/pages\/46"}],"collection":[{"href":"https:\/\/portfolio.uqac.ca\/patrickfaubert\/wp-json\/wp\/v2\/pages"}],"about":[{"href":"https:\/\/portfolio.uqac.ca\/patrickfaubert\/wp-json\/wp\/v2\/types\/page"}],"author":[{"embeddable":true,"href":"https:\/\/portfolio.uqac.ca\/patrickfaubert\/wp-json\/wp\/v2\/users\/89"}],"replies":[{"embeddable":true,"href":"https:\/\/portfolio.uqac.ca\/patrickfaubert\/wp-json\/wp\/v2\/comments?post=46"}],"version-history":[{"count":12,"href":"https:\/\/portfolio.uqac.ca\/patrickfaubert\/wp-json\/wp\/v2\/pages\/46\/revisions"}],"predecessor-version":[{"id":264,"href":"https:\/\/portfolio.uqac.ca\/patrickfaubert\/wp-json\/wp\/v2\/pages\/46\/revisions\/264"}],"wp:attachment":[{"href":"https:\/\/portfolio.uqac.ca\/patrickfaubert\/wp-json\/wp\/v2\/media?parent=46"}],"wp:term":[{"taxonomy":"post_tag","embeddable":true,"href":"https:\/\/portfolio.uqac.ca\/patrickfaubert\/wp-json\/wp\/v2\/tags?post=46"}],"curies":[{"name":"wp","href":"https:\/\/api.w.org\/{rel}","templated":true}]}}