{"id":18,"date":"2017-02-10T09:55:43","date_gmt":"2017-02-10T14:55:43","guid":{"rendered":"http:\/\/portfolio-pre.uqac.ca\/gabarit\/?page_id=18"},"modified":"2023-12-27T20:09:31","modified_gmt":"2023-12-28T01:09:31","slug":"enseignement","status":"publish","type":"page","link":"https:\/\/portfolio.uqac.ca\/paulbedard\/enseignement\/","title":{"rendered":"Enseignement"},"content":{"rendered":"<ul>\n<li><a href=\"https:\/\/cours.uqac.ca\/6GLG102\">6GLG102\u00a0:\u00a0Min\u00e9ralogie<\/a> 2023<\/li>\n<li><a href=\"https:\/\/cours.uqac.ca\/6GLG103\">6GLG103\u00a0:\u00a0Camp de planim\u00e9trie<\/a><\/li>\n<li><a href=\"https:\/\/cours.uqac.ca\/6GLG314\">6GLG314 :\u00a0Camp de pr\u00e9cambrien et de g\u00e9ologie mini\u00e8re<\/a><\/li>\n<li><a href=\"https:\/\/cours.uqac.ca\/6GLG607\"><span style=\"line-height: 1.5\">6GLG607\u00a0:\u00a0G\u00e9ostatistique et mise en valeur<\/span><\/a><\/li>\n<li><a href=\"https:\/\/cours.uqac.ca\/6SCT852\"><span style=\"line-height: 1.5\">6SCT852\u00a0: Technique d&#8217;analyse g\u00e9ochimique<\/span><\/a><\/li>\n<li><a href=\"https:\/\/cours.uqac.ca\/6SCT836\">6SCT836 : Contr\u00f4le de qualit\u00e9 en processus d&#8217;acquisition de donn\u00e9es g\u00e9ologiques<\/a><\/li>\n<li>Article sur un laboratoire pour les \u00e9tudiants:<br \/>\nB\u00c9DARD LP, Esbensen, KH. 2020.<\/p>\n<div class=\"page\" title=\"Page 1\">\n<div class=\"layoutArea\">\n<div class=\"column\">\n<p>A didactic introduction to the Theory of Sampling:<br \/>\n2-D sampling experiment on heterogeneous floor tiles. SpectroscopyEurope 32 (1): 23-28.\u00a0<a href=\"https:\/\/www.spectroscopyeurope.com\/sampling\/didactic-introduction-theory-sampling-2-d-sampling-experiment-heterogeneous-floor-tiles\">https:\/\/www.spectroscopyeurope.com\/sampling\/didactic-introduction-theory-sampling-2-d-sampling-experiment-heterogeneous-floor-tiles<\/a><\/p>\n<\/div>\n<\/div>\n<\/div>\n<\/li>\n<\/ul>\n","protected":false},"excerpt":{"rendered":"<p>6GLG102\u00a0:\u00a0Min\u00e9ralogie 2023 6GLG103\u00a0:\u00a0Camp de planim\u00e9trie 6GLG314 :\u00a0Camp de pr\u00e9cambrien et de g\u00e9ologie mini\u00e8re 6GLG607\u00a0:\u00a0G\u00e9ostatistique et mise en valeur 6SCT852\u00a0: Technique d&#8217;analyse g\u00e9ochimique 6SCT836 : Contr\u00f4le de qualit\u00e9 en processus d&#8217;acquisition de donn\u00e9es g\u00e9ologiques Article sur un laboratoire pour les \u00e9tudiants: B\u00c9DARD LP, Esbensen, KH. 2020. A didactic introduction to the Theory of Sampling: 2-D sampling &hellip; <a href=\"https:\/\/portfolio.uqac.ca\/paulbedard\/enseignement\/\" class=\"more-link\">Continuer la lecture de <span class=\"screen-reader-text\">Enseignement<\/span>  <span class=\"meta-nav\">&rarr;<\/span><\/a><\/p>\n","protected":false},"author":89,"featured_media":0,"parent":0,"menu_order":0,"comment_status":"closed","ping_status":"closed","template":"","meta":{"footnotes":""},"tags":[],"_links":{"self":[{"href":"https:\/\/portfolio.uqac.ca\/paulbedard\/wp-json\/wp\/v2\/pages\/18"}],"collection":[{"href":"https:\/\/portfolio.uqac.ca\/paulbedard\/wp-json\/wp\/v2\/pages"}],"about":[{"href":"https:\/\/portfolio.uqac.ca\/paulbedard\/wp-json\/wp\/v2\/types\/page"}],"author":[{"embeddable":true,"href":"https:\/\/portfolio.uqac.ca\/paulbedard\/wp-json\/wp\/v2\/users\/89"}],"replies":[{"embeddable":true,"href":"https:\/\/portfolio.uqac.ca\/paulbedard\/wp-json\/wp\/v2\/comments?post=18"}],"version-history":[{"count":9,"href":"https:\/\/portfolio.uqac.ca\/paulbedard\/wp-json\/wp\/v2\/pages\/18\/revisions"}],"predecessor-version":[{"id":350,"href":"https:\/\/portfolio.uqac.ca\/paulbedard\/wp-json\/wp\/v2\/pages\/18\/revisions\/350"}],"wp:attachment":[{"href":"https:\/\/portfolio.uqac.ca\/paulbedard\/wp-json\/wp\/v2\/media?parent=18"}],"wp:term":[{"taxonomy":"post_tag","embeddable":true,"href":"https:\/\/portfolio.uqac.ca\/paulbedard\/wp-json\/wp\/v2\/tags?post=18"}],"curies":[{"name":"wp","href":"https:\/\/api.w.org\/{rel}","templated":true}]}}