{"id":197,"date":"2017-04-15T20:36:29","date_gmt":"2017-04-16T00:36:29","guid":{"rendered":"http:\/\/portfolio-pre.uqac.ca\/paulbedard\/?page_id=197"},"modified":"2023-12-18T13:23:51","modified_gmt":"2023-12-18T18:23:51","slug":"prix-et-bourses","status":"publish","type":"page","link":"https:\/\/portfolio.uqac.ca\/paulbedard\/prix-et-bourses\/","title":{"rendered":"Prix et bourses"},"content":{"rendered":"<p style=\"text-align: center\"><strong>L.Paul B\u00e9dard<\/strong><\/p>\n<ul class=\"struc\">\n<li class=\"strucall\"><span class=\"italique\">2012\u00a0<\/span>Alphonse Huard\n<ul>\n<li class=\"prix\"><a class=\"acc1\" title=\"Video\" href=\"https:\/\/www.youtube.com\/watch?v=qVbXctacF_4\">Les coulisses de la science<\/a><\/li>\n<li class=\"prix\"><a class=\"acc1\" href=\"https:\/\/uqactualite.uqac.ca\/le-merite-scientifique-de-luqac-celebre-au-29e-gala-du-msr\/\">Uqactualit\u00e9 2012<\/a><\/li>\n<li class=\"prix\"><a class=\"acc1\" href=\"https:\/\/www.prologuenumerique.ca\/actualites-librairies.html?semaine=45+2012\">Prologuenumerique\/actualites-librairies<\/a><\/li>\n<li class=\"prix\"><a class=\"acc1\" href=\"https:\/\/www.acs.qc.ca\/actualite\/28-communicateurs-scientifiques-recompenses-au-saguenay.html\">Association des communicateurs scientifiques du Qu\u00e9bec<\/a><\/li>\n<\/ul>\n<\/li>\n<li class=\"strucall\"><span class=\"italique\">2011\u00a0<\/span><a class=\"acc1\" href=\"https:\/\/www.canadiangeologicalfoundation.org\/?page_id=140\">Fondation g\u00e9ologique du Canada (Petit mus\u00e9e de l&#8217;UQAC)<\/a><\/li>\n<li class=\"strucall\"><span class=\"italique\">2008\u00a0<\/span>Alphonse Huard\n<ul>\n<li class=\"prix\"><a class=\"acc1\" href=\"https:\/\/uqactualite.uqac.ca\/prix-alphonse-huard\/\">Uqactualite<\/a><\/li>\n<li class=\"prix\"><a class=\"acc1\" href=\"https:\/\/www.clssaglac.com\/upload\/module\/file\/m_liste\/liste_fichier_2207.pdf\">Communiqu\u00e9 de presse<\/a><\/li>\n<\/ul>\n<\/li>\n<li class=\"strucall\"><span class=\"italique\">2006\u00a0<\/span><a class=\"acc1\" href=\"https:\/\/www.canadiangeologicalfoundation.org\/?page_id=31\">Fondation g\u00e9ologique du Canada (Petit mus\u00e9e de l&#8217;UQAC)<\/a><\/li>\n<li class=\"strucall\"><span class=\"italique\">1992-94\u00a0<\/span>Bourse de recherche du C.R.S.N.G. (postdoctorale)<\/li>\n<li class=\"strucall\"><span class=\"italique\">1991-92\u00a0<\/span>Bourse de recherche \u00ab Le Pr\u00eat d&#8217;Honneur \u00bb (postdoctorale)<br \/>\n<hr \/>\n<\/li>\n<\/ul>\n<p style=\"text-align: center\"><strong>\u00c9tudiants<\/strong><\/p>\n<ul>\n<li>2023\n<ul>\n<li>Arnaud Back\n<ul>\n<li>International Association for Mathematical Geology (bourse de recherche Computer &amp; Geosciences<\/li>\n<\/ul>\n<\/li>\n<li>S\u00e9gol\u00e8ne Vandevelde\n<ul>\n<li><a href=\"https:\/\/www.uqac.ca\/blog\/2023\/09\/29\/la-chercheuse-segolene-vandevelde-recoit-un-prix-de-these-de-luispp\/\" target=\"_blank\">Prix de th\u00e8se de l&#8217;UISPP<\/a><\/li>\n<li><a href=\"https:\/\/www.uqac.ca\/blog\/2023\/10\/16\/la-chercheuse-segolene-vandevelde-remporte-le-prix-brepols-de-lunion-academique-internationale\/\" target=\"_blank\">Prix Brepols de l&#8217;Union acad\u00e9mique internationale<\/a><\/li>\n<li>Bourse du <a href=\"https:\/\/celat.ca\" target=\"_blank\">C\u00c9LAT<\/a><\/li>\n<\/ul>\n<\/li>\n<\/ul>\n<\/li>\n<li>\u00a02022\n<ul>\n<li>S\u00e9gol\u00e8ne Vandelvelde\n<ul>\n<li><a href=\"https:\/\/www.uqac.ca\/blog\/2022\/12\/12\/bourse-postdoctorale-banting-une-premiere-recipiendaire-pour-luqac\/\" target=\"_blank\">Bourse postdoctorale Banting<\/a><\/li>\n<\/ul>\n<\/li>\n<li>Arnaud Back\n<ul>\n<li>Mineralogical Association of Canada (<a href=\"https:\/\/www.elementsmagazine.org\/wp-content\/uploads\/archives\/e19_1\/e19_1_soc_MAC.pdf\" target=\"_blank\">bourse pour pr\u00e9senter \u00e0 un congr\u00e8s<\/a>)<\/li>\n<\/ul>\n<\/li>\n<li>Charles Saint-Laurent\n<ul>\n<li>Qu\u00e9bec Mines (<a href=\"https:\/\/mrnf.gouv.qc.ca\/qme-2022-retour-presentiel-reussi\/\" target=\"_blank\">D\u00e9fi de la Recherche en g\u00e9osciences, 2e place maitrise<\/a>)<\/li>\n<\/ul>\n<\/li>\n<\/ul>\n<\/li>\n<li>2018\n<ul>\n<li>Ludivine Mathieu\n<ul>\n<li>Divex<\/li>\n<\/ul>\n<\/li>\n<li>Caroline Da Costa Gon\u00e7alvez (stagiaire br\u00e9silienne)\n<ul>\n<li>bourses d&#8217;excellence pour \u00e9tudiants \u00e9trangers 2017-2018 du minist\u00e8re de l&#8217;\u00c9ducation et de l\u2019Enseignement sup\u00e9rieur du Qu\u00e9bec (MEES)<\/li>\n<\/ul>\n<\/li>\n<\/ul>\n<\/li>\n<li>2017\n<ul>\n<li>Jonathan Tremblay\n<ul>\n<li>Bourse de cheminement de l&#8217;UQAC<\/li>\n<\/ul>\n<\/li>\n<\/ul>\n<\/li>\n<li>2016\n<ul>\n<li>Jonathan Tremblay\n<ul>\n<li>2e prix niveau maitrise\u00a0aux bourses de l&#8217;AQUEST (meilleure\u00a0affiche Qu\u00e9bec Mines)<\/li>\n<li>1er prix pour sa pr\u00e9sentation : Journ\u00e9e des sciences de la Terre et de l&#8217;environnement (INRS)<\/li>\n<li><a href=\"https:\/\/www.uqac.ca\/blog\/2016\/04\/01\/la-fondation-de-luqac-remet-plus-de-85-000-en-bourses\/\" target=\"_blank\">Bourse Lucien Bouchard<\/a><\/li>\n<li>Divex<\/li>\n<\/ul>\n<\/li>\n<li>2014\n<ul>\n<li>Jo\u00eblle Thiboutot-Goyette\n<ul>\n<li>Divex<\/li>\n<li><a href=\"https:\/\/www.uqac.ca\/blog\/2013\/11\/21\/bourses-dexcellence-de-la-fondation-de-luqac-15-etudiants-de-luqac-recompenses\/\">Bourse Lucien Bouchard<\/a><\/li>\n<\/ul>\n<\/li>\n<\/ul>\n<\/li>\n<li>2012\n<ul>\n<li>Dany Desroches\n<ul>\n<li><a href=\"https:\/\/uqactualite.uqac.ca\/la-fuqac-recompense-lexcellence-de-13-etudiants-de-luqac\/\">Bourse Lucien Bouchard<\/a><\/li>\n<\/ul>\n<\/li>\n<li>Alexandre N\u00e9ron\n<ul>\n<li><a href=\"https:\/\/www.uqac.ca\/blog\/2012\/11\/19\/la-fuqac-recompense-lexcellence-de-13-etudiants-de-luqac\/\">Bourse Lucien Bouchard<\/a><\/li>\n<\/ul>\n<\/li>\n<\/ul>\n<\/li>\n<\/ul>\n<\/li>\n<\/ul>\n","protected":false},"excerpt":{"rendered":"<p>L.Paul B\u00e9dard 2012\u00a0Alphonse Huard Les coulisses de la science Uqactualit\u00e9 2012 Prologuenumerique\/actualites-librairies Association des communicateurs scientifiques du Qu\u00e9bec 2011\u00a0Fondation g\u00e9ologique du Canada (Petit mus\u00e9e de l&#8217;UQAC) 2008\u00a0Alphonse Huard Uqactualite Communiqu\u00e9 de presse 2006\u00a0Fondation g\u00e9ologique du Canada (Petit mus\u00e9e de l&#8217;UQAC) 1992-94\u00a0Bourse de recherche du C.R.S.N.G. (postdoctorale) 1991-92\u00a0Bourse de recherche \u00ab Le Pr\u00eat d&#8217;Honneur \u00bb (postdoctorale) &hellip; <a href=\"https:\/\/portfolio.uqac.ca\/paulbedard\/prix-et-bourses\/\" class=\"more-link\">Continuer la lecture de <span class=\"screen-reader-text\">Prix et bourses<\/span>  <span class=\"meta-nav\">&rarr;<\/span><\/a><\/p>\n","protected":false},"author":160,"featured_media":0,"parent":0,"menu_order":0,"comment_status":"closed","ping_status":"closed","template":"","meta":{"footnotes":""},"tags":[],"_links":{"self":[{"href":"https:\/\/portfolio.uqac.ca\/paulbedard\/wp-json\/wp\/v2\/pages\/197"}],"collection":[{"href":"https:\/\/portfolio.uqac.ca\/paulbedard\/wp-json\/wp\/v2\/pages"}],"about":[{"href":"https:\/\/portfolio.uqac.ca\/paulbedard\/wp-json\/wp\/v2\/types\/page"}],"author":[{"embeddable":true,"href":"https:\/\/portfolio.uqac.ca\/paulbedard\/wp-json\/wp\/v2\/users\/160"}],"replies":[{"embeddable":true,"href":"https:\/\/portfolio.uqac.ca\/paulbedard\/wp-json\/wp\/v2\/comments?post=197"}],"version-history":[{"count":12,"href":"https:\/\/portfolio.uqac.ca\/paulbedard\/wp-json\/wp\/v2\/pages\/197\/revisions"}],"predecessor-version":[{"id":346,"href":"https:\/\/portfolio.uqac.ca\/paulbedard\/wp-json\/wp\/v2\/pages\/197\/revisions\/346"}],"wp:attachment":[{"href":"https:\/\/portfolio.uqac.ca\/paulbedard\/wp-json\/wp\/v2\/media?parent=197"}],"wp:term":[{"taxonomy":"post_tag","embeddable":true,"href":"https:\/\/portfolio.uqac.ca\/paulbedard\/wp-json\/wp\/v2\/tags?post=197"}],"curies":[{"name":"wp","href":"https:\/\/api.w.org\/{rel}","templated":true}]}}