{"id":20,"date":"2017-02-10T09:55:43","date_gmt":"2017-02-10T14:55:43","guid":{"rendered":"http:\/\/portfolio-pre.uqac.ca\/gabarit\/?page_id=20"},"modified":"2026-02-13T15:02:06","modified_gmt":"2026-02-13T20:02:06","slug":"publications","status":"publish","type":"page","link":"https:\/\/portfolio.uqac.ca\/paulbedard\/publications\/","title":{"rendered":"Publications"},"content":{"rendered":"<p><strong>Livres<\/strong><\/p>\n<ul class=\"publi\">\n<li class=\"publi\"><span class=\"italique\">B\u00c9DARD, L.P. Larouche, J. Hudon, P. (2008)\u00a0<\/span><br \/>\nGuide d&#8217;identification des min\u00e9raux. Broquet, Saint-Constant (QC), 208 pp.\u00a0\u00a0\u00a0\u00a0\u00a0<a title=\"Voir le volume\" href=\"https:\/\/www.amazon.ca\/Guide-didentification-min%C3%A9raux-L-Paul-B%C3%A9dard\/dp\/2890009394\/ref=sr_1_1?ie=UTF8&amp;qid=1330913002&amp;sr=8-1\" target=\"_blank\" rel=\"noopener\">Lien<\/a><\/li>\n<li class=\"publi\"><span class=\"italique\">B\u00c9DARD, L.P. Larouche, J. Hudon, P. (2009)<\/span><br \/>\nGuide \u00e9clair: Min\u00e9raux. Broquet, Saint-Constant (QC), 20 pp.\u00a0\u00a0\u00a0\u00a0\u00a0<a title=\"Voir le guide\" href=\"https:\/\/www.amazon.ca\/Min%C3%A9raux-L-Paul-B%C3%A9dard\/dp\/2896540911\/ref=sr_1_1?s=books&amp;ie=UTF8&amp;qid=1330913040&amp;sr=1-1\" target=\"_blank\" rel=\"noopener\">Lien<\/a><\/li>\n<\/ul>\n<hr \/>\n<p><strong>Publications arbritr\u00e9es<\/strong><\/p>\n<div class=\"publica\">\n<ul class=\"publi\">\n<li>1. Van Weelderen, M., Sappin, A.-A., B\u00e9dard, L.P., Gr\u00e9goire, M., Rayner, N., Stevenson, R., Legros, H., Camacho, A., Beaudoin, G. (Accept\u00e9). The origin of carbonatites and implications for Nb mineralization: New U-Pb and Ar-Ar ages with Sr-Nd isotope data from the carbonatite complexes in the Saguenay graben (Quebec, Canada). Geological Society of London Special Publication: The Geology of North American Igneous Systems and their Rare Metals Potential.<\/li>\n<li>Kilzi, M. A., Gr\u00e9goire, M., Driouch, Y., Benoit, M., Debat, P., &amp; B\u00e9dard, L. P. (2026). Petrogenesis of ultramafic and mafic rock series from the North Pyrenean Castillon massif (Ari\u00e8ge, France): evidence of magma\u2013crust interactions in the Ordovician?. Frontiers in Earth Science, 13, 1609542.<\/li>\n<li>Back, A.L., Tepakbong, C.A., B\u00e9dard, L.P. and Barry, A. (2025) From Rocks to Pixels: A Comprehensive Framework for Grain Shape Characterization Through Image Analysis of Roundness and Roughness Descriptors. Frontiers in Earth Science, section Geoinformatics:13: 1508690.<br \/>\n<a href=\"https:\/\/doi.org\/10.3389\/feart.2025.1634237\">https:\/\/doi.org\/10.3389\/feart.2025.1634237 <\/a><\/li>\n<li>Back, A.L., Tepakbong, C.A., B\u00e9dard, L.P. and Barry, A. (2025) From Rocks to Pixels: A Comprehensive Framework for Grain Shape Characterization through the Image Analysis of Size, Orientation, and Form Descriptors. Frontiers in Earth Science, section Geoinformatics : 13: 1508690.<br \/>\n<a href=\"https:\/\/doi.org\/10.3389\/feart.2025.1508690\">https:\/\/doi.org\/10.3389\/feart.2025.1508690<\/a><\/li>\n<li>S\u00e9n\u00e9chal, D. B\u00c9DARD, L.P., Walter, J., Par\u00e9, M. (2025). Thermal pretreatment and incongruent dissolution of Lac \u00e0 Paul apatite: implications for phosphorus bioavailability and carbon sequestration. Minerals Engineering, 231: 109426.<\/li>\n<li>Legros, H., Van Weelderen, N., Dare, S. Higgins, M., Savard, D., B\u00c9DARD, L.P.\u00a0 (2025). Multiple stages of Nb-(REE) remobilization revealed by apatite geochemistry: 35 Ma magmatic-hydrothermal gap at the Saint-Honor\u00e9 deposit (Quebec, Canada). Lithos 107980<\/li>\n<li>Back, A.L., B\u00c9DARD, L.P., Maitre, J., Bouchard, K. (2024). From Rocks to Pixels: A Protocol for Reproducible Mineral Imaging and<br \/>\nits Applications in Machine Learning. Minerals:14, 51<\/li>\n<li>Latif, G., Bouchard, K., Maitre, J., Back, A., Bedard, L.P. (2024). A framework for Microscopic Grains Segmentation and Classification for Minerals Recognition using Hybrid Features. Earth Science Informatics. <a href=\"https:\/\/DOI: 10.1007\/s12145-024-01478-1\">DOI: 10.1007\/s12145-024-01478-1<\/a><\/li>\n<li>Savard, D., Dare, S., B\u00c9DARD, L.P.,\u00a0 Barnes, S.-J. (2023). Mapping Protocol Using a Fast Response Funnel for Laser Ablation Coupled to a Time-of-Flight Mass Spectrometer (LA-FF-ICP-TOF-MS) for the Fast, Simultaneous Quantification of Multiple Minerals. Geostandards and Geoanalytical Research 47: 243-265.<\/li>\n<li>Soltanmohammadi A., Gr\u00e9goire M., Fontaine FJ, B\u00c9DARD LP, Blanchard M, Rabinowicz M, Melt (2022) Percolation, Concentration and Dyking in the Hawaiian Mantle Plume and Overriding Lithosphere: Links to the Evolution of Lava Composition along the Volcanic Chain, <em>Journal of Petrology<\/em>, Volume 63, Issue 1, January 2022, egab101, <a href=\"https:\/\/doi.org\/10.1093\/petrology\/egab101\">https:\/\/doi.org\/10.1093\/petrology\/egab101<\/a><\/li>\n<li>G Latif, K Bouchard, J Maitre, A Back, LP B\u00e9dard (2022)<a class=\"gsc_a_at\" href=\"https:\/\/www.mdpi.com\/1578268\"><br \/>\n<\/a><a class=\"gsc_a_at\" href=\"https:\/\/scholar.google.ca\/citations?view_op=view_citation&amp;hl=fr&amp;user=mfIft_YAAAAJ&amp;sortby=pubdate&amp;citation_for_view=mfIft_YAAAAJ:rO6llkc54NcC\">Deep-Learning-Based Automatic Mineral Grain Segmentation and Recognition<\/a>. Minerals 12 (4), 455<\/li>\n<li>Boivin, J.-F., B\u00c9DARD, L.P., Longu\u00e9p\u00e9e, H. (2021). Counting a pot of gold: a till golden standard. Journal of Geochemical Exploration\u00a0229:\u00a0106821.<br \/>\n<a href=\"https:\/\/doi.org\/10.1016\/j.gexplo.2021.106821\">https:\/\/doi.org\/10.1016\/j.gexplo.2021.106821<\/a><\/li>\n<li>Soltanmohammadi, A., Gr\u00e9goire, M., Ceuleneer, G., Beno\u00eet, M., B\u00c9DARD, L.P., Gouy, S., Rabinowicz, M. (2021). The origin of potassic magmatism in the Salavat Range (NW Iran): insight into the melts hybridizing in compaction pockets recorded by macro-phenocyrstals in lavas. Journal of Petrology 67:\u00a0egab031.<br \/>\n<a href=\"https:\/\/doi.org\/10.1093\/petrology\/egab031\">https:\/\/doi.org\/10.1093\/petrology\/egab031<\/a><\/li>\n<li>Duran, C., Barnes, S.-J., Mansur, E., Dare, S., B\u00c9DARD, L.P., Sluzhenikin, S. (2020). Magnetite Chemistry by LA-ICP-MS Records Sulfide Fractional Crystallization and Sulfide-Silicate\/Fluid Interactions in Massive Ni-Cu-PGE Ores from the Noril\u2019sk- Talnakh Mining District (Siberia, Russia). Economic Geology <i>115:<\/i>\u00a01245-1266.<br \/>\n<a href=\"https:\/\/doi.org\/10.5382\/econgeo.4742\">https:\/\/doi.org\/10.5382\/econgeo.4742<\/a><\/li>\n<li>Desroches, D., B\u00c9DARD, L.P., Lemieux, S., Esbensen, K.H. (2019) Representative sampling and laboratory processing for quartz raw material quality monitoring with a HHXRF at a ferrosilicon plant. Minerals Engineering.<br \/>\n<a href=\"https:\/\/doi.org\/10.1016\/j.mineng.2019.105852\">https:\/\/doi.org\/10.1016\/j.mineng.2019.105852<\/a><\/li>\n<\/ul>\n<ul class=\"publi\">\n<li>Maitre, J., Bouchard, K. B\u00c9DARD, L.P. (2019) Mineral Grains Recognition: an Application in Mining Exploration based on Image Processing and Machine Learning. Computers and Geosciences 130: 84-93.<br \/>\n<a href=\"https:\/\/doi.org\/10.1016\/j.cageo.2019.05.009\">https:\/\/doi.org\/10.1016\/j.cageo.2019.05.009<\/a><\/li>\n<li><span class=\"italique\">N\u00e9ron A, B\u00c9DARD LP, Gaboury D (2018). <\/span> The Saint-Honor\u00e9 carbonatite REE zone, Qu\u00e9bec, Canada: Combined magmatic and hydrothermal processes. Minerals 8(9), 397.\u00a0<a href=\"https:\/\/www.mdpi.com\/2075-163X\/8\/9\/397\">https:\/\/www.mdpi.com\/2075-163X\/8\/9\/397<\/a><\/li>\n<li>Desroches, D., B\u00c9DARD, L.P., Lemieux, S., Esbensen, K.H. (2018) Suitability of using a handheld XRF for quality control of quartz in an industrial setting. Minerals Engineering 126: 36-43.<\/li>\n<li>Linge, K., B\u00c9DARD, L.P., Bugoi, R., Enzweiler, J., Jochum, K.P., Kilian, R., Liu, J., Marin-Carbonne, J., Merchel, S., Morales, L.F.G., Rollion-Bard, C., Souders, A.K., Sylvester, P. &amp; Weise, U. 2017. GGR Biennial Critical Review: Analytical Developments Since 2014. <i><i><i>Geostandards and Geoanalytical Research 41:493-562.<\/i><\/i><\/i><\/li>\n<li>Tremblay, J., B\u00c9DARD, L.P., Matton, G. (2017) Columbitization of fluorcalciopyrochlore by hydrothermalism at the Saint-Honor\u00e9 alkaline complex, Qu\u00e9bec (Canada): new insights on halite in carbonatites. Ore Geology Review 91: 695-707.\u00a0<a href=\"https:\/\/doi.org\/10.1016\/j.oregeorev.2017.08.027\">https:\/\/authors.elsevier.com\/c\/1W91VcTGxwUuk<\/a>\u00a0<a href=\"https:\/\/doi.org\/10.1016\/j.oregeorev.2017.08.027\">https:\/\/doi.org\/10.1016\/j.oregeorev.2017.08.027<\/a><\/li>\n<\/ul>\n<ul class=\"publi\">\n<li class=\"publi\"><span class=\"italique\">B\u00c9DARD LP, Esbensen KH, Barnes S-J (2016) <\/span> An empirical approach for estimating reference material heterogeneity and sample minimum test portion mass for \u2018nuggety\u2019 precious metals (Au, Pd, Ir, Pt, Ru). <a href=\"https:\/\/pubs.acs.org\/doi\/abs\/10.1021\/acs.analchem.5b03574\">Analytical Chemistry 88\u00a0:3504-3511.<\/a><\/li>\n<li class=\"publi\"><span class=\"italique\">Wiedenbeck W, B\u00c9DARD LP, Bugoi R, Horan M, Linge K, Merchel S, Morales LFG, Savard D, Souders AK, Sylvester P (2014) <\/span> Critical Review of Analytical Developments Since 2012. Geostds Geoanaly Res. 38: 467-512.<\/li>\n<li>B\u00c9DARD LP &amp; N\u00e9ron A (2014) Spatial geochemistry: A characterisation of heterogeneity in reference materials Geostds Geoanal Res. 38: 177-188. DOI: 1111\/j.1751-908X.2013.00255.x<\/li>\n<li class=\"publi\"><span class=\"italique\">B\u00c9DARD, L.P. et Barnes, S.-J. (2011)\u00a0<\/span><br \/>\nHow fit is your data? Geostandards and Geoanalytical Research 34: 275-280.<\/li>\n<li class=\"publi\"><span class=\"italique\">B\u00c9DARD, L.P. et Linge K.L. (2010)\u00a0<\/span><br \/>\nNeutron Activation Analysis, Atomic Absorption, Inductively Coupled Plasma &#8211; Atomic Emission Spectra and X-Ray Fluorescence Spectrometry Review for 2008-2009. Geostandards and Geoanalytical Research 34: 343-352.<\/li>\n<li class=\"publi\"><span class=\"italique\">Barnes, S.-J. Savard, D., B\u00c9DARD L.P. et Maier, W. (2009)\u00a0\u00a0<\/span><br \/>\nSelenium and sulfur concentrations in the Bushveld Complex of South Africa and implications for formation of the platinum-group element deposits. Mineralium Deposita, 44: 647-663.<\/li>\n<li class=\"publi\"><span class=\"italique\">Savard, D., B\u00c9DARD, L.P. et Barnes, S.-J. (2009).<\/span><br \/>\nSelenium Concentrations in Twenty-Seven Geological References Materials: New Determinations and Proposed Values. Geostandards and Geoanalytical Research, 33: 249-259.<\/li>\n<li class=\"publi\"><span class=\"italique\">B\u00c9DARD, L.P., Longu\u00e9p\u00e9e, H. et Savard, D. (2009).\u00a0\u00a0<\/span><br \/>\nRaising public awareness of geological heritage at the Universit\u00e9 du Qu\u00e9bec \u00e0 Chicoutimi, Geoscience Canada, 36, p. 112-114.<\/li>\n<li class=\"publi\"><span class=\"italique\">Hergt J.M., B\u00c9DARD L.P., Brueckner S.M., Jochum K.P., Linge K.L., Sylvester P.J., Wiedenbeck M., et Woodhead J.D. (2008).\u00a0\u00a0<\/span><br \/>\nGGR Critical Review of Analytical Developments in 2006-2007, Geostandards and Geoanalytical Research, 32, p. 397-398.<\/li>\n<li class=\"publi\"><span class=\"italique\">B\u00c9DARD L.P. (2008)\u00a0<\/span><\/li>\n<li class=\"publi\">Neutron Activation Analysis, Atomic Absorption and X-Ray Fluorescence Spectrometry Review for 2006-2007 Geostandards and Geoanalytical Research, 32, p. 399-403.<\/li>\n<li class=\"publi\"><span class=\"italique\">B\u00c9DARD, L.P. , Savard D., and Barnes, S.-J. (2008).\u00a0<\/span><br \/>\nTotal sulphur concentration in geological reference materials by elemental infrared analyzer. Geostandards and Geoanalytical Research, 32: 203-208.<\/li>\n<li class=\"publi\"><span class=\"italique\">B\u00c9DARD, L.P. 2007.\u00a0<\/span><br \/>\nL&#8217;activation neutronique : tonique ou archa\u00efque?. Dans La mesure du pass\u00e9 : contributions \u00e0 la recherche en arch\u00e9om\u00e9trie (2000-2006) edited by Allison Bain, Jacques Chabot and Marcel Moussette. S\u00e9rie arch\u00e9om\u00e9trie No 5, C\u00c9LAT, Universit\u00e9 Laval, Archeopress BAR international series 1700.<\/li>\n<li class=\"publi\"><span class=\"italique\">B\u00c9DARD, L.P. 2006.<\/span><br \/>\nNeutron Activation Analysis, Atomic Absorption and X-Ray Fluorescence Spectrometry Review for 2004-2005. Geostandards and Geoanalytical Research, 30: 183-186.<\/li>\n<li class=\"publi\"><span class=\"italique\">Hergt J.M., B\u00c9DARD L.P., Deloule E., Linge K.N., Sylvester P.J., Wiedenbeck M. and Woodhead J.D. (2006)\u00a0<\/span><br \/>\nGGR critical review of analytical developments in 2004 and 2005. Geostandards and Geoanalytical Research, 30.<\/li>\n<li class=\"publi\"><span class=\"italique\">Savard, D., B\u00c9DARD, LP, Barnes, S-J (2006)\u00a0<\/span><br \/>\nTCF Selenium Preconcentration in Geological Materials for Determination at sub-ug\/g with INAA (Se\/TCF-INAA). Talanta, 70: 566-571.<\/li>\n<li class=\"publi\"><span class=\"italique\">Hergt, J, B\u00c9DARD, LP, Deloule, E, Wiedenbeck, M, Woodhead,JD (2005)\u00a0\u00a0<\/span><br \/>\nGGR Annual Review of Analytical Developments in 2003. Geostandards and Geoanalytical Research 29: 5-52.<\/li>\n<li class=\"publi\"><span class=\"italique\">B\u00c9DARD, L.P. Barnes S.-J. 2004.\u00a0<\/span><br \/>\nImproved Platinum-Group Element Extraction by NiS Fire Assay from Chromitite Ore Samples Using a Flux Containing Sodium Metaphosphate. Geostandards and Geoanalytical Research 28(2): 311-316.<\/li>\n<li class=\"publi\"><span class=\"italique\">B\u00c9DARD, L.P. 2003.\u00a0<\/span><br \/>\nBook review of : REFERENCE MATERIALS FOR CHEMICAL ANALYSIS &#8211; Certification, Availability and proper usage. M. Stoeppler, W.E. Wolf, P.J. Jenks (eds) Wiley-VCH Weinheim 2001. ISBN 3-527-30162-3, xxv + 297 pp. 109 Euros}. Journal of Chemometrics, 17: 358-359.<\/li>\n<li class=\"publi\"><span class=\"italique\">B\u00c9DARD, L.P. et Barnes S.-J. 2002.\u00a0<\/span><br \/>\nComparison of N-type semi-planar and coaxial INAA detectors for 33 Geochemical reference samples. Journal of Radioanalytical and Nuclear Chemistry 254: 485-497.<\/li>\n<li class=\"publi\"><span class=\"italique\">B\u00c9DARD, L.P. et Barnes S.-J. 2002.\u00a0<\/span><br \/>\nA comparison of the capacity of FA-ICP-MS and FA-INAA to determine platinum-group elements and gold in geological samples Journal of Radioanalytical and Nuclear Chemistry 254: 319-329<\/li>\n<li class=\"publi\"><span class=\"italique\">Flem, B. et B\u00c9DARD L.P. 2002.\u00a0<\/span><br \/>\nDetermination of trace elements in BCS CRM 313\/1 (BAS) and NIST SRM 1830 by ICP-MS and INAA. Geostandards Newsletter The Journal of Geostandards and Geoanalysis 28: 287-300.<\/li>\n<li class=\"publi\"><span class=\"italique\">B\u00c9DARD, L.P., Baker, D.R. and Machado, N. 1997.\u00a0<\/span><br \/>\nA new technique for the synthesis of geochemical reference samples for laser ablation-ICP-MS analysis of zircons. Chemical Geology 138: 1-7.<\/li>\n<li class=\"publi\"><span class=\"italique\">B\u00c9DARD, L.P. and Ludden, J.N. 1997.<\/span><br \/>\nNd-Isotopes of Archaean plutonic rocks from the Southeastern Superior Province. Canadian Journal of Earth Sciences 34: 286-298.<\/li>\n<li class=\"publi\"><span class=\"italique\">B\u00c9DARD, L.P. 1996.<\/span><br \/>\nArchean High-Mg monzodiorite plutonic suite: A reevaluation of the parental magma and differentiation. The Journal of Geology 104: 713-728.<\/li>\n<li class=\"publi\"><span class=\"italique\">B\u00c9DARD, L.P. 1996.\u00a0<\/span><br \/>\nReevaluation of the homogeneity of REE, Th and U in reference zircon 61.308B. Geostandards Newsletter 20: 289-293.<\/li>\n<li class=\"publi\"><span class=\"italique\">B\u00c9DARD, L.P. 1994.<\/span><br \/>\nGraphical comparison of geochemical results. Geostandards Newsletter, 18: 101-103.<\/li>\n<li class=\"publi\"><span class=\"italique\">B\u00c9DARD, L.P. 1993.\u00a0<\/span><br \/>\nInjections multiples de magma dans un conduit nourricier : implications sur le remplissage des plutons et l&#8217;extraction des magmas. Revue Canadienne des Sciences de la Terre, 30: 124-131.<\/li>\n<li class=\"publi\"><span class=\"italique\">B\u00c9DARD, L.P. 1993\u00a0<\/span><br \/>\nSignificance of enclave roundness: an inherant characteristic? Journal of Geology, 101: 121-125.<\/li>\n<li class=\"publi\"><span class=\"italique\">B\u00c9DARD, L.P. and Chown, E.H. 1992.\u00a0<\/span><br \/>\nThe Dolodau dykes, Canada: an example of an Archaean carbonatite. Mineralogy &amp; Petrology, 46: 109-121.<\/li>\n<li class=\"publi\"><span class=\"italique\">B\u00c9DARD, L.P. et Lapointe, B. 1991.\u00a0<\/span><br \/>\nLe r\u00e9chauffement de la Terre: Changement naturel ou Effet de l&#8217;activit\u00e9 humaine?. Geoscience Canada, 18: 99.<\/li>\n<li class=\"publi\"><span class=\"italique\">B\u00c9DARD, L.P. 1990.\u00a0<\/span><br \/>\nPetrogenesis of mantle-derived, LILE enriched Archean monzodiorites and trachyandesites (sanukitoids) in south-western Superior Province: Discussion. Canadian Journal of Earth Science, 27: 1135.<\/li>\n<li class=\"publi\"><span class=\"italique\">B\u00c9DARD, L.P. et Barnes S.-J. 1990.<\/span><br \/>\nInstrumental neutron activation analysis by collecting only one spectrum: results for international geochemical reference samples. Geostandards Newsletter, 14: 479-484.<\/li>\n<li class=\"publi\"><span class=\"italique\">Sawyer, E.W. et B\u00c9DARD, L.P. 1991.<\/span><br \/>\nMelt segregation and migration. EOS, American Geophysical Union, 72: 588.<\/p>\n<hr \/>\n<\/li>\n<\/ul>\n<\/div>\n<p><strong>Publications et Rapports<\/strong><\/p>\n<ul class=\"publi\">\n<li>B\u00c9DARD LP, Esbensen, KH. 2020.\n<div class=\"page\" title=\"Page 1\">\n<div class=\"layoutArea\">\n<div class=\"column\">\n<p>A didactic introduction to the Theory of Sampling:<br \/>\n2-D sampling experiment on heterogeneous floor tiles. SpectroscopyEurope 32 (1): 23-28.\u00a0<a href=\"https:\/\/www.spectroscopyeurope.com\/sampling\/didactic-introduction-theory-sampling-2-d-sampling-experiment-heterogeneous-floor-tiles\">https:\/\/www.spectroscopyeurope.com\/sampling\/didactic-introduction-theory-sampling-2-d-sampling-experiment-heterogeneous-floor-tiles<\/a><\/p>\n<p>B\u00c9DARD LP, Esbensen, KH. 2019. Revisiting the replication experiment. Spectroscopy-Now 31(4). <a href=\"https:\/\/www.spectroscopyeurope.com\/sampling\/revisiting-replication-experiment\">https:\/\/www.spectroscopyeurope.com\/sampling\/revisiting-replication-experiment<\/a><\/p>\n<\/div>\n<\/div>\n<\/div>\n<\/li>\n<li><span class=\"italique\">Webb P.C., Thompson M., Potts P.J., et B\u00c9DARD L. P. (2006) GEOPT18\u00a0<\/span><br \/>\nAn international proficiency test for analytical geochemistry laboratories &#8211; Report on round 18 \/ Jan 2006 (Quartz diorite, KPT-1).<br \/>\n<a title=\"Voir rapport\" href=\"https:\/\/www.geoanalyst.org\/geopt\/GeoPT18Report.pdf\">International Association of Geoanalysts Report.<\/a><\/li>\n<li class=\"publi\"><span class=\"italique\">Sawyer, E.W. et B\u00c9DARD, L.P. 1991.<\/span><br \/>\nB\u00c9DARD, L.P. and Ludden, J.N. 1993. Nd-isotope studies in the Opatica Plutonic Belt: preliminary evidence for crustal contamination. Lithoprobe: Abitibi-Grenville Project, Report 33: 177-178.<\/p>\n<hr \/>\n<\/li>\n<\/ul>\n<p><strong><a href=\"https:\/\/scholar.google.ca\/citations?hl=fr&amp;user=mfIft_YAAAAJ&amp;view_op=list_works&amp;sortby=pubdate\">Sur Google Sch<\/a><\/strong><strong><a href=\"https:\/\/scholar.google.ca\/citations?hl=fr&amp;user=mfIft_YAAAAJ&amp;view_op=list_works&amp;sortby=pubdate\">olar<\/a><\/strong><\/p>\n<hr \/>\n<p><strong>Sur Constellation<\/strong><\/p>\n<style>\nh3.hungryfeed_feed_title {}\r\ndiv.hungryfeed_feed_description {}\r\ndiv.hungryfeed_feed_content {}\r\ndiv.hungryfeed_items {}\r\ndiv.hungryfeed_item {margin-bottom: 10px;}\r\ndiv.hungryfeed_item_title {font-weight: bold;}\r\ndiv.hungryfeed_item_description {}\r\ndiv.hungryfeed_item_author {}\r\ndiv.hungryfeed_item_date {}\n<\/style>\n<script type=\"text\/javascript\">\r\n\/\/ Custom Javascript here...\r\n<\/script>\n<div style=\"margin:5px 0px 5px 0px;padding:10px;border: solid 1px red; background-color: #ff6666; color: black;\">\r\nHungryFEED can't get feed.  Don't be mad at HungryFEED. SimplePie reported: cURL error 7: Failed to connect to constellation.uqac.ca port 443 after 2045 ms: Could not connect to server\r\n<\/div>\n","protected":false},"excerpt":{"rendered":"<p>Livres B\u00c9DARD, L.P. Larouche, J. Hudon, P. (2008)\u00a0 Guide d&#8217;identification des min\u00e9raux. Broquet, Saint-Constant (QC), 208 pp.\u00a0\u00a0\u00a0\u00a0\u00a0Lien B\u00c9DARD, L.P. Larouche, J. Hudon, P. (2009) Guide \u00e9clair: Min\u00e9raux. Broquet, Saint-Constant (QC), 20 pp.\u00a0\u00a0\u00a0\u00a0\u00a0Lien Publications arbritr\u00e9es 1. Van Weelderen, M., Sappin, A.-A., B\u00e9dard, L.P., Gr\u00e9goire, M., Rayner, N., Stevenson, R., Legros, H., Camacho, A., Beaudoin, G. (Accept\u00e9). &hellip; <a href=\"https:\/\/portfolio.uqac.ca\/paulbedard\/publications\/\" class=\"more-link\">Continuer la lecture de <span class=\"screen-reader-text\">Publications<\/span>  <span class=\"meta-nav\">&rarr;<\/span><\/a><\/p>\n","protected":false},"author":89,"featured_media":0,"parent":0,"menu_order":0,"comment_status":"closed","ping_status":"closed","template":"","meta":{"footnotes":""},"tags":[],"_links":{"self":[{"href":"https:\/\/portfolio.uqac.ca\/paulbedard\/wp-json\/wp\/v2\/pages\/20"}],"collection":[{"href":"https:\/\/portfolio.uqac.ca\/paulbedard\/wp-json\/wp\/v2\/pages"}],"about":[{"href":"https:\/\/portfolio.uqac.ca\/paulbedard\/wp-json\/wp\/v2\/types\/page"}],"author":[{"embeddable":true,"href":"https:\/\/portfolio.uqac.ca\/paulbedard\/wp-json\/wp\/v2\/users\/89"}],"replies":[{"embeddable":true,"href":"https:\/\/portfolio.uqac.ca\/paulbedard\/wp-json\/wp\/v2\/comments?post=20"}],"version-history":[{"count":70,"href":"https:\/\/portfolio.uqac.ca\/paulbedard\/wp-json\/wp\/v2\/pages\/20\/revisions"}],"predecessor-version":[{"id":418,"href":"https:\/\/portfolio.uqac.ca\/paulbedard\/wp-json\/wp\/v2\/pages\/20\/revisions\/418"}],"wp:attachment":[{"href":"https:\/\/portfolio.uqac.ca\/paulbedard\/wp-json\/wp\/v2\/media?parent=20"}],"wp:term":[{"taxonomy":"post_tag","embeddable":true,"href":"https:\/\/portfolio.uqac.ca\/paulbedard\/wp-json\/wp\/v2\/tags?post=20"}],"curies":[{"name":"wp","href":"https:\/\/api.w.org\/{rel}","templated":true}]}}