{"id":27,"date":"2017-02-10T09:55:43","date_gmt":"2017-02-10T14:55:43","guid":{"rendered":"http:\/\/portfolio-pre.uqac.ca\/gabarit\/?page_id=27"},"modified":"2017-02-11T13:46:27","modified_gmt":"2017-02-11T18:46:27","slug":"curriculum-vitae","status":"publish","type":"page","link":"https:\/\/portfolio.uqac.ca\/paulbedard\/curriculum-vitae\/","title":{"rendered":"Curriculum vitae"},"content":{"rendered":"<h2><strong>Dipl\u00f4mes<\/strong><\/h2>\n<p>G\u00e9nie g\u00e9ologique 1984 (Universit\u00e9 du Qu\u00e9bec \u00e0 Chicoutimi)<\/p>\n<p>Maitrise en sciences de la Terre 1987\u00a0\u00a0(Universit\u00e9 du Qu\u00e9bec \u00e0 Chicoutimi)<\/p>\n<p>Doctorat en ressources min\u00e9rales 1991\u00a0\u00a0(Universit\u00e9 du Qu\u00e9bec \u00e0 Chicoutimi)<\/p>\n<p>Post-doctorat 1991-1995 (Universit\u00e9 de Montr\u00e9al et CRPG : Nancy, France)<\/p>\n<h2><\/h2>\n<h2><strong>Distinctions et bourses<br \/>\n<\/strong><\/h2>\n<ul>\n<li>2012 \u00a0Prix Aphonse Huard<br \/>\n(M\u00e9rite scientifique r\u00e9gional Saguenay-Lac-Saint-Jean)<\/li>\n<li>2008 \u00a0Prix Alphonse Huard au groupe des Sciences de la Terre<br \/>\nPrix Alphonse Huard au groupe des Sciences de la Terre<\/li>\n<li>2006 \u00a0Fondation g\u00e9ologique du Canada (Petit mus\u00e9e de l&#8217;UQAC)<\/li>\n<li>1992 \u00a0Bourse de recherche du C.R.S.N.G. (postdoctorale)<\/li>\n<li>1991 \u00a0Bourse de recherche \u00ab\u00a0Le Pr\u00eat d&#8217;Honneur\u00a0\u00bb (postdoctorale)<\/li>\n<li>1989 \u00a0Action structurante (M.E.S.S.Q.)<br \/>\nFondation Asselin<br \/>\nProgramme d&#8217;aide individuelle \u00e0 la recherche (UQAC)<br \/>\nThird International Archaean Symposium (Australie)<\/li>\n<li>1988 \u00a0Action structurante (M.E.S.S.Q.)<br \/>\nProgramme d&#8217;aide individuelle \u00e0 la recherche (UQAC)<\/li>\n<li>1983 \u00a0Canadian Society of Petroleum Geologists (Calgary)<\/li>\n<\/ul>\n<h2><strong>Affiliations professionnelles<\/strong><\/h2>\n<ul>\n<li>Ordre des Ing\u00e9nieurs du Qu\u00e9bec<\/li>\n<li>International Association of Geoanalysts<\/li>\n<li>Association g\u00e9ologique du Canada<\/li>\n<li>Association min\u00e9ralogique du Canada<\/li>\n<li>American Geophysical Union<\/li>\n<li>Geochemical Society<\/li>\n<\/ul>\n<h2><strong><br \/>\nActivit\u00e9s<\/strong><\/h2>\n<ul>\n<li>Entrevue dans Nature (Kaplan K. 2014. No place like home. Nature 506: 121-123) sur la gestion de carri\u00e8re en recherche<\/li>\n<li>Membre du conseil d&#8217;administration de la R\u00e9gionale Saguenay Lac Saint-Jean de l&#8217;Ordre des Ing\u00e9nieurs du Qu\u00e9bec de 1997 \u00e0 2001<\/li>\n<li>T\u00e9moin expert dans un cause impliquant l&#8217;identification de morceaux de roches (contamination alimentaire).<\/li>\n<li>Pr\u00e9paration de clips vid\u00e9o (sc\u00e9nariste et acteur) pour le Centre des sciences de Montr\u00e9al <a href=\"https:\/\/www.centredessciencesdemontreal.com\/expositions\/sio2-la-science-du-verre.html\">(SiO<sub>2<\/sub> : La science du verre)<\/a><\/li>\n<li>Fondation et pr\u00e9sidence du Club de Min\u00e9ralogie du Saguenay Lac Saint-Jean<\/li>\n<li>Pr\u00e9sident des s\u00e9minaires \u00e0 l&#8217;Universit\u00e9 du Qu\u00e9bec \u00e0 Chicoutimi sur le r\u00e9chauffement de la terre en 1990 et sur les min\u00e9raux de haute technologie en 1989<\/li>\n<li>Juge aux Expo-Sciences depuis 1995<\/li>\n<\/ul>\n","protected":false},"excerpt":{"rendered":"<p>Dipl\u00f4mes G\u00e9nie g\u00e9ologique 1984 (Universit\u00e9 du Qu\u00e9bec \u00e0 Chicoutimi) Maitrise en sciences de la Terre 1987\u00a0\u00a0(Universit\u00e9 du Qu\u00e9bec \u00e0 Chicoutimi) Doctorat en ressources min\u00e9rales 1991\u00a0\u00a0(Universit\u00e9 du Qu\u00e9bec \u00e0 Chicoutimi) Post-doctorat 1991-1995 (Universit\u00e9 de Montr\u00e9al et CRPG : Nancy, France) Distinctions et bourses 2012 \u00a0Prix Aphonse Huard (M\u00e9rite scientifique r\u00e9gional Saguenay-Lac-Saint-Jean) 2008 \u00a0Prix Alphonse Huard au &hellip; <a href=\"https:\/\/portfolio.uqac.ca\/paulbedard\/curriculum-vitae\/\" class=\"more-link\">Continuer la lecture de <span class=\"screen-reader-text\">Curriculum vitae<\/span>  <span class=\"meta-nav\">&rarr;<\/span><\/a><\/p>\n","protected":false},"author":89,"featured_media":0,"parent":0,"menu_order":0,"comment_status":"closed","ping_status":"closed","template":"","meta":{"footnotes":""},"tags":[],"_links":{"self":[{"href":"https:\/\/portfolio.uqac.ca\/paulbedard\/wp-json\/wp\/v2\/pages\/27"}],"collection":[{"href":"https:\/\/portfolio.uqac.ca\/paulbedard\/wp-json\/wp\/v2\/pages"}],"about":[{"href":"https:\/\/portfolio.uqac.ca\/paulbedard\/wp-json\/wp\/v2\/types\/page"}],"author":[{"embeddable":true,"href":"https:\/\/portfolio.uqac.ca\/paulbedard\/wp-json\/wp\/v2\/users\/89"}],"replies":[{"embeddable":true,"href":"https:\/\/portfolio.uqac.ca\/paulbedard\/wp-json\/wp\/v2\/comments?post=27"}],"version-history":[{"count":8,"href":"https:\/\/portfolio.uqac.ca\/paulbedard\/wp-json\/wp\/v2\/pages\/27\/revisions"}],"predecessor-version":[{"id":150,"href":"https:\/\/portfolio.uqac.ca\/paulbedard\/wp-json\/wp\/v2\/pages\/27\/revisions\/150"}],"wp:attachment":[{"href":"https:\/\/portfolio.uqac.ca\/paulbedard\/wp-json\/wp\/v2\/media?parent=27"}],"wp:term":[{"taxonomy":"post_tag","embeddable":true,"href":"https:\/\/portfolio.uqac.ca\/paulbedard\/wp-json\/wp\/v2\/tags?post=27"}],"curies":[{"name":"wp","href":"https:\/\/api.w.org\/{rel}","templated":true}]}}