{"id":336,"date":"2023-12-18T12:29:51","date_gmt":"2023-12-18T17:29:51","guid":{"rendered":"http:\/\/portfolio-pre.uqac.ca\/paulbedard\/?page_id=336"},"modified":"2023-12-18T12:41:34","modified_gmt":"2023-12-18T17:41:34","slug":"on-parle-de-nous","status":"publish","type":"page","link":"https:\/\/portfolio.uqac.ca\/paulbedard\/on-parle-de-nous\/","title":{"rendered":"On parle de nous"},"content":{"rendered":"<ul>\n<li><a href=\"https:\/\/ici.radio-canada.ca\/nouvelle\/2011816\/niobium-tantale-girardville-mine-forage\" target=\"_blank\">19 septembre 2023 : Le site du projet minier Crevier analys\u00e9 par des scientifiques canadiens et sud-cor\u00e9ens<\/a>. Ici Radio-Canada.<\/li>\n<li>29 septembre 2023 : <a href=\"https:\/\/www.uqac.ca\/blog\/2023\/09\/29\/la-chercheuse-segolene-vandevelde-recoit-un-prix-de-these-de-luispp\/\" target=\"_blank\">La chercheuse S\u00e9gol\u00e8ne Vandevelde re\u00e7oit un prix de th\u00e8se de l\u2019UISPP<\/a>.<\/li>\n<li>16 octobre 2023 :\u00a0<a href=\"https:\/\/www.uqac.ca\/blog\/2023\/10\/16\/la-chercheuse-segolene-vandevelde-remporte-le-prix-brepols-de-lunion-academique-internationale\/\" target=\"_blank\">La chercheuse S\u00e9gol\u00e8ne Vandevelde re\u00e7oit le prix Brepols de l\u2019Union acad\u00e9mique internationale <\/a><\/li>\n<li>13 novembre 2022 : Min\u00e9raux critiques et strat\u00e9giques. <a href=\"https:\/\/www.journaldequebec.com\/2022\/11\/10\/filiere-electrique-la-mainmise-de-la-chine-sur-nos-mineraux-sous-haute-surveillance\" target=\"_blank\">Journal de Qu\u00e9bec.<\/a><\/li>\n<li>12 d\u00e9cembre 2022 : <a href=\"https:\/\/www.uqac.ca\/blog\/2022\/12\/12\/bourse-postdoctorale-banting-une-premiere-recipiendaire-pour-luqac\/\" target=\"_blank\">Bourse postdoctorale Banting : une premi\u00e8re r\u00e9cipiendaire pour l\u2019UQAC<\/a>.<\/li>\n<\/ul>\n","protected":false},"excerpt":{"rendered":"<p>19 septembre 2023 : Le site du projet minier Crevier analys\u00e9 par des scientifiques canadiens et sud-cor\u00e9ens. Ici Radio-Canada. 29 septembre 2023 : La chercheuse S\u00e9gol\u00e8ne Vandevelde re\u00e7oit un prix de th\u00e8se de l\u2019UISPP. 16 octobre 2023 :\u00a0La chercheuse S\u00e9gol\u00e8ne Vandevelde re\u00e7oit le prix Brepols de l\u2019Union acad\u00e9mique internationale 13 novembre 2022 : Min\u00e9raux critiques &hellip; <a href=\"https:\/\/portfolio.uqac.ca\/paulbedard\/on-parle-de-nous\/\" class=\"more-link\">Continuer la lecture de <span class=\"screen-reader-text\">On parle de nous<\/span>  <span class=\"meta-nav\">&rarr;<\/span><\/a><\/p>\n","protected":false},"author":160,"featured_media":0,"parent":0,"menu_order":0,"comment_status":"closed","ping_status":"closed","template":"","meta":{"footnotes":""},"tags":[],"_links":{"self":[{"href":"https:\/\/portfolio.uqac.ca\/paulbedard\/wp-json\/wp\/v2\/pages\/336"}],"collection":[{"href":"https:\/\/portfolio.uqac.ca\/paulbedard\/wp-json\/wp\/v2\/pages"}],"about":[{"href":"https:\/\/portfolio.uqac.ca\/paulbedard\/wp-json\/wp\/v2\/types\/page"}],"author":[{"embeddable":true,"href":"https:\/\/portfolio.uqac.ca\/paulbedard\/wp-json\/wp\/v2\/users\/160"}],"replies":[{"embeddable":true,"href":"https:\/\/portfolio.uqac.ca\/paulbedard\/wp-json\/wp\/v2\/comments?post=336"}],"version-history":[{"count":4,"href":"https:\/\/portfolio.uqac.ca\/paulbedard\/wp-json\/wp\/v2\/pages\/336\/revisions"}],"predecessor-version":[{"id":341,"href":"https:\/\/portfolio.uqac.ca\/paulbedard\/wp-json\/wp\/v2\/pages\/336\/revisions\/341"}],"wp:attachment":[{"href":"https:\/\/portfolio.uqac.ca\/paulbedard\/wp-json\/wp\/v2\/media?parent=336"}],"wp:term":[{"taxonomy":"post_tag","embeddable":true,"href":"https:\/\/portfolio.uqac.ca\/paulbedard\/wp-json\/wp\/v2\/tags?post=336"}],"curies":[{"name":"wp","href":"https:\/\/api.w.org\/{rel}","templated":true}]}}