{"id":4,"date":"2017-02-10T09:55:43","date_gmt":"2017-02-10T14:55:43","guid":{"rendered":"http:\/\/portfolio-pre.uqac.ca\/gabarit\/?page_id=4"},"modified":"2025-03-27T14:54:53","modified_gmt":"2025-03-27T18:54:53","slug":"presentatio","status":"publish","type":"page","link":"https:\/\/portfolio.uqac.ca\/paulbedard\/","title":{"rendered":"Pr\u00e9sentation"},"content":{"rendered":"<h2>L.Paul B\u00e9dard, ing. Ph.D.<\/h2>\n<p>Professeur titulaire au d\u00e9partement des sciences appliqu\u00e9es<br \/>\nUnit\u00e9 d&#8217;enseignement des sciences de la Terre<br \/>\nDirecteur du <a href=\"https:\/\/cerm.uqac.ca\">CERM<\/a><a href=\"https:\/\/portfolio.uqac.ca\/paulbedard\/files\/2025\/03\/LOGO_CERM_A24_Coul.jpg\"><img loading=\"lazy\" decoding=\"async\" class=\"alignright size-medium wp-image-414\" src=\"https:\/\/portfolio.uqac.ca\/paulbedard\/files\/2025\/03\/LOGO_CERM_A24_Coul-300x75.jpg\" alt=\"\" width=\"300\" height=\"75\" srcset=\"https:\/\/portfolio.uqac.ca\/paulbedard\/files\/2025\/03\/LOGO_CERM_A24_Coul-300x75.jpg 300w, https:\/\/portfolio.uqac.ca\/paulbedard\/files\/2025\/03\/LOGO_CERM_A24_Coul.jpg 413w\" sizes=\"(max-width: 300px) 100vw, 300px\" \/><\/a><\/p>\n<p>&nbsp;<\/p>\n<p>&nbsp;<\/p>\n<p><strong>Membre de l&#8217;Ordre des Ing\u00e9nieurs du Qu\u00e9bec<\/strong> <a href=\"https:\/\/www.oiq.qc.ca\">OIQ<\/a><\/p>\n<h2>Champs d&#8217;int\u00e9r\u00eat<\/h2>\n<ul>\n<li>G\u00e9ochimie,<\/li>\n<li>Carbonatite,<\/li>\n<li>Min\u00e9raux industriels,<\/li>\n<li>Application de l&#8217;apprentissage profond aux min\u00e9raux<\/li>\n<li>Quantification des textures<\/li>\n<\/ul>\n","protected":false},"excerpt":{"rendered":"<p>L.Paul B\u00e9dard, ing. Ph.D. Professeur titulaire au d\u00e9partement des sciences appliqu\u00e9es Unit\u00e9 d&#8217;enseignement des sciences de la Terre Directeur du CERM &nbsp; &nbsp; Membre de l&#8217;Ordre des Ing\u00e9nieurs du Qu\u00e9bec OIQ Champs d&#8217;int\u00e9r\u00eat G\u00e9ochimie, Carbonatite, Min\u00e9raux industriels, Application de l&#8217;apprentissage profond aux min\u00e9raux Quantification des textures<\/p>\n","protected":false},"author":89,"featured_media":400,"parent":0,"menu_order":0,"comment_status":"closed","ping_status":"closed","template":"","meta":{"footnotes":""},"tags":[],"_links":{"self":[{"href":"https:\/\/portfolio.uqac.ca\/paulbedard\/wp-json\/wp\/v2\/pages\/4"}],"collection":[{"href":"https:\/\/portfolio.uqac.ca\/paulbedard\/wp-json\/wp\/v2\/pages"}],"about":[{"href":"https:\/\/portfolio.uqac.ca\/paulbedard\/wp-json\/wp\/v2\/types\/page"}],"author":[{"embeddable":true,"href":"https:\/\/portfolio.uqac.ca\/paulbedard\/wp-json\/wp\/v2\/users\/89"}],"replies":[{"embeddable":true,"href":"https:\/\/portfolio.uqac.ca\/paulbedard\/wp-json\/wp\/v2\/comments?post=4"}],"version-history":[{"count":24,"href":"https:\/\/portfolio.uqac.ca\/paulbedard\/wp-json\/wp\/v2\/pages\/4\/revisions"}],"predecessor-version":[{"id":415,"href":"https:\/\/portfolio.uqac.ca\/paulbedard\/wp-json\/wp\/v2\/pages\/4\/revisions\/415"}],"wp:featuredmedia":[{"embeddable":true,"href":"https:\/\/portfolio.uqac.ca\/paulbedard\/wp-json\/wp\/v2\/media\/400"}],"wp:attachment":[{"href":"https:\/\/portfolio.uqac.ca\/paulbedard\/wp-json\/wp\/v2\/media?parent=4"}],"wp:term":[{"taxonomy":"post_tag","embeddable":true,"href":"https:\/\/portfolio.uqac.ca\/paulbedard\/wp-json\/wp\/v2\/tags?post=4"}],"curies":[{"name":"wp","href":"https:\/\/api.w.org\/{rel}","templated":true}]}}