{"id":46,"date":"2017-02-10T09:55:43","date_gmt":"2017-02-10T14:55:43","guid":{"rendered":"http:\/\/portfolio-pre.uqac.ca\/gabarit\/?page_id=46"},"modified":"2025-03-27T14:52:23","modified_gmt":"2025-03-27T18:52:23","slug":"recherche","status":"publish","type":"page","link":"https:\/\/portfolio.uqac.ca\/paulbedard\/recherche\/","title":{"rendered":"Recherche"},"content":{"rendered":"<ul>\n<li>\u00c9tude des min\u00e9ralisations dans les carbonatites<\/li>\n<li>Reconnaissance optique des min\u00e9raux et les textures p\u00e9trographiques par apprentissage automatis\u00e9<\/li>\n<li>Modifications des min\u00e9raux pour la fertilisation agricole et pour la captation de CO2<\/li>\n<\/ul>\n<h1><strong>Comit\u00e9 internationaux<\/strong><\/h1>\n<p>&#8220;Associate editor&#8221; au p\u00e9riodique revue par les pairs :<\/p>\n<ul>\n<li><a href=\"https:\/\/www.mdpi.com\/journal\/minerals\/sectioneditors\/Mineral_Deposits\" target=\"_blank\" rel=\"noopener\">Minerals<\/a><\/li>\n<li><a href=\"https:\/\/loop.frontiersin.org\/people\/1224757\/overview\">Frontiers in Earth Sciences<\/a><\/li>\n<\/ul>\n<h1><strong>Financement de la recherche<\/strong><\/h1>\n<p><a href=\"https:\/\/portfolio.uqac.ca\/paulbedard\/files\/2025\/03\/new_pastille-logo-frq_fond_bleu_marin.png\"><img loading=\"lazy\" decoding=\"async\" class=\"alignright size-medium wp-image-406\" src=\"https:\/\/portfolio.uqac.ca\/paulbedard\/files\/2025\/03\/new_pastille-logo-frq_fond_bleu_marin-300x300.png\" alt=\"\" width=\"300\" height=\"300\" srcset=\"https:\/\/portfolio.uqac.ca\/paulbedard\/files\/2025\/03\/new_pastille-logo-frq_fond_bleu_marin-300x300.png 300w, https:\/\/portfolio.uqac.ca\/paulbedard\/files\/2025\/03\/new_pastille-logo-frq_fond_bleu_marin-1024x1024.png 1024w, https:\/\/portfolio.uqac.ca\/paulbedard\/files\/2025\/03\/new_pastille-logo-frq_fond_bleu_marin-150x150.png 150w, https:\/\/portfolio.uqac.ca\/paulbedard\/files\/2025\/03\/new_pastille-logo-frq_fond_bleu_marin-768x768.png 768w, https:\/\/portfolio.uqac.ca\/paulbedard\/files\/2025\/03\/new_pastille-logo-frq_fond_bleu_marin.png 1070w\" sizes=\"(max-width: 300px) 100vw, 300px\" \/><\/a><a href=\"https:\/\/portfolio.uqac.ca\/paulbedard\/files\/2025\/03\/Mitacs_logo_blue.png\"><img loading=\"lazy\" decoding=\"async\" class=\"alignright size-medium wp-image-410\" src=\"https:\/\/portfolio.uqac.ca\/paulbedard\/files\/2025\/03\/Mitacs_logo_blue-300x62.png\" alt=\"\" width=\"300\" height=\"62\" srcset=\"https:\/\/portfolio.uqac.ca\/paulbedard\/files\/2025\/03\/Mitacs_logo_blue-300x62.png 300w, https:\/\/portfolio.uqac.ca\/paulbedard\/files\/2025\/03\/Mitacs_logo_blue-1024x213.png 1024w, https:\/\/portfolio.uqac.ca\/paulbedard\/files\/2025\/03\/Mitacs_logo_blue-768x159.png 768w, https:\/\/portfolio.uqac.ca\/paulbedard\/files\/2025\/03\/Mitacs_logo_blue-1536x319.png 1536w, https:\/\/portfolio.uqac.ca\/paulbedard\/files\/2025\/03\/Mitacs_logo_blue-2048x425.png 2048w\" sizes=\"(max-width: 300px) 100vw, 300px\" \/><\/a><a href=\"https:\/\/portfolio.uqac.ca\/paulbedard\/files\/2025\/03\/MERN_couleur.jpg\"><img loading=\"lazy\" decoding=\"async\" class=\"alignright size-medium wp-image-411\" src=\"https:\/\/portfolio.uqac.ca\/paulbedard\/files\/2025\/03\/MERN_couleur.jpg\" alt=\"\" width=\"248\" height=\"95\" \/><\/a><a href=\"https:\/\/portfolio.uqac.ca\/paulbedard\/files\/2025\/03\/Logo_FUQAC.png\"><img loading=\"lazy\" decoding=\"async\" class=\"alignright size-medium wp-image-409\" src=\"https:\/\/portfolio.uqac.ca\/paulbedard\/files\/2025\/03\/Logo_FUQAC-300x246.png\" alt=\"\" width=\"300\" height=\"246\" srcset=\"https:\/\/portfolio.uqac.ca\/paulbedard\/files\/2025\/03\/Logo_FUQAC-300x246.png 300w, https:\/\/portfolio.uqac.ca\/paulbedard\/files\/2025\/03\/Logo_FUQAC-1024x841.png 1024w, https:\/\/portfolio.uqac.ca\/paulbedard\/files\/2025\/03\/Logo_FUQAC-768x631.png 768w, https:\/\/portfolio.uqac.ca\/paulbedard\/files\/2025\/03\/Logo_FUQAC.png 1394w\" sizes=\"(max-width: 300px) 100vw, 300px\" \/><\/a><a href=\"https:\/\/portfolio.uqac.ca\/paulbedard\/files\/2025\/03\/CRSNG_RGB.png\"><img loading=\"lazy\" decoding=\"async\" class=\"alignright size-full wp-image-412\" src=\"https:\/\/portfolio.uqac.ca\/paulbedard\/files\/2025\/03\/CRSNG_RGB.png\" alt=\"\" width=\"240\" height=\"116\" \/><\/a><\/p>\n","protected":false},"excerpt":{"rendered":"<p>\u00c9tude des min\u00e9ralisations dans les carbonatites Reconnaissance optique des min\u00e9raux et les textures p\u00e9trographiques par apprentissage automatis\u00e9 Modifications des min\u00e9raux pour la fertilisation agricole et pour la captation de CO2 Comit\u00e9 internationaux &#8220;Associate editor&#8221; au p\u00e9riodique revue par les pairs : Minerals Frontiers in Earth Sciences Financement de la recherche<\/p>\n","protected":false},"author":89,"featured_media":0,"parent":0,"menu_order":0,"comment_status":"closed","ping_status":"closed","template":"","meta":{"footnotes":""},"tags":[],"_links":{"self":[{"href":"https:\/\/portfolio.uqac.ca\/paulbedard\/wp-json\/wp\/v2\/pages\/46"}],"collection":[{"href":"https:\/\/portfolio.uqac.ca\/paulbedard\/wp-json\/wp\/v2\/pages"}],"about":[{"href":"https:\/\/portfolio.uqac.ca\/paulbedard\/wp-json\/wp\/v2\/types\/page"}],"author":[{"embeddable":true,"href":"https:\/\/portfolio.uqac.ca\/paulbedard\/wp-json\/wp\/v2\/users\/89"}],"replies":[{"embeddable":true,"href":"https:\/\/portfolio.uqac.ca\/paulbedard\/wp-json\/wp\/v2\/comments?post=46"}],"version-history":[{"count":11,"href":"https:\/\/portfolio.uqac.ca\/paulbedard\/wp-json\/wp\/v2\/pages\/46\/revisions"}],"predecessor-version":[{"id":413,"href":"https:\/\/portfolio.uqac.ca\/paulbedard\/wp-json\/wp\/v2\/pages\/46\/revisions\/413"}],"wp:attachment":[{"href":"https:\/\/portfolio.uqac.ca\/paulbedard\/wp-json\/wp\/v2\/media?parent=46"}],"wp:term":[{"taxonomy":"post_tag","embeddable":true,"href":"https:\/\/portfolio.uqac.ca\/paulbedard\/wp-json\/wp\/v2\/tags?post=46"}],"curies":[{"name":"wp","href":"https:\/\/api.w.org\/{rel}","templated":true}]}}