{"id":165,"date":"2021-12-21T11:25:59","date_gmt":"2021-12-21T16:25:59","guid":{"rendered":"http:\/\/portfolio-pre.uqac.ca\/gabarit\/?page_id=165"},"modified":"2022-06-14T16:43:06","modified_gmt":"2022-06-14T20:43:06","slug":"communications-2","status":"publish","type":"page","link":"https:\/\/portfolio.uqac.ca\/penelopeparadisdeschenes\/communications-2\/","title":{"rendered":"Communications"},"content":{"rendered":"<h2>Communications orales<\/h2>\n<p><strong>Paradis-Desch\u00eanes, P.,<\/strong> Joanisse, DR., Mauri\u00e8ge, P., &amp; Billaut, F. (2020). L\u2019 ajout du pr\u00e9conditionnement isch\u00e9mique \u00e0 l\u2019entra\u00eenement de sprint am\u00e9liore l\u2019oxyg\u00e9nation musculaire et la performance d\u2019athl\u00e8tes d\u2019endurance. Journ\u00e9e de la kin\u00e9siologie, Qu\u00e9bec, Canada.<\/p>\n<p><strong>Paradis-Desch\u00eanes, P.<\/strong>, Lapointe, J., Joanisse, DR., &amp; Billaut, F. (2020). Ischemic preconditioning, active recovery and neuromuscular electrical stimulation have similar effects on performance during repeated 5-km time-trials in endurance athletes. CSEP 2020 (Conf\u00e9rence virtuelle).<\/p>\n<p><strong>Paradis-Desch\u00eanes, P.<\/strong>, Joanisse, DR., Mauri\u00e8ge, P., &amp; Billaut, F.(2019). Ischemic preconditioning enhances aerobic adaptations to sprint-interval training without altering angiogenic and immune functions. CSEP 2019, Kelowna, Canada.<\/p>\n<p><strong>Paradis-Desch\u00eanes, P.<\/strong>, Joanisse, DR., Mauri\u00e8ge, P., &amp; Billaut, F.(2019). Combinaison du pr\u00e9conditionnement isch\u00e9mique et de l\u2019entra\u00eenement en sprint. Association Qu\u00e9b\u00e9coise des Sciences de l\u2019Activit\u00e9 Physique (AQSAP) 2019, Trois-Rivi\u00e8res, Canada.<\/p>\n<p><strong>Paradis-Desch\u00eanes, P.<\/strong>, Joanisse, DR., Mauri\u00e8ge, P., &amp; Billaut, F.(2018). Sprint-interval training preceded by ischemic preconditioning improves time-trial performance in trained males: preliminary results. CSEP 2018, Niagara Falls, Canada.<\/p>\n<p><strong>Paradis-Desch\u00eanes, P.<\/strong>, Joanisse, DR., &amp; Billaut, F. (2018). Le pr\u00e9conditionnement isch\u00e9mique am\u00e9liore la performance a\u00e9robie \u00e0 une altitude mod\u00e9r\u00e9e. Journ\u00e9es de la recherche en sant\u00e9, Qu\u00e9bec, Canada.<\/p>\n<p><strong>Paradis-Desch\u00eanes, P.<\/strong>, Joanisse, DR., &amp; Billaut, F.\u00a0(2017). Effets du pr\u00e9conditionnement isch\u00e9mique sur l\u2019oxyg\u00e9nation musculaire et la performance lors de contractions maximales. Association Qu\u00e9b\u00e9coise des Sciences de l\u2019Activit\u00e9 Physique (AQSAP), Sherbrooke, Canada.<\/p>\n<p><strong>Paradis-Desch\u00eanes, P.<\/strong>, Joanisse, DR., &amp; Billaut, F.\u00a0(2016). Les effets du pr\u00e9conditionnement isch\u00e9mique sur l\u2019oxyg\u00e9nation musculaire et la performance chez les hommes et les femmes. Rendez-vous des entra\u00eeneurs, Montr\u00e9al, Canada<\/p>\n<p><strong>Paradis-Desch\u00eanes, P.<\/strong>, Joanisse, DR., &amp; Billaut, F.\u00a0(2016). Effects of ischemic preconditioning on muscle oxygenation and performance in males and\u00a0females. CSEP 2016, Victoria, Canada.<\/p>\n<p><strong>Paradis-Desch\u00eanes, P.<\/strong>, Joanisse, DR., &amp; Billaut, F. (2015). Ischemic preconditioning alters muscle oxygenation and performance during maximal contractions. Pan American Sport &amp; Exercise Research Summit, Toronto, Canada.<\/p>\n<h2>Communications par affiches<\/h2>\n<p>Billaut, F, Bourgeois H., &amp; <strong>Paradis-Desch\u00eanes, P.<\/strong> (2022). High-Intensity Interval Training Combined With Blood-Flow Restriction Predominantly Alters Anaerobic Capacity in Endurance-Trained Athletes, Experimental Biology.<\/p>\n<p>Bourgeois H, <strong>Paradis-Desch\u00eanes P.,<\/strong> &amp; Billaut, F. (2021). Impact of high intensity interval training with blood flow restriction on aerobic and anaerobic performances in endurance-trained athletes: preliminary results, \u00a0Soci\u00e9t\u00e9 canadienne de physiologie de l\u2019exercice (SCPE).<\/p>\n<p><strong>Paradis-Desch\u00eanes, P.,<\/strong> Lapointe, J., Joanisse, DR., &amp; Billaut, F. (2020). Similar recovery of maximal cycling performance after ischemic preconditioning, neuromuscular electrical stimulation or active recovery in endurance athletes, Sommet SPIN virtuel.<\/p>\n<p>Lapointe, J., <strong>Paradis-Desch\u00eanes, P.<\/strong>, Woorons, X., Lema\u00eetre, F., &amp; Billaut, F. (2019). Impact of hypoventilation on muscle oxygenation, myoelectrical changes, systemic [K+] and repeated-sprint ability in basketball players. Journ\u00e9es de la kin\u00e9siologie, Qu\u00e9bec.<\/p>\n<p>Lapointe, J., <strong>Paradis-Desch\u00eanes, P.<\/strong>, Woorons, X., Lema\u00eetre F., &amp; Billaut, F. (2019). Impact of hypoventilation on muscle oxygenation, myoelectrical changes, systemic [K<sup>+<\/sup>] and repeated-sprint ability in basketball players. Symposium provincial de la performance sportive (S2P2), Montr\u00e9al.<\/p>\n<p><strong>Paradis-Desch\u00eanes, P.<\/strong>, Joanisse, DR., Mauri\u00e8ge, P., &amp; Billaut, F. (2019). Le pr\u00e9conditionnement isch\u00e9mique combin\u00e9 \u00e0 l\u2019entra\u00eenement de sprint am\u00e9liore l\u2019oxyg\u00e9nation musculaire et la performance d\u2019athl\u00e8tes d\u2019endurance. S2P2, Montr\u00e9al.<\/p>\n<p>Lapointe, J., <strong>Paradis-Desch\u00eanes, P.<\/strong>, Woorons, X., Lema\u00eetre, F., &amp; Billaut, F. (2019). Impact of voluntary hypoventilation training on repeated-sprint ability in basketball players. CSEP, Kelowna.<\/p>\n<p><strong>Paradis-Desch\u00eanes, P.<\/strong>, Joanisse, DR., &amp; Billaut, F. (2017). Ischemic preconditioning improves 5-km time-trial performance at moderate altitude in trained cyclists. CSEP, Winnipeg.<\/p>\n<p><strong>Paradis-Desch\u00eanes, P.<\/strong>, Joanisse, DR., &amp; Billaut, F. (2017). Le pr\u00e9conditionnement isch\u00e9mique am\u00e9liore la performance des cyclistes lors d\u2019un contre-la-montre de 5 km \u00e0 2400 m d\u2019altitude. Rendez-vous des entra\u00eeneurs, Qu\u00e9bec.<\/p>\n<p><strong>Paradis-Desch\u00eanes, P.<\/strong>, Joanisse, DR., &amp; Billaut, F. (2016). Les effets du pr\u00e9conditionnement isch\u00e9mique sur l\u2019oxyg\u00e9nation musculaire et la performance chez les hommes et les femmes. Rendez-vous des entra\u00eeneurs, Montr\u00e9al.<\/p>\n<p><strong>Paradis-Desch\u00eanes, P.<\/strong>, Joanisse, DR., &amp; Billaut, F. (2016). Les effets du pr\u00e9conditionnement isch\u00e9mique sur la r\u00e9ponse h\u00e9modynamique et la performance\u00a0: diff\u00e9rence entre les sexes. Journ\u00e9es de la recherche en sant\u00e9, Qu\u00e9bec.<\/p>\n<p><strong>Paradis-Desch\u00eanes, P.<\/strong>, Joanisse, DR., &amp; Billaut, F. (2015). Le pr\u00e9conditionnement isch\u00e9mique modifie l\u2019h\u00e9modynamique musculaire et augmente la capacit\u00e9 physique. Soci\u00e9t\u00e9 des sciences vasculaires du Qu\u00e9bec, Qu\u00e9bec.<\/p>\n<p><strong>Paradis-Desch\u00eanes, P.<\/strong>, Joanisse, DR., &amp; Billaut, F. (2015). Ischemic preconditionning increases muscle perfusion, oxygen uptake and maximal force. CSEP, Hamilton.<\/p>\n<p><strong>Paradis-Desch\u00eanes, P.<\/strong>, Joanisse, DR., &amp; Billaut, F.(2015). 15 min de pr\u00e9conditionnement isch\u00e9mique augmentent la consommation d\u2019oxyg\u00e8ne et l\u2019endurance de force. Rendez-vous des entra\u00eeneurs, Montr\u00e9al.<\/p>\n<p><strong>Paradis-Desch\u00eanes, P.<\/strong>, Joanisse, DR., &amp; Billaut, F.\u00a0(2015). Ischemic preconditioning increases muscle perfusion and maximal strength. Keystone Symposia, Dublin.<\/p>\n","protected":false},"excerpt":{"rendered":"<p>Communications orales Paradis-Desch\u00eanes, P., Joanisse, DR., Mauri\u00e8ge, P., &amp; Billaut, F. (2020). L\u2019 ajout du pr\u00e9conditionnement isch\u00e9mique \u00e0 l\u2019entra\u00eenement de sprint am\u00e9liore l\u2019oxyg\u00e9nation musculaire et la performance d\u2019athl\u00e8tes d\u2019endurance. Journ\u00e9e de la kin\u00e9siologie, Qu\u00e9bec, Canada. Paradis-Desch\u00eanes, P., Lapointe, J., Joanisse, DR., &amp; Billaut, F. (2020). Ischemic preconditioning, active recovery and neuromuscular electrical stimulation have similar &hellip; <a href=\"https:\/\/portfolio.uqac.ca\/penelopeparadisdeschenes\/communications-2\/\" class=\"more-link\">Continuer la lecture de <span class=\"screen-reader-text\">Communications<\/span>  <span class=\"meta-nav\">&rarr;<\/span><\/a><\/p>\n","protected":false},"author":89,"featured_media":0,"parent":0,"menu_order":0,"comment_status":"closed","ping_status":"closed","template":"","meta":{"footnotes":""},"tags":[],"_links":{"self":[{"href":"https:\/\/portfolio.uqac.ca\/penelopeparadisdeschenes\/wp-json\/wp\/v2\/pages\/165"}],"collection":[{"href":"https:\/\/portfolio.uqac.ca\/penelopeparadisdeschenes\/wp-json\/wp\/v2\/pages"}],"about":[{"href":"https:\/\/portfolio.uqac.ca\/penelopeparadisdeschenes\/wp-json\/wp\/v2\/types\/page"}],"author":[{"embeddable":true,"href":"https:\/\/portfolio.uqac.ca\/penelopeparadisdeschenes\/wp-json\/wp\/v2\/users\/89"}],"replies":[{"embeddable":true,"href":"https:\/\/portfolio.uqac.ca\/penelopeparadisdeschenes\/wp-json\/wp\/v2\/comments?post=165"}],"version-history":[{"count":11,"href":"https:\/\/portfolio.uqac.ca\/penelopeparadisdeschenes\/wp-json\/wp\/v2\/pages\/165\/revisions"}],"predecessor-version":[{"id":238,"href":"https:\/\/portfolio.uqac.ca\/penelopeparadisdeschenes\/wp-json\/wp\/v2\/pages\/165\/revisions\/238"}],"wp:attachment":[{"href":"https:\/\/portfolio.uqac.ca\/penelopeparadisdeschenes\/wp-json\/wp\/v2\/media?parent=165"}],"wp:term":[{"taxonomy":"post_tag","embeddable":true,"href":"https:\/\/portfolio.uqac.ca\/penelopeparadisdeschenes\/wp-json\/wp\/v2\/tags?post=165"}],"curies":[{"name":"wp","href":"https:\/\/api.w.org\/{rel}","templated":true}]}}