{"id":167,"date":"2021-12-21T11:25:59","date_gmt":"2021-12-21T16:25:59","guid":{"rendered":"http:\/\/portfolio-pre.uqac.ca\/gabarit\/?page_id=167"},"modified":"2022-06-14T16:30:09","modified_gmt":"2022-06-14T20:30:09","slug":"autres-publications","status":"publish","type":"page","link":"https:\/\/portfolio.uqac.ca\/penelopeparadisdeschenes\/autres-publications\/","title":{"rendered":"Autres publications"},"content":{"rendered":"<h2><strong>Lettre \u00e0 l&#8217;\u00e9diteur dans des revues \u00e0 comit\u00e9 de lecture<\/strong><\/h2>\n<p>Bourgeois, H., <strong>Paradis-Desch\u00eanes, P.<\/strong>, &amp; Billaut, F. (2020). Commentary: Active Preconditioning With Blood Flow Restriction or\/and Systemic Hypoxic Exposure Does Not Improve Repeated Sprint Cycling Performance. <em>Front Physiol. <\/em>11, 122. <a href=\"https:\/\/doi.org\/10.3389\/fphys.2020.00122\">https:\/\/doi.org\/10.3389\/fphys.2020.00122\u00a0\u00a0<\/a><\/p>\n<p><strong>Paradis-Desch\u00eanes, P.<\/strong>, Joanisse, DR., &amp; Billaut, F. (2018). Response. <em>Med Sci Sports Exerc. <\/em>50 (12), 2613.\u00a0<a href=\"https:\/\/doi.org\/10.1249\/mss.0000000000001709\">https:\/\/doi.org\/10.1249\/mss.0000000000001709<\/a><\/p>\n<h2>Articles scientifiques dans des revues sans comit\u00e9 de lecture<\/h2>\n<p><strong>Paradis-Desch\u00eanes, P.<\/strong>,\u00a0 &amp; Billaut, F. (2017). Le pr\u00e9conditionnement isch\u00e9mique augmente la perfusion musculaire, l\u2019extraction d\u2019oxyg\u00e8ne et la performance chez des hommes entra\u00een\u00e9s en force. Institut National du sport du Qu\u00e9bec (Savoir-sport).\u00a0<a href=\"https:\/\/notyss.com\/savoirsport\/fiche.jsp?idFiche=943\">https:\/\/notyss.com\/savoirsport\/fiche.jsp?idFiche=943\u00a0<\/a><\/p>\n<p><strong>Paradis-Desch\u00eanes, P.<\/strong>,\u00a0 &amp; Billaut, F. (2017). L\u2019effet ergog\u00e8ne du pr\u00e9conditionnement isch\u00e9mique est plus prononc\u00e9 chez les athl\u00e8tes masculins que f\u00e9minins. Institut National du sport du Qu\u00e9bec (Savoir-sport).\u00a0<a href=\"https:\/\/notyss.com\/savoirsport\/fiche.jsp?idFiche=942\">https:\/\/notyss.com\/savoirsport\/fiche.jsp?idFiche=942<\/a><\/p>\n","protected":false},"excerpt":{"rendered":"<p>Lettre \u00e0 l&#8217;\u00e9diteur dans des revues \u00e0 comit\u00e9 de lecture Bourgeois, H., Paradis-Desch\u00eanes, P., &amp; Billaut, F. (2020). Commentary: Active Preconditioning With Blood Flow Restriction or\/and Systemic Hypoxic Exposure Does Not Improve Repeated Sprint Cycling Performance. Front Physiol. 11, 122. https:\/\/doi.org\/10.3389\/fphys.2020.00122\u00a0\u00a0 Paradis-Desch\u00eanes, P., Joanisse, DR., &amp; Billaut, F. (2018). Response. Med Sci Sports Exerc. 50 &hellip; <a href=\"https:\/\/portfolio.uqac.ca\/penelopeparadisdeschenes\/autres-publications\/\" class=\"more-link\">Continuer la lecture de <span class=\"screen-reader-text\">Autres publications<\/span>  <span class=\"meta-nav\">&rarr;<\/span><\/a><\/p>\n","protected":false},"author":89,"featured_media":0,"parent":0,"menu_order":0,"comment_status":"closed","ping_status":"closed","template":"","meta":{"footnotes":""},"tags":[],"_links":{"self":[{"href":"https:\/\/portfolio.uqac.ca\/penelopeparadisdeschenes\/wp-json\/wp\/v2\/pages\/167"}],"collection":[{"href":"https:\/\/portfolio.uqac.ca\/penelopeparadisdeschenes\/wp-json\/wp\/v2\/pages"}],"about":[{"href":"https:\/\/portfolio.uqac.ca\/penelopeparadisdeschenes\/wp-json\/wp\/v2\/types\/page"}],"author":[{"embeddable":true,"href":"https:\/\/portfolio.uqac.ca\/penelopeparadisdeschenes\/wp-json\/wp\/v2\/users\/89"}],"replies":[{"embeddable":true,"href":"https:\/\/portfolio.uqac.ca\/penelopeparadisdeschenes\/wp-json\/wp\/v2\/comments?post=167"}],"version-history":[{"count":4,"href":"https:\/\/portfolio.uqac.ca\/penelopeparadisdeschenes\/wp-json\/wp\/v2\/pages\/167\/revisions"}],"predecessor-version":[{"id":231,"href":"https:\/\/portfolio.uqac.ca\/penelopeparadisdeschenes\/wp-json\/wp\/v2\/pages\/167\/revisions\/231"}],"wp:attachment":[{"href":"https:\/\/portfolio.uqac.ca\/penelopeparadisdeschenes\/wp-json\/wp\/v2\/media?parent=167"}],"wp:term":[{"taxonomy":"post_tag","embeddable":true,"href":"https:\/\/portfolio.uqac.ca\/penelopeparadisdeschenes\/wp-json\/wp\/v2\/tags?post=167"}],"curies":[{"name":"wp","href":"https:\/\/api.w.org\/{rel}","templated":true}]}}