{"id":18,"date":"2021-12-21T11:25:59","date_gmt":"2021-12-21T16:25:59","guid":{"rendered":"http:\/\/portfolio-pre.uqac.ca\/gabarit\/?page_id=18"},"modified":"2022-06-14T08:44:11","modified_gmt":"2022-06-14T12:44:11","slug":"enseignement","status":"publish","type":"page","link":"https:\/\/portfolio.uqac.ca\/penelopeparadisdeschenes\/enseignement\/","title":{"rendered":"Enseignement"},"content":{"rendered":"<p>Au<a href=\"https:\/\/www.uqac.ca\/programme\/7437-baccalaureat-en-kinesiologie\/\">\u00a0baccalaur\u00e9at en kin\u00e9siologie<\/a>\u00a0:<\/p>\n<ul>\n<li><span style=\"line-height: 1.5;\"><a href=\"https:\/\/cours.uqac.ca\/SKIN233\">SKIN233\u00a0<\/a>: Principes et m\u00e9thodes d&#8217;entra\u00eenement chez l&#8217;athl\u00e8te\u00a0<\/span><\/li>\n<li>\u00a0<a href=\"https:\/\/cours.uqac.ca\/SKIN125\">SKIN125<\/a>\u00a0: Principes et m\u00e9thodes d&#8217;entra\u00eenement<\/li>\n<li><a href=\"https:\/\/cours.uqac.ca\/SKIN212\">SKIN212\u00a0:<\/a> Physiologie de l&#8217;exercice II<\/li>\n<li><a href=\"https:\/\/cours.uqac.ca\/SKIN225\">SKIN225 <\/a>:\u00a0\u00c9valuation de l&#8217;aptitude physique chez l&#8217;athl\u00e8te<\/li>\n<\/ul>\n<p>\u00c0 la <a href=\"https:\/\/www.uqac.ca\/programme\/1914-maitrise-en-sciences-cliniques-et-biomedicales\/\">ma\u00eetrise en sciences cliniques et biom\u00e9dicales<\/a>\u00a0:<\/p>\n<ul>\n<li><span style=\"line-height: 1.5;\"><a href=\"https:\/\/cours.uqac.ca\/SMEG807\">SMEG807<\/a>\u00a0: Sujets sp\u00e9ciaux<\/span><\/li>\n<li><span style=\"line-height: 1.5;\"><a href=\"https:\/\/cours.uqac.ca\/SMEG815\">SMEG815<\/a>\u00a0:\u00a0Sujets sp\u00e9ciaux II<\/span><\/li>\n<\/ul>\n","protected":false},"excerpt":{"rendered":"<p>Au\u00a0baccalaur\u00e9at en kin\u00e9siologie\u00a0: SKIN233\u00a0: Principes et m\u00e9thodes d&#8217;entra\u00eenement chez l&#8217;athl\u00e8te\u00a0 \u00a0SKIN125\u00a0: Principes et m\u00e9thodes d&#8217;entra\u00eenement SKIN212\u00a0: Physiologie de l&#8217;exercice II SKIN225 :\u00a0\u00c9valuation de l&#8217;aptitude physique chez l&#8217;athl\u00e8te \u00c0 la ma\u00eetrise en sciences cliniques et biom\u00e9dicales\u00a0: SMEG807\u00a0: Sujets sp\u00e9ciaux SMEG815\u00a0:\u00a0Sujets sp\u00e9ciaux II<\/p>\n","protected":false},"author":89,"featured_media":0,"parent":0,"menu_order":0,"comment_status":"closed","ping_status":"closed","template":"","meta":{"footnotes":""},"tags":[],"_links":{"self":[{"href":"https:\/\/portfolio.uqac.ca\/penelopeparadisdeschenes\/wp-json\/wp\/v2\/pages\/18"}],"collection":[{"href":"https:\/\/portfolio.uqac.ca\/penelopeparadisdeschenes\/wp-json\/wp\/v2\/pages"}],"about":[{"href":"https:\/\/portfolio.uqac.ca\/penelopeparadisdeschenes\/wp-json\/wp\/v2\/types\/page"}],"author":[{"embeddable":true,"href":"https:\/\/portfolio.uqac.ca\/penelopeparadisdeschenes\/wp-json\/wp\/v2\/users\/89"}],"replies":[{"embeddable":true,"href":"https:\/\/portfolio.uqac.ca\/penelopeparadisdeschenes\/wp-json\/wp\/v2\/comments?post=18"}],"version-history":[{"count":5,"href":"https:\/\/portfolio.uqac.ca\/penelopeparadisdeschenes\/wp-json\/wp\/v2\/pages\/18\/revisions"}],"predecessor-version":[{"id":228,"href":"https:\/\/portfolio.uqac.ca\/penelopeparadisdeschenes\/wp-json\/wp\/v2\/pages\/18\/revisions\/228"}],"wp:attachment":[{"href":"https:\/\/portfolio.uqac.ca\/penelopeparadisdeschenes\/wp-json\/wp\/v2\/media?parent=18"}],"wp:term":[{"taxonomy":"post_tag","embeddable":true,"href":"https:\/\/portfolio.uqac.ca\/penelopeparadisdeschenes\/wp-json\/wp\/v2\/tags?post=18"}],"curies":[{"name":"wp","href":"https:\/\/api.w.org\/{rel}","templated":true}]}}