{"id":218,"date":"2022-06-07T08:36:18","date_gmt":"2022-06-07T12:36:18","guid":{"rendered":"http:\/\/portfolio-pre.uqac.ca\/penelopeparadisdeschenes\/?page_id=218"},"modified":"2022-06-14T16:44:39","modified_gmt":"2022-06-14T20:44:39","slug":"encadrement-supervision","status":"publish","type":"page","link":"https:\/\/portfolio.uqac.ca\/penelopeparadisdeschenes\/encadrement-supervision\/","title":{"rendered":"Encadrement \/ Supervision"},"content":{"rendered":"<h2>En cours<\/h2>\n<h4>Directrice de recherche principale<\/h4>\n<p>Olivier-Samuel Dor\u00e9 (2022 &#8211;\u00a0 ). Universit\u00e9 du Qu\u00e9bec \u00e0 Chicoutimi<br \/>\nTitre du projet : Caract\u00e9risation des effets du pr\u00e9conditionnement isch\u00e9mique sur lacapacit\u00e9 d\u2019effort et les r\u00e9ponses physiologiques lors d\u2019entra\u00eenements de haute intensit\u00e9 chez les athl\u00e8tes f\u00e9minins et masculins<\/p>\n<p>&nbsp;<\/p>\n<h3>Codirectrice de recherche<\/h3>\n<p>Laurence Normandin (2021 &#8211;\u00a0 ). Universit\u00e9 Laval<br \/>\nTitre du projet : &#8220;The effects of ischemic preconditioning on training adaptations to an altitude camp in trained runner&#8221;<br \/>\nDirecteur de recherche : Fran\u00e7ois Billaut<\/p>\n","protected":false},"excerpt":{"rendered":"<p>En cours Directrice de recherche principale Olivier-Samuel Dor\u00e9 (2022 &#8211;\u00a0 ). Universit\u00e9 du Qu\u00e9bec \u00e0 Chicoutimi Titre du projet : Caract\u00e9risation des effets du pr\u00e9conditionnement isch\u00e9mique sur lacapacit\u00e9 d\u2019effort et les r\u00e9ponses physiologiques lors d\u2019entra\u00eenements de haute intensit\u00e9 chez les athl\u00e8tes f\u00e9minins et masculins &nbsp; Codirectrice de recherche Laurence Normandin (2021 &#8211;\u00a0 ). Universit\u00e9 Laval &hellip; <a href=\"https:\/\/portfolio.uqac.ca\/penelopeparadisdeschenes\/encadrement-supervision\/\" class=\"more-link\">Continuer la lecture de <span class=\"screen-reader-text\">Encadrement \/ Supervision<\/span>  <span class=\"meta-nav\">&rarr;<\/span><\/a><\/p>\n","protected":false},"author":147,"featured_media":0,"parent":0,"menu_order":0,"comment_status":"closed","ping_status":"closed","template":"","meta":{"footnotes":""},"tags":[],"_links":{"self":[{"href":"https:\/\/portfolio.uqac.ca\/penelopeparadisdeschenes\/wp-json\/wp\/v2\/pages\/218"}],"collection":[{"href":"https:\/\/portfolio.uqac.ca\/penelopeparadisdeschenes\/wp-json\/wp\/v2\/pages"}],"about":[{"href":"https:\/\/portfolio.uqac.ca\/penelopeparadisdeschenes\/wp-json\/wp\/v2\/types\/page"}],"author":[{"embeddable":true,"href":"https:\/\/portfolio.uqac.ca\/penelopeparadisdeschenes\/wp-json\/wp\/v2\/users\/147"}],"replies":[{"embeddable":true,"href":"https:\/\/portfolio.uqac.ca\/penelopeparadisdeschenes\/wp-json\/wp\/v2\/comments?post=218"}],"version-history":[{"count":3,"href":"https:\/\/portfolio.uqac.ca\/penelopeparadisdeschenes\/wp-json\/wp\/v2\/pages\/218\/revisions"}],"predecessor-version":[{"id":239,"href":"https:\/\/portfolio.uqac.ca\/penelopeparadisdeschenes\/wp-json\/wp\/v2\/pages\/218\/revisions\/239"}],"wp:attachment":[{"href":"https:\/\/portfolio.uqac.ca\/penelopeparadisdeschenes\/wp-json\/wp\/v2\/media?parent=218"}],"wp:term":[{"taxonomy":"post_tag","embeddable":true,"href":"https:\/\/portfolio.uqac.ca\/penelopeparadisdeschenes\/wp-json\/wp\/v2\/tags?post=218"}],"curies":[{"name":"wp","href":"https:\/\/api.w.org\/{rel}","templated":true}]}}