{"id":27,"date":"2021-12-21T11:25:59","date_gmt":"2021-12-21T16:25:59","guid":{"rendered":"http:\/\/portfolio-pre.uqac.ca\/gabarit\/?page_id=27"},"modified":"2022-02-03T15:33:40","modified_gmt":"2022-02-03T20:33:40","slug":"curriculum-vitae","status":"publish","type":"page","link":"https:\/\/portfolio.uqac.ca\/penelopeparadisdeschenes\/curriculum-vitae\/","title":{"rendered":"Curriculum vitae"},"content":{"rendered":"<h2><strong>Dipl\u00f4mes<\/strong><\/h2>\n<p>&nbsp;<\/p>\n<p>Doctorat en kin\u00e9siologie, Universit\u00e9 Laval, Qu\u00e9bec. (2021)<\/p>\n<p>Paradis-Desch\u00eanes, P. (2021).\u00a0<a href=\"https:\/\/hdl.handle.net\/20.500.11794\/70369\"><em>Utilisation du pr\u00e9conditionnement isch\u00e9mique pour optimiser la performance a\u00e9robie chez l&#8217;athl\u00e8te<\/em><\/a>. [Th\u00e8se de doctorat in\u00e9dite], Universit\u00e9 Laval.<\/p>\n<p>Ma\u00eetrise\u00a0en kin\u00e9siologie, Universit\u00e9 Laval, Qu\u00e9bec. (2015)<\/p>\n<p>Paradis-Desch\u00eanes, P. (2015). <a href=\"https:\/\/hdl.handle.net\/20.500.11794\/26299\"><em>Les effets du pr\u00e9conditionnement isch\u00e9mique sur l&#8217;oxyg\u00e9nation et la force musculaire<\/em><\/a>. [M\u00e9moire de ma\u00eetrise in\u00e9dit], Universit\u00e9 Laval.<\/p>\n<p>Baccalaur\u00e9at\u00a0en kin\u00e9siologie &#8211; Concentration performance sportive, Universit\u00e9 Laval, Qu\u00e9bec. (2012)<\/p>\n<h2><strong>Distinctions et bourses<br \/>\n<\/strong><\/h2>\n<p>Tableau d\u2019honneur de la Facult\u00e9 des \u00e9tudes sup\u00e9rieures et postdoctorales \u2013 Universit\u00e9 Laval. (2021)<\/p>\n<p>Prix d\u2019excellence \/ Pr\u00e9sentation orale aux journ\u00e9es de la kin\u00e9siologie &#8211; Universit\u00e9 Laval. (2020)<\/p>\n<p>Laur\u00e9ate du concours international de bourse \u00ab\u00a0Sports Travel Awards\u00a0\u00bb de la soci\u00e9t\u00e9 de publication MDPI (Basel, Suisse) qui regroupe 223 revues scientifiques &#8211; r\u00e9vis\u00e9es par des pairs. (2019)<\/p>\n<p>Bourse Claude Bouchard \/ Monique Chagnon &#8211; Universit\u00e9 Laval. (2019)<\/p>\n<p>Bourse de l\u2019Institut universitaire de cardiologie et de pneumologie de Qu\u00e9bec. (2019)<\/p>\n<p>Bourse de l\u2019Institut universitaire de cardiologie et de pneumologie de Qu\u00e9bec. (2018)<\/p>\n<p>Bourse Jean-Aim\u00e9 Simoneau &#8211; Universit\u00e9 Laval. (2016)<\/p>\n<p>Prix d\u2019excellence \/ Pr\u00e9sentation par affiche aux journ\u00e9es de la recherche en sant\u00e9 &#8211; Universit\u00e9 Laval. (2016)<\/p>\n<p>Bourse d\u2019\u00e9tude de l\u2019Institut national du Sport du Qu\u00e9bec. (2016)<br \/>\nRefus\u00e9e\u00a0pour poursuivre \u00e0 l\u2019Universit\u00e9 Laval (chambre hypoxique)<\/p>\n<p>Bourse Jean-Aim\u00e9 Simoneau &#8211; Universit\u00e9 Laval. (2015)<\/p>\n<p>Prix et bourse de la Facult\u00e9 de m\u00e9decine et de la division de kin\u00e9siologie \/ Concentration performance sportive &#8211; Universit\u00e9 Laval. (2012)<\/p>\n<p>Bourse du Conseil de recherches en sciences naturelles et g\u00e9nie\u00a0. (2011)<br \/>\nStage de recherche<\/p>\n","protected":false},"excerpt":{"rendered":"<p>Dipl\u00f4mes &nbsp; Doctorat en kin\u00e9siologie, Universit\u00e9 Laval, Qu\u00e9bec. (2021) Paradis-Desch\u00eanes, P. (2021).\u00a0Utilisation du pr\u00e9conditionnement isch\u00e9mique pour optimiser la performance a\u00e9robie chez l&#8217;athl\u00e8te. [Th\u00e8se de doctorat in\u00e9dite], Universit\u00e9 Laval. Ma\u00eetrise\u00a0en kin\u00e9siologie, Universit\u00e9 Laval, Qu\u00e9bec. (2015) Paradis-Desch\u00eanes, P. (2015). Les effets du pr\u00e9conditionnement isch\u00e9mique sur l&#8217;oxyg\u00e9nation et la force musculaire. [M\u00e9moire de ma\u00eetrise in\u00e9dit], Universit\u00e9 Laval. Baccalaur\u00e9at\u00a0en &hellip; <a href=\"https:\/\/portfolio.uqac.ca\/penelopeparadisdeschenes\/curriculum-vitae\/\" class=\"more-link\">Continuer la lecture de <span class=\"screen-reader-text\">Curriculum vitae<\/span>  <span class=\"meta-nav\">&rarr;<\/span><\/a><\/p>\n","protected":false},"author":89,"featured_media":0,"parent":0,"menu_order":0,"comment_status":"closed","ping_status":"closed","template":"","meta":{"footnotes":""},"tags":[],"_links":{"self":[{"href":"https:\/\/portfolio.uqac.ca\/penelopeparadisdeschenes\/wp-json\/wp\/v2\/pages\/27"}],"collection":[{"href":"https:\/\/portfolio.uqac.ca\/penelopeparadisdeschenes\/wp-json\/wp\/v2\/pages"}],"about":[{"href":"https:\/\/portfolio.uqac.ca\/penelopeparadisdeschenes\/wp-json\/wp\/v2\/types\/page"}],"author":[{"embeddable":true,"href":"https:\/\/portfolio.uqac.ca\/penelopeparadisdeschenes\/wp-json\/wp\/v2\/users\/89"}],"replies":[{"embeddable":true,"href":"https:\/\/portfolio.uqac.ca\/penelopeparadisdeschenes\/wp-json\/wp\/v2\/comments?post=27"}],"version-history":[{"count":7,"href":"https:\/\/portfolio.uqac.ca\/penelopeparadisdeschenes\/wp-json\/wp\/v2\/pages\/27\/revisions"}],"predecessor-version":[{"id":178,"href":"https:\/\/portfolio.uqac.ca\/penelopeparadisdeschenes\/wp-json\/wp\/v2\/pages\/27\/revisions\/178"}],"wp:attachment":[{"href":"https:\/\/portfolio.uqac.ca\/penelopeparadisdeschenes\/wp-json\/wp\/v2\/media?parent=27"}],"wp:term":[{"taxonomy":"post_tag","embeddable":true,"href":"https:\/\/portfolio.uqac.ca\/penelopeparadisdeschenes\/wp-json\/wp\/v2\/tags?post=27"}],"curies":[{"name":"wp","href":"https:\/\/api.w.org\/{rel}","templated":true}]}}