{"id":4,"date":"2021-12-21T11:25:59","date_gmt":"2021-12-21T16:25:59","guid":{"rendered":"http:\/\/portfolio-pre.uqac.ca\/gabarit\/?page_id=4"},"modified":"2022-06-14T08:43:54","modified_gmt":"2022-06-14T12:43:54","slug":"presentatio","status":"publish","type":"page","link":"https:\/\/portfolio.uqac.ca\/penelopeparadisdeschenes\/","title":{"rendered":"Pr\u00e9sentation"},"content":{"rendered":"<h2><\/h2>\n<p>Professeure au d\u00e9partement des sciences de la sant\u00e9 \/ module d&#8217;enseignement en kin\u00e9siologie<\/p>\n<h2>Champs d&#8217;int\u00e9r\u00eat<\/h2>\n<table style=\"border: 1px solid white;\" cellpadding=\"0\">\n<tbody style=\"border: 1px solid white;\">\n<tr style=\"border: 1px solid white;\">\n<td style=\"border: 1px solid white;\" width=\"50%\">\n<ul style=\"border: 1px solid white;\">\n<li><span style=\"font-size: 12.0pt; color: black;\">Pr\u00e9conditionnement isch\u00e9mique<\/span><\/li>\n<li><span style=\"font-size: 12.0pt; color: black;\">Performance sportive \/ Entra\u00eenement<\/span><\/li>\n<li><span style=\"font-size: 12.0pt; color: black;\">Physiologie appliqu\u00e9e<\/span><\/li>\n<\/ul>\n<\/td>\n<td style=\"border: 1px solid white;\" width=\"50%\"><\/td>\n<\/tr>\n<\/tbody>\n<\/table>\n","protected":false},"excerpt":{"rendered":"<p>Professeure au d\u00e9partement des sciences de la sant\u00e9 \/ module d&#8217;enseignement en kin\u00e9siologie Champs d&#8217;int\u00e9r\u00eat Pr\u00e9conditionnement isch\u00e9mique Performance sportive \/ Entra\u00eenement Physiologie appliqu\u00e9e<\/p>\n","protected":false},"author":89,"featured_media":0,"parent":0,"menu_order":0,"comment_status":"closed","ping_status":"closed","template":"","meta":{"footnotes":""},"tags":[],"_links":{"self":[{"href":"https:\/\/portfolio.uqac.ca\/penelopeparadisdeschenes\/wp-json\/wp\/v2\/pages\/4"}],"collection":[{"href":"https:\/\/portfolio.uqac.ca\/penelopeparadisdeschenes\/wp-json\/wp\/v2\/pages"}],"about":[{"href":"https:\/\/portfolio.uqac.ca\/penelopeparadisdeschenes\/wp-json\/wp\/v2\/types\/page"}],"author":[{"embeddable":true,"href":"https:\/\/portfolio.uqac.ca\/penelopeparadisdeschenes\/wp-json\/wp\/v2\/users\/89"}],"replies":[{"embeddable":true,"href":"https:\/\/portfolio.uqac.ca\/penelopeparadisdeschenes\/wp-json\/wp\/v2\/comments?post=4"}],"version-history":[{"count":27,"href":"https:\/\/portfolio.uqac.ca\/penelopeparadisdeschenes\/wp-json\/wp\/v2\/pages\/4\/revisions"}],"predecessor-version":[{"id":227,"href":"https:\/\/portfolio.uqac.ca\/penelopeparadisdeschenes\/wp-json\/wp\/v2\/pages\/4\/revisions\/227"}],"wp:attachment":[{"href":"https:\/\/portfolio.uqac.ca\/penelopeparadisdeschenes\/wp-json\/wp\/v2\/media?parent=4"}],"wp:term":[{"taxonomy":"post_tag","embeddable":true,"href":"https:\/\/portfolio.uqac.ca\/penelopeparadisdeschenes\/wp-json\/wp\/v2\/tags?post=4"}],"curies":[{"name":"wp","href":"https:\/\/api.w.org\/{rel}","templated":true}]}}