{"id":165,"date":"2019-07-18T09:07:10","date_gmt":"2019-07-18T13:07:10","guid":{"rendered":"http:\/\/portfolio-pre.uqac.ca\/gabarit\/?page_id=165"},"modified":"2019-07-22T09:33:46","modified_gmt":"2019-07-22T13:33:46","slug":"communications-2","status":"publish","type":"page","link":"https:\/\/portfolio.uqac.ca\/philippeboigey\/communications-2\/","title":{"rendered":"Communications"},"content":{"rendered":"<p style=\"text-align: justify\">Boigey, P.; Boivin, S.; Leyrie, C. (2019). <i>La cartographie cognitive dans tous ses \u00e9tats: saisir et g\u00e9rer la complexit\u00e9 du projet.<\/i> Communication pr\u00e9sent\u00e9e \u00e0 la 4e Conf\u00e9rence Internationale en Gestion de Projet, Trois-Rivi\u00e8res, Canada.<\/p>\n<p style=\"text-align: justify\">Leyrie, C., Boivin, S.; Boigey, P. (2019). <i>La repr\u00e9sentation collective par les parties prenantes : L&#8217;apport des approches cognitives. <\/i>Communication pr\u00e9sent\u00e9e \u00e0 la <i>8e conf\u00e9rence internationale : projets locaux et r\u00e9gionaux \u2013 F\u00e9d\u00e9rer les parties prenantes<\/i>, Radzionkow, Pologne.<\/p>\n<p style=\"text-align: justify\">Boivin, S.; Leyrie, C.; Boigey, P. (2019). <i>Au-del\u00e0 de la m\u00e9thode: la <\/i><i>co<\/i><i>-construction comme approche pour f\u00e9d\u00e9rer les parties prenantes<\/i>. Communication pr\u00e9sent\u00e9e \u00e0 la 8e conf\u00e9rence internationale : projets locaux et r\u00e9gionaux \u2013 F\u00e9d\u00e9rer les parties prenantes, Radzionkow, Pologne.<\/p>\n<p style=\"text-align: justify\">Rekik S., Boigey P., Kurylo P, (2018). \u00ab Does technological Innovation, as non-financial indicator, predict future operational performance ? \u00bb. International Conference of the System Dynamics Society \u2013 Reykjav\u00edk, Iceland (du 6 au 10 ao\u00fbt), accept\u00e9e mais non pr\u00e9sent\u00e9e.<\/p>\n<p style=\"text-align: justify\">Pilni\u00e8re V., G\u00e9liz\u00e9 M., Boigey P., Merlo C. (2018). \u00ab Le management de projet : une approche de la complexit\u00e9 \u00bb. Congr\u00e8s de l\u2019ACFAS \u2013 Chicoutimi, UQAC (du 7 au 11 mai).<\/p>\n<p style=\"text-align: justify\">Boigey P., Devigne C., Vahn\u00e9e, B., (2018). \u00ab Distribution des services urbains et diversit\u00e9 naturelle biologique : approche biomim\u00e9tique d\u2019analyse d\u2019un syst\u00e8me territorial \u00bb. Projectique 2018 \u2013 Agadir, Maroc (du 21 et 22 mars).<\/p>\n<p style=\"text-align: justify\">Boigey P., Kurylo P., (2018). \u00ab Business Models Validation Through Systems Dynamics : Leveraging Causal Loop Diagrams to assess and improve a business model\u2019s robustness, resilience, systanability and scalability \u00bb. Projectique 2018 \u2013 Agadir, Maroc (du 21 et 22 mars).<\/p>\n<p style=\"text-align: justify\">Boigey P., Devigne C., Vahn\u00e9e, B., (2017). \u00ab Distribution des services urbains et diversit\u00e9 naturelle biologique : approche biomim\u00e9tique d\u2019analyse d\u2019un syst\u00e8me territorial \u00bb. Projectique 2017, ESTIA (11 et 12 octobre 2017).<\/p>\n<p style=\"text-align: justify\">Boigey P., Cum\u00e9nal D., (2012), \u00ab L\u2019apprentissage organisationnel de projet \u00bb, Congr\u00e8s de l\u2019ACFAS \u2013 Montr\u00e9al (du 7 au 11 mai).<\/p>\n<p style=\"text-align: justify\">Boigey P., (2012), \u00ab L\u2019int\u00e9gration des approches sociales : la complexit\u00e9 sociale des projets \u00bb, Congr\u00e8s de l\u2019ACFAS \u2013 Montr\u00e9al (du 7 au 11 mai).<\/p>\n<p style=\"text-align: justify\">Boigey P., Cum\u00e9nal D., (2011), \u00ab En quoi l\u2019apprentissage de la dynamique des syst\u00e8mes peut-il stimuler les capacit\u00e9s cognitives des \u00e9tudiants ? \u00bb, 8\u00e8me congr\u00e8s de l&#8217;Union Europ\u00e9enne de Syst\u00e9mique (UES) \u2013 Bruxelles (du 19 au 22 octobre).<\/p>\n<p style=\"text-align: justify\">Allard F., Boigey P., (2011), \u00ab L\u2019autopsie d\u2019un projet et de ses effets de syst\u00e8me : quelques le\u00e7ons d\u2019une intervention interactive \u00bb, XVII \u00e8me conf\u00e9rence de Projectics, ESTIA, (du 20 et 21 octobre).<\/p>\n<p style=\"text-align: justify\">Boigey P., Cum\u00e9nal D., (2011), \u00ab How organizational capacity could improve project performance? \u00bb, International Conference of the System Dynamics Society \u2013 Washington DC (du 24 au 28 juillet).<\/p>\n<p style=\"text-align: justify\">Boigey P., (2011), \u00ab Social complexity, the missing link in project management \u00bb, International Conference of the System Dynamics Society, Phd Colloquium \u2013 Washington DC (du 24 au 28 juillet).<\/p>\n<p style=\"text-align: justify\">Boigey P., (2010), \u00ab Modeling the social complexity of projects: towards a multi-methodological approach \u00bb, International Conference of the System Dynamics Society \u2013 S\u00e9oul (du 25 au 29 juillet).<\/p>\n<p style=\"text-align: justify\">Boigey P., (2010), \u00ab Cognitive map approach \u00bb, International Conference of the System Dynamics Society \u2013 S\u00e9oul (du 25 au 29 juillet).<\/p>\n<p style=\"text-align: justify\">Boigey P., (2010), \u00ab La complexit\u00e9 dans les \u00e9quipes de projet \u00bb, colloque organis\u00e9 par le CNES de Toulouse (11 juillet).<\/p>\n<p style=\"text-align: justify\">Boigey P., (2010), \u00ab Complexit\u00e9 et management de projet \u00bb, Kegde Business School, Bordeaux (25 mars).<\/p>\n<p style=\"text-align: justify\">Barbat G., Boigey P., Jehan I., (2010), \u00ab L\u2019innovation, facteur cl\u00e9 de succ\u00e8s de l\u2019apprentissage organisationnel en triple boucle : contexte d\u2019intervention, cadre th\u00e9orique et pistes de recherche \u00bb, XVI \u00e8me conf\u00e9rence de Projectics (27 et 28 octobre).<\/p>\n<p style=\"text-align: justify\">Allard F., Boigey P., (2009), \u00ab Restaurer les dynamiques oubli\u00e9es : une voie \u00e0 (re)d\u00e9couvrir \u00bb, XV\u00e8me conf\u00e9rence de Projectics (22 et 23 octobre).<\/p>\n","protected":false},"excerpt":{"rendered":"<p>Boigey, P.; Boivin, S.; Leyrie, C. (2019). La cartographie cognitive dans tous ses \u00e9tats: saisir et g\u00e9rer la complexit\u00e9 du projet. Communication pr\u00e9sent\u00e9e \u00e0 la 4e Conf\u00e9rence Internationale en Gestion de Projet, Trois-Rivi\u00e8res, Canada. Leyrie, C., Boivin, S.; Boigey, P. (2019). La repr\u00e9sentation collective par les parties prenantes : L&#8217;apport des approches cognitives. Communication pr\u00e9sent\u00e9e &hellip; <a href=\"https:\/\/portfolio.uqac.ca\/philippeboigey\/communications-2\/\" class=\"more-link\">Continuer la lecture de <span class=\"screen-reader-text\">Communications<\/span>  <span class=\"meta-nav\">&rarr;<\/span><\/a><\/p>\n","protected":false},"author":89,"featured_media":0,"parent":0,"menu_order":0,"comment_status":"closed","ping_status":"closed","template":"","meta":{"footnotes":""},"tags":[],"_links":{"self":[{"href":"https:\/\/portfolio.uqac.ca\/philippeboigey\/wp-json\/wp\/v2\/pages\/165"}],"collection":[{"href":"https:\/\/portfolio.uqac.ca\/philippeboigey\/wp-json\/wp\/v2\/pages"}],"about":[{"href":"https:\/\/portfolio.uqac.ca\/philippeboigey\/wp-json\/wp\/v2\/types\/page"}],"author":[{"embeddable":true,"href":"https:\/\/portfolio.uqac.ca\/philippeboigey\/wp-json\/wp\/v2\/users\/89"}],"replies":[{"embeddable":true,"href":"https:\/\/portfolio.uqac.ca\/philippeboigey\/wp-json\/wp\/v2\/comments?post=165"}],"version-history":[{"count":7,"href":"https:\/\/portfolio.uqac.ca\/philippeboigey\/wp-json\/wp\/v2\/pages\/165\/revisions"}],"predecessor-version":[{"id":214,"href":"https:\/\/portfolio.uqac.ca\/philippeboigey\/wp-json\/wp\/v2\/pages\/165\/revisions\/214"}],"wp:attachment":[{"href":"https:\/\/portfolio.uqac.ca\/philippeboigey\/wp-json\/wp\/v2\/media?parent=165"}],"wp:term":[{"taxonomy":"post_tag","embeddable":true,"href":"https:\/\/portfolio.uqac.ca\/philippeboigey\/wp-json\/wp\/v2\/tags?post=165"}],"curies":[{"name":"wp","href":"https:\/\/api.w.org\/{rel}","templated":true}]}}