{"id":18,"date":"2019-07-18T09:07:10","date_gmt":"2019-07-18T13:07:10","guid":{"rendered":"http:\/\/portfolio-pre.uqac.ca\/gabarit\/?page_id=18"},"modified":"2021-11-04T21:05:17","modified_gmt":"2021-11-05T01:05:17","slug":"enseignement","status":"publish","type":"page","link":"https:\/\/portfolio.uqac.ca\/philippeboigey\/enseignement\/","title":{"rendered":"Enseignement"},"content":{"rendered":"<h5><strong>Ma\u00eetrise en gestion de projet<\/strong><\/h5>\n<ul>\n<ul>\n<li><a href=\"https:\/\/cours.uqac.ca\/dmp9001\">DMP9001<\/a> : Fondements du management de projets<\/li>\n<li><a href=\"https:\/\/cours.uqac.ca\/MGP7112\" target=\"_blank\">MGP7112<\/a>\u00a0:\u00a0Conception de projet<\/li>\n<li><a href=\"https:\/\/cours.uqac.ca\/MGP7121\">MGP7121<\/a> :Planification et contr\u00f4le op\u00e9rationnels de projet<\/li>\n<li><span class=\"noprog\"><a href=\"https:\/\/cours.uqac.ca\/MGP7131\">MGP7131<\/a> :\u00a0<\/span>Standardisation et gestion de projet<\/li>\n<li><a href=\"https:\/\/cours.uqac.ca\/MGP7503\">MGP7503<\/a> : \u00c9coles de pens\u00e9es en gestion de projet<\/li>\n<li><a href=\"https:\/\/cours.uqac.ca\/MGP7304\">MGP7504<\/a> : S\u00e9minaire d&#8217;int\u00e9gration d&#8217;un portefeuille de projet<\/li>\n<li><a href=\"https:\/\/cours.uqac.ca\/1PRB301\">1PRB301<\/a> : Profession biologiste<\/li>\n<\/ul>\n<\/ul>\n","protected":false},"excerpt":{"rendered":"<p>Ma\u00eetrise en gestion de projet DMP9001 : Fondements du management de projets MGP7112\u00a0:\u00a0Conception de projet MGP7121 :Planification et contr\u00f4le op\u00e9rationnels de projet MGP7131 :\u00a0Standardisation et gestion de projet MGP7503 : \u00c9coles de pens\u00e9es en gestion de projet MGP7504 : S\u00e9minaire d&#8217;int\u00e9gration d&#8217;un portefeuille de projet 1PRB301 : Profession biologiste<\/p>\n","protected":false},"author":89,"featured_media":0,"parent":0,"menu_order":0,"comment_status":"closed","ping_status":"closed","template":"","meta":{"footnotes":""},"tags":[],"_links":{"self":[{"href":"https:\/\/portfolio.uqac.ca\/philippeboigey\/wp-json\/wp\/v2\/pages\/18"}],"collection":[{"href":"https:\/\/portfolio.uqac.ca\/philippeboigey\/wp-json\/wp\/v2\/pages"}],"about":[{"href":"https:\/\/portfolio.uqac.ca\/philippeboigey\/wp-json\/wp\/v2\/types\/page"}],"author":[{"embeddable":true,"href":"https:\/\/portfolio.uqac.ca\/philippeboigey\/wp-json\/wp\/v2\/users\/89"}],"replies":[{"embeddable":true,"href":"https:\/\/portfolio.uqac.ca\/philippeboigey\/wp-json\/wp\/v2\/comments?post=18"}],"version-history":[{"count":7,"href":"https:\/\/portfolio.uqac.ca\/philippeboigey\/wp-json\/wp\/v2\/pages\/18\/revisions"}],"predecessor-version":[{"id":222,"href":"https:\/\/portfolio.uqac.ca\/philippeboigey\/wp-json\/wp\/v2\/pages\/18\/revisions\/222"}],"wp:attachment":[{"href":"https:\/\/portfolio.uqac.ca\/philippeboigey\/wp-json\/wp\/v2\/media?parent=18"}],"wp:term":[{"taxonomy":"post_tag","embeddable":true,"href":"https:\/\/portfolio.uqac.ca\/philippeboigey\/wp-json\/wp\/v2\/tags?post=18"}],"curies":[{"name":"wp","href":"https:\/\/api.w.org\/{rel}","templated":true}]}}