{"id":20,"date":"2019-07-18T09:07:10","date_gmt":"2019-07-18T13:07:10","guid":{"rendered":"http:\/\/portfolio-pre.uqac.ca\/gabarit\/?page_id=20"},"modified":"2019-07-19T11:01:28","modified_gmt":"2019-07-19T15:01:28","slug":"publications","status":"publish","type":"page","link":"https:\/\/portfolio.uqac.ca\/philippeboigey\/publications\/","title":{"rendered":"Publications"},"content":{"rendered":"<p style=\"text-align: justify\">Boigey, P.; Kurylo, L., (2019). (R\u00e9)-conciliation entre performance et bien-\u00eatre dans le projet : \u00e9tude des dynamiques sociales oubli\u00e9es dans l\u2019analyse <i>post-mortem <\/i>d\u2019un projet \u00e0 la d\u00e9rive. Proposition accept\u00e9e pour la revue Ad Machina, Uqac.<\/p>\n<p style=\"text-align: justify\">Boigey P, (2016, Novembre). \u00ab Essai de mod\u00e9lisation de la complexit\u00e9 socio-organisationnelle de projets : analyse post- mortem de l\u2019\u00e9chec d\u2019un projet strat\u00e9gique \u00bb. Cahier de recherche (1), 42-50. R\u00e9cup\u00e9r\u00e9 sur <a href=\"https:\/\/chairegp.esg.uqam.ca\/\">chairegp.esg.uqam.ca<\/a>.<\/p>\n<p style=\"text-align: justify\">Barbat G., Boigey P., Jehan I., (2011), \u00ab Triple-loop learning : theoretical framework, methodology &amp; illustration \u00bb, Revue International de Projectique, n\u00b08, F\u00e9vrier 2011, p. 129-141.<\/p>\n<p style=\"text-align: justify\">Boigey P., (2011), \u00ab Synth\u00e8se du livre Exploring the Complexity of Projects Implications of Complexity Theory for Project Management Practice \u00bb, Revue interne du CNES, Les Echos du Management n\u00b09.<\/p>\n<p style=\"text-align: justify\">Allard F., Boigey P., (2011), \u00ab Complexit\u00e9 et Management de projet : Autopsie d\u2019un projet \u00bb, Revue interne du CNES, Les Echos du Management n\u00b07.<\/p>\n","protected":false},"excerpt":{"rendered":"<p>Boigey, P.; Kurylo, L., (2019). (R\u00e9)-conciliation entre performance et bien-\u00eatre dans le projet : \u00e9tude des dynamiques sociales oubli\u00e9es dans l\u2019analyse post-mortem d\u2019un projet \u00e0 la d\u00e9rive. Proposition accept\u00e9e pour la revue Ad Machina, Uqac. Boigey P, (2016, Novembre). \u00ab Essai de mod\u00e9lisation de la complexit\u00e9 socio-organisationnelle de projets : analyse post- mortem de l\u2019\u00e9chec &hellip; <a href=\"https:\/\/portfolio.uqac.ca\/philippeboigey\/publications\/\" class=\"more-link\">Continuer la lecture de <span class=\"screen-reader-text\">Publications<\/span>  <span class=\"meta-nav\">&rarr;<\/span><\/a><\/p>\n","protected":false},"author":89,"featured_media":0,"parent":0,"menu_order":0,"comment_status":"closed","ping_status":"closed","template":"","meta":{"footnotes":""},"tags":[],"_links":{"self":[{"href":"https:\/\/portfolio.uqac.ca\/philippeboigey\/wp-json\/wp\/v2\/pages\/20"}],"collection":[{"href":"https:\/\/portfolio.uqac.ca\/philippeboigey\/wp-json\/wp\/v2\/pages"}],"about":[{"href":"https:\/\/portfolio.uqac.ca\/philippeboigey\/wp-json\/wp\/v2\/types\/page"}],"author":[{"embeddable":true,"href":"https:\/\/portfolio.uqac.ca\/philippeboigey\/wp-json\/wp\/v2\/users\/89"}],"replies":[{"embeddable":true,"href":"https:\/\/portfolio.uqac.ca\/philippeboigey\/wp-json\/wp\/v2\/comments?post=20"}],"version-history":[{"count":35,"href":"https:\/\/portfolio.uqac.ca\/philippeboigey\/wp-json\/wp\/v2\/pages\/20\/revisions"}],"predecessor-version":[{"id":206,"href":"https:\/\/portfolio.uqac.ca\/philippeboigey\/wp-json\/wp\/v2\/pages\/20\/revisions\/206"}],"wp:attachment":[{"href":"https:\/\/portfolio.uqac.ca\/philippeboigey\/wp-json\/wp\/v2\/media?parent=20"}],"wp:term":[{"taxonomy":"post_tag","embeddable":true,"href":"https:\/\/portfolio.uqac.ca\/philippeboigey\/wp-json\/wp\/v2\/tags?post=20"}],"curies":[{"name":"wp","href":"https:\/\/api.w.org\/{rel}","templated":true}]}}