{"id":46,"date":"2019-07-18T08:07:10","date_gmt":"2019-07-18T12:07:10","guid":{"rendered":"http:\/\/portfolio-pre.uqac.ca\/gabarit\/?page_id=46"},"modified":"2019-07-19T11:11:42","modified_gmt":"2019-07-19T15:11:42","slug":"recherche","status":"publish","type":"page","link":"https:\/\/portfolio.uqac.ca\/philippeboigey\/recherche\/","title":{"rendered":"Recherche"},"content":{"rendered":"<ul>\n<li style=\"text-align: justify\">Complexit\u00e9 des projets, en particulier la complexit\u00e9 sociale ou socio-organisationnelle,<\/li>\n<li style=\"text-align: justify\">Co-construction des\u00a0 projets,<\/li>\n<li style=\"text-align: justify\">Cartographie cognitive,<\/li>\n<li style=\"text-align: justify\">Mod\u00e9lisation syst\u00e9mique\u00a0syst\u00e9mique interpr\u00e9tative,<\/li>\n<li style=\"text-align: justify\">Dynamique des Syst\u00e8mes\u00a0en gestion de projet.<\/li>\n<\/ul>\n","protected":false},"excerpt":{"rendered":"<p>Complexit\u00e9 des projets, en particulier la complexit\u00e9 sociale ou socio-organisationnelle, Co-construction des\u00a0 projets, Cartographie cognitive, Mod\u00e9lisation syst\u00e9mique\u00a0syst\u00e9mique interpr\u00e9tative, Dynamique des Syst\u00e8mes\u00a0en gestion de projet.<\/p>\n","protected":false},"author":89,"featured_media":0,"parent":0,"menu_order":0,"comment_status":"closed","ping_status":"closed","template":"","meta":{"footnotes":""},"tags":[],"_links":{"self":[{"href":"https:\/\/portfolio.uqac.ca\/philippeboigey\/wp-json\/wp\/v2\/pages\/46"}],"collection":[{"href":"https:\/\/portfolio.uqac.ca\/philippeboigey\/wp-json\/wp\/v2\/pages"}],"about":[{"href":"https:\/\/portfolio.uqac.ca\/philippeboigey\/wp-json\/wp\/v2\/types\/page"}],"author":[{"embeddable":true,"href":"https:\/\/portfolio.uqac.ca\/philippeboigey\/wp-json\/wp\/v2\/users\/89"}],"replies":[{"embeddable":true,"href":"https:\/\/portfolio.uqac.ca\/philippeboigey\/wp-json\/wp\/v2\/comments?post=46"}],"version-history":[{"count":6,"href":"https:\/\/portfolio.uqac.ca\/philippeboigey\/wp-json\/wp\/v2\/pages\/46\/revisions"}],"predecessor-version":[{"id":208,"href":"https:\/\/portfolio.uqac.ca\/philippeboigey\/wp-json\/wp\/v2\/pages\/46\/revisions\/208"}],"wp:attachment":[{"href":"https:\/\/portfolio.uqac.ca\/philippeboigey\/wp-json\/wp\/v2\/media?parent=46"}],"wp:term":[{"taxonomy":"post_tag","embeddable":true,"href":"https:\/\/portfolio.uqac.ca\/philippeboigey\/wp-json\/wp\/v2\/tags?post=46"}],"curies":[{"name":"wp","href":"https:\/\/api.w.org\/{rel}","templated":true}]}}