{"id":162,"date":"2020-06-02T11:22:41","date_gmt":"2020-06-02T15:22:41","guid":{"rendered":"http:\/\/portfolio-pre.uqac.ca\/gabarit\/?page_id=162"},"modified":"2020-07-26T11:23:51","modified_gmt":"2020-07-26T15:23:51","slug":"articles","status":"publish","type":"page","link":"https:\/\/portfolio.uqac.ca\/realdaigneault\/articles\/","title":{"rendered":"Articles"},"content":{"rendered":"<p><strong><u>Articles de revue avec comit\u00e9 de lecture (RAC)<\/u><\/strong><\/p>\n<ul>\n<li>Daigneault, R, Perrault, G., B\u00e9dard, P. 1982. G\u00e9ologie et g\u00e9ochimie du gisement d&#8217;or Lamaque, Val d&#8217;Or Qu\u00e9bec, CIM Bulletin 75.839, 109-124.<\/li>\n<li>Ludden, J. N., Daigneault, R., Robert, F., Taylor, R. P. Trace element mobility in alteration zones associated with Archean Au lode deposits. Economic Geology Vol. 79, pp. 1131-1141.<\/li>\n<li>Daigneault, R., Allard, G. O. 1984. Evolution tectonique d&#8217;une portion du sillon de roches vertes de Chibougamau. Chibougamau \u2013 Stratigraphy and Mineralization. J. Guha and E. H. Chown, Canadian Institute of Mining and Metallurgy. Special Volume no 34: p. 212-228.<\/li>\n<li>Dimroth, E., Mueller, W., Daigneault, R., Brisson, H., Poitras, A., Rocheleau, M. 1986 &#8211; Diapirism during regional compression &#8211; The structural pattern in the Chibougamau region of the Archean Abitibi belt, Quebec. Geologische Rundschau, 75: 715-736<\/li>\n<li>Daigneault, R., St-Julien, P., Allard, G.O. \u00a0\u00a0 Tectonic evolution of the northeast portion of the Archean Abitibi Greenstone Belt, Chibougamau area, Qu\u00e9bec.\u00a0 Canadian Journal of Earth Sciences, vol. 27, 1714-1736.<\/li>\n<li>Pilote, P., Guha, J., Daigneault, R., Robert, F., Golightly, J.P. \u00a0 Contexte structural et min\u00e9ralisations aurif\u00e8res des g\u00eetes Casa-B\u00e9rardi, Abitibi, Qu\u00e9bec.\u00a0 Journal canadien des Sciences de la Terre, vol. 27, no 12. 1672-1685.<\/li>\n<li>Daigneault, R., Archambault, G. \u00a0 Les grands couloirs de d\u00e9formation de la sous-province de l&#8217;Abitibi.\u00a0 Symposium de l&#8217;ICM 1990 Rouyn-Noranda.\u00a0 Dans Les ceintures polym\u00e9talliques du NO qu\u00e9becois, symposium de l&#8217;ICM, Rouyn-Noranda.\u00a0\u00a0 \u00c9dit\u00e9 par Rive. M., Verpaelst, P., Riverin, G., Simard, A., Lulin, J.M. et Gagnon, Y.\u00a0 Volume sp\u00e9cial no 43., 43-64.<\/li>\n<li>Pilote, P., Guha, J., Daigneault, R., Robert, F., Cloutier, J.-Y., Golightly, J.P. \u00a0 The structural evolution of the Casa-Berardi East gold deposits, Casa-Berardi township, Qu\u00e9bec.\u00a0 Dans Les ceintures polym\u00e9talliques du NO qu\u00e9becois, symposium de l&#8217;ICM, Rouyn-Noranda.\u00a0\u00a0 \u00c9dit\u00e9 par Rive. M., Verpaelst, P., Riverin, G., Simard, A., Lulin, J.M. et Gagnon, Y.\u00a0 Volume sp\u00e9cial no 43., 337-349.<\/li>\n<li>Archambault, G., Daigneault, R., Rouleau, A., Tavchandjian, O. \u00a0\u00a0 Mechanics of shear zones and fault belts development by anastomosing patterns of fractures at all scales.\u00a0 Proceeding of the International conference on Mechanics of jointed and faulted rocks, Vienne, Autriche,\u00a0 Avril 1990, H.P. Rossmanith, ed.<\/li>\n<li>Pich\u00e9, M., Guha, J., Sullivan, J., Bouchard, G., Daigneault, R. \u00a0 Les gisements volcanog\u00e8nes du camp minier de Matagami: structures, stratigraphie et implications m\u00e9tallog\u00e9niques.\u00a0 Dans Les ceintures polym\u00e9talliques du NO qu\u00e9becois, symposium de l&#8217;ICM, Rouyn-Noranda.\u00a0\u00a0 \u00c9dit\u00e9 par Rive. M., Verpaelst, P., Riverain, Simard, A., Lulin, J.M. et Gagnon, Y..\u00a0 Volume sp\u00e9cial no 43., 327-337.<\/li>\n<li>Chown, E. H., Daigneault, R., Mueller, W., Mortensen, J. \u00a0 Tectonic evolution of the Northern Volcanic Zone, Abitibi Belt, Qu\u00e9bec. Canadian Journal of Earth Sciences, 29: 2211-2225.<\/li>\n<li>Labb\u00e9, J.Y., Daigneault, R., Cousineau, P. 1992. Analyse structurale de la discontinuit\u00e9 de Lyndhurst, Sous-province de l&#8217;Abitibi.\u00a0 Journal canadien des Sciences de la Terre, 29, 783-792.<\/li>\n<li>Archambault, G., Flamand, R., Rouleau, A., Daigneault, R. \u00a0 Mechanics of fault zone and shear belt development in brittle dilatent analog geomaterial under constant normal stress and constant normal stiffness conditions.\u00a0 Proceedings of the 33rd U.S. Symposium on Rock Mechanics, Sante Fe, N.M. (J.R. Tillerson &amp; W.R. Wawersik, editors), Balkema, p. 101-110.<\/li>\n<li>Lacroix, J., Daigneault, R., Chartrand, F., Guha, J., 1993. Structural evolution of the Grevet massive sulfide deposit, Lebel-sur-Qu\u00e9villon area, Qu\u00e9bec.\u00a0 Economic Geology, 88, 1559-1577.<\/li>\n<li>Pich\u00e9, M., Guha, J., Daigneault, R. Stratigraphic and structural aspects of the volcanic rocks of the Matagami mining camp, Qu\u00e9bec-Implications for the Norita ore deposit. Economic Geology, 88, 6.<\/li>\n<li>Daigneault, R., Allard, G. O. Transformation of Archean structural inheritance at the Grenvillian Foreland Parautochthon Transition Zone, Chibougamau area, Qu\u00e9bec. Canadian Journal of Earth Sciences, 31: 470-488.<\/li>\n<li>Lavalli\u00e8re, G., Guha, J.,\u00a0 Daigneault, R., Bonenfant, A.\u00a0 \u00a0 Chemin\u00e9es de sulfures massifs atypiques du gisement d&#8217;Isle-Dieu, Matagami, Qu\u00e9bec: Implications pour l&#8217;exploration. Exploration and mining Geology, 3: 109-129.<\/li>\n<li>Archambault, G., Rouleau, A., Daigneault, R., Flamand, R. 1994. The mechanics of progressive shear failure at all scales in rocks masses. Rocks Mechanics Models and Measurements Challenges from Industry, The University of Texas at Austin, A.A. BALKEMA, ROTTERDAM, BROOKFIELD, 121-129.<\/li>\n<li>Mueller, W., R. Daigneault, Mortensen, J., Chown, E.H. Archean terrane docking:\u00a0 Upper Crust Collision.\u00a0\u00a0 Tectonics, Abitibi Greenstone Belt, Quebec, Canada. 265: 127-150.<\/li>\n<li>Gaboury, D., Daigneault, R.,\u00a0 Tourigny, G., Gobeil, C.\u00a0 \u00a0 An archean volcanic-related gold-sulfide-quartz vein orebody: the G\u00e9ant Dormant mine, Abitibi Subprovince, Qu\u00e9bec, Canada.\u00a0 Exploration and Mining Geology. Exploration and Mining Geology, 5: 197-215.<\/li>\n<li>Tavchandjian, O., Rouleau, A., Archambault, G., Daigneault, R., Marcotte, D., 1997, Geostatistical analysis of fractures in shear zones in the Chibougamau area; applications to structural geology: Tectonophysics269, 51-63.<\/li>\n<li>Kirkam, R.V., Pilote, P., Robert, F., Sinclair, W.D., Daigneault, R. 1997 \u2013 Chibougamau mining district, Qu\u00e9bec, Canada\u00a0: vein Cu-Au and porphyry Cu (-Mo) deposits related to a composite Archean tonalitic batholith. In\u00a0: Mineral deposits. Research and Exploration.\u00a0 \u00c9diteur\u00a0: H. Papunen, Proceedings of the fourth biennal SGA meeting, Turku, Finland.\u00a0 A. Balkema, Rotterdam, pp 647-649.<\/li>\n<li>Gaboury, D., Daigneault. R. 1999. Evolution from seafloor-related to sulfide-rich quartz vein-type gold mineralization during deep submarine volcanic construction: The Geant Dormant gold mine, Archean Abitibi belt, Canada.\u00a0 Economic Geology, 94: 1-19.<\/li>\n<li>Gaboury, D., Daigneault, R., 2000. Flat vein formation in a transitional crustal setting by self-induced fluid equilibrium &#8211; an example from the G\u00e9ant Dormant gold mine, Canada, 17, 55-178.<\/li>\n<li>Gaboury, D., Daigneault, R., Beaudoin, G., 2000. Volcanogenic-related origin of sulfide-rich quartz veins: evidence from O and S isotopes at the G\u00e9ant Dormant gold mine, Abitibi belt, Canada: 35, 21-36.<\/li>\n<li>Lafrance, B., Mueller, W.U., Daigneault, R., Dupras, N., Chown, E.H., Thurston, P.C., 2000, Evolution of a submerged composite arc volcano; volcanology and geochemistry of the Normetal volcanic complex, Abitibi greenstone belt, Quebec, Canada: Precambrian Research, 101, 277-311.<\/li>\n<li>Daigneault, R., Mueller, W. Chown, E.H., 2002. Oblique Archean subduction: accretion and exhumation of an oceanic arc during dextral transpression, Southern Volcanic Zone, Abitibi Subprovince Canada. Precambrian Research, 115: 261\u2013290.<\/li>\n<li>Daigneault, R., Mueller W.U., Chown, E.H., 2004. Abitibi greenstone belt plate tectonics: A history of diachronic arc development, accretion and collision. P. Eriksson, W. Altermann, D. Nelson, W. Mueller, O. Catuneanu, and K. Strand (Eds.), Tempos and events in Precambrian time. In: Developments in Precambrian Geology, Elsevier, pp 88-103:<\/li>\n<li>Legault, M., Daigneault, R., 2006 &#8211; Synvolcanic gold mineralization within a deformation zone: The Chevrier deposit, Chibougamau, Abitibi Subprovince, Canada. Mineralium Deposita 41, no.3 203-228.<\/li>\n<li>Mueller, W.U., Stix, J., White, J.D.L., Corcoran, P.L., Lafrance, B., Daigneault, R., 2008. Characterization of Archean subaqueous calderas in Canada: physical volcanology, carbonate-rich hydrothermal alteration and a new exploration model. In: J. Gottsmann and J. Mart\u00ed (Editors), Caldera volcanoes: analysis, modeling and response. Developments in Volcanology 10, Chapter 5 Elsevier, pp 183-232<\/li>\n<li><a name=\"_Toc461371050\"><\/a> Pearson, V., Daigneault, R., 2009. An Archean megacaldera complex: the Blake River Group, Abitibi greenstone belt. Precambrian Research, 168, 66-82.<\/li>\n<li>Mueller, W.U., Stix, J., Corcoran, P.L., Daigneault, R., 2009. Subaqueous calderas in the Archean Abitibi greenstone belt: An overview and new ideas. Ore Geology Reviews 35, 4-46.<\/li>\n<li>Chesnaux Romain, Lambert M\u00e9lanie, Walter Julien, Fillastre Ugo, Hay Murray, Rouleau Alain, Daigneault R\u00e9al, Moisan Annie et Germaneau Denis. (2011). <a href=\"https:\/\/constellation.uqac.ca\/5203\/\">Building a geodatabase for mapping hydrogeological features and 3D modeling of groundwater systems: Application to the Saguenay\u2013Lac-St.-Jean region, Canada.<\/a> Computers &amp; Geosciences, 37, (11), p. 1870-1882.<\/li>\n<li>Mueller, W.U., Friedman, R., Daigneault, R., Moore, L., Mortensen, J., 2012 \u2013 Timing and characteristics of the Archean subaqueous Blake River Megacaldera Complex, Abitibi greenstone belt, Canada. Precambrian Research, Vol. 214\u2013215, 1-25.<\/li>\n<li>Moore, L., Mueller, W., Daigneault, R., 2012 &#8211; In situ hydroclastic fragmentation of subaqueous ponded lavas; New Senator caldera, Abitibi greenstone belt, Quebec, Canada. Precambrian Research. Vol. 214\u2013215, 44-59<\/li>\n<li>C\u00f4t\u00e9-Mantha, ,\u00a0 Daigneault, R.,\u00a0 Gaboury, D. Chartrand, F. Pilote, P. 2012 &#8211; Geology, Alteration, and Origin of Archean Au-Ag-Cu Mineralization Associated with the Synvolcanic Chibougamau Pluton: The Brosman Prospect, Abitibi Greenstone Belt, Canada Economic Geology, v. 107, pp. 909\u2013934.<\/li>\n<li>Corcoran, P.L., Daigneault, R., Thurston, P.C., 2012 &#8211; An in-depth look into the dynamics of Precambrian volcanic and sedimentary terranes. Precambrian Research, Vol. 214\u2013215, vi-viii.<\/li>\n<li>Mercier-Langevin, P., Daigneault, R., Goutier, J., Dion, C., and Archer, P., 2012 &#8211; Geology of the Archean Intrusion-Hosted La-Grande-Sud Au-Cu Prospect, La Grande Subprovince, James Bay Region, Qu\u00e9bec.\u00a0 Economic Geology, 107: 935-962<\/li>\n<li>Simard, M., Gaboury, D., Daigneault, R., Mercier\u2212Langevin, P., 2013 &#8211; Multistage gold mineralization at the Lapa mine, Abitibi Subprovince: insights into auriferous hydrothermal and metasomatic processes in the Cadillac\u2212Larder Lake Fault Zone. Mineralium Deposita, 48, 883-905.<\/li>\n<li>Gagn\u00e9 E., Rouleau A., Chesnaux, R, Roy, D.W., Cloutier, V., Daigneault, R., 2013. Underground mine site investigation for estimating hydrogeological properties of regional fractured rock aquifers. In Reliable Mine Water Technology, Proc. International Mine Water Association Congress, Brown A., Figueroa L. &amp; Wolkersdorfer C.(eds), Vol I, p. 91\u201397; Denver CO, August 2013.<\/li>\n<li>Moore, L.N., Daigneault, R., Genna, D., Hollings, P., and Mueller, W.U., 2014. Exogenous and endogenous construction of the subaqueous Glenwood felsic lava flow complex; Abitibi greenstone belt, Qu\u00e9bec, Canada. Precambrian Research, 251: 118-140.<\/li>\n<li>Simard P., Chesnaux R, Rouleau A., Daigneault R., Cousineau P.A., Roy D.W., Lambert M., Poirier B., Poignant-Molina L., 2015. Imaging Quaternary glacial deposits and basement topography using the transient electromagnetic method for modeling aquifer environments. <em>Journal of Applied Geophysics<\/em> 119 (2015) 36\u201350.<\/li>\n<li>Tr\u00e9panier Sylvain, Mathieu Lucie et Daigneault R\u00e9al. (2015). <a href=\"https:\/\/constellation.uqac.ca\/4661\/\">CONSONORM_LG: new normative minerals and alteration indexes for low-grade metamorphic rocks.<\/a> Economic Geology, 110, (8), p. 2127-2138.<\/li>\n<li>Mathieu Lucie, Tr\u00e9panier Sylvain et Daigneault R\u00e9al. (2016). <a href=\"https:\/\/constellation.uqac.ca\/4657\/\">CONSONORM_HG: a new method of norm calculation for mid- to high-grade metamorphic rocks.<\/a> Journal of Metamorphic Geology, 34, (1), p. 1-15.<\/li>\n<li>Tr\u00e9panier Sylvain, Mathieu Lucie, Daigneault R\u00e9al et Faure St\u00e9phane. (2016). <a href=\"https:\/\/constellation.uqac.ca\/4660\/\">Precursors predicted by artificial neural networks for mass balance calculations: quantifying hydrothermal alteration in volcanic rocks.<\/a> Computers &amp; Geosciences, 89, p. 32-43.<\/li>\n<li>Mathieu Lucie, Bouchard Rose Anne, Pearson Vital et Daigneault R\u00e9al. (2016). <a href=\"https:\/\/constellation.uqac.ca\/4658\/\">The Coulon deposit: quantifying alteration in volcanogenic massive sulphide systems modified by amphibolite-facies metamorphism.<\/a> Canadian Journal of Earth Sciences, 53, (12), p. 1443-1457.<\/li>\n<\/ul>\n<ul>\n<li>Moore, L.N., Daigneault, R., Aird, H.M., Banerjee, N.R., Mueller, W.U., 2016. Reconstruction and evolution of Archean intracaldera facies: the Rouyn-Pelletier Caldera Complex of the Blake River Group, Abitibi greenstone belt, Canada. Canadian Journal of Earth Sciences, 53: 355\u2013377.<\/li>\n<li>Chesnaux Romain, Lambert M\u00e9lanie, Walter Julien, Dugrain Vianney, Rouleau Alain et Daigneault R\u00e9al. (2017). <a href=\"https:\/\/constellation.uqac.ca\/5204\/\">A simplified geographical information systems (GIS)-based methodology for modeling the topography of bedrock: illustration using the Canadian Shield.<\/a> Applied Geomatics, 9, (1), p. 61-78.<\/li>\n<li>Guay, F., Pilote, P., Daigneault, R., McNicoll, V. 2018. Early gold-bearing quartz veins within the Rivi\u00e8re-H\u00e9va Fault Zone, Abitibi Subprovince, Quebec, Canada. Journal Canadiens des Sciences de la Terre. <a href=\"https:\/\/doi.org\/10.1139\/cjes-2018-0029\">https:\/\/doi.org\/10.1139\/cjes-2018-0029<\/a><\/li>\n<li>Walter Julien, Rouleau Alain, Chesnaux Romain, Lambert M\u00e9lanie et Daigneault R\u00e9al. (2018). <a href=\"https:\/\/constellation.uqac.ca\/4544\/\">Characterization of general and singular features of major aquifer systems in the Saguenay-Lac-Saint-Jean region.<\/a> Canadian Water Resources Journal \/ Revue canadienne des ressources hydriques, p. 1-17.<\/li>\n<li>Bedeaux Pierre, Mathieu Lucie, Pilote Pierre, Rafini Silvain et Daigneault R\u00e9al. (2018). <a href=\"https:\/\/constellation.uqac.ca\/5291\/\">Origin of the Pich\u00e9 Structural Complex and implications for the early evolution of the Archean crustal-scale Cadillac \u2013 Larder Lake Fault Zone, Canada.<\/a> Canadian Journal of Earth Sciences, 55, (8), p. 905-922.<\/li>\n<li>Mathieu Lucie, Lafrance Bruno, Sherlock Ross L., Gibson Harold L., Ayer John, Thurston Phillips C., Daigneault R\u00e9al, B\u00e9dard L. Paul, Gaboury Damien, Naghizadeh Mostafa, Perrouty St\u00e9phane, Feltrin Leonardo, Smith Richard, Beaudoin Georges, Hamilton Michael A., Hannington Mark D. et Pearson D. Graham. (2019). <a href=\"https:\/\/constellation.uqac.ca\/5299\/\">Le projet Metal Earth : une initiative de recherche en exploration min\u00e9rale en 4D.<\/a> G\u00e9ologues, (201), p. 54-59.<\/li>\n<\/ul>\n","protected":false},"excerpt":{"rendered":"<p>Articles de revue avec comit\u00e9 de lecture (RAC) Daigneault, R, Perrault, G., B\u00e9dard, P. 1982. G\u00e9ologie et g\u00e9ochimie du gisement d&#8217;or Lamaque, Val d&#8217;Or Qu\u00e9bec, CIM Bulletin 75.839, 109-124. Ludden, J. N., Daigneault, R., Robert, F., Taylor, R. P. Trace element mobility in alteration zones associated with Archean Au lode deposits. Economic Geology Vol. 79, &hellip; <a href=\"https:\/\/portfolio.uqac.ca\/realdaigneault\/articles\/\" class=\"more-link\">Continuer la lecture de <span class=\"screen-reader-text\">Articles<\/span>  <span class=\"meta-nav\">&rarr;<\/span><\/a><\/p>\n","protected":false},"author":89,"featured_media":0,"parent":0,"menu_order":0,"comment_status":"closed","ping_status":"closed","template":"page-templates\/full-width.php","meta":{"footnotes":""},"tags":[],"_links":{"self":[{"href":"https:\/\/portfolio.uqac.ca\/realdaigneault\/wp-json\/wp\/v2\/pages\/162"}],"collection":[{"href":"https:\/\/portfolio.uqac.ca\/realdaigneault\/wp-json\/wp\/v2\/pages"}],"about":[{"href":"https:\/\/portfolio.uqac.ca\/realdaigneault\/wp-json\/wp\/v2\/types\/page"}],"author":[{"embeddable":true,"href":"https:\/\/portfolio.uqac.ca\/realdaigneault\/wp-json\/wp\/v2\/users\/89"}],"replies":[{"embeddable":true,"href":"https:\/\/portfolio.uqac.ca\/realdaigneault\/wp-json\/wp\/v2\/comments?post=162"}],"version-history":[{"count":5,"href":"https:\/\/portfolio.uqac.ca\/realdaigneault\/wp-json\/wp\/v2\/pages\/162\/revisions"}],"predecessor-version":[{"id":240,"href":"https:\/\/portfolio.uqac.ca\/realdaigneault\/wp-json\/wp\/v2\/pages\/162\/revisions\/240"}],"wp:attachment":[{"href":"https:\/\/portfolio.uqac.ca\/realdaigneault\/wp-json\/wp\/v2\/media?parent=162"}],"wp:term":[{"taxonomy":"post_tag","embeddable":true,"href":"https:\/\/portfolio.uqac.ca\/realdaigneault\/wp-json\/wp\/v2\/tags?post=162"}],"curies":[{"name":"wp","href":"https:\/\/api.w.org\/{rel}","templated":true}]}}