{"id":167,"date":"2020-06-02T11:22:41","date_gmt":"2020-06-02T15:22:41","guid":{"rendered":"http:\/\/portfolio-pre.uqac.ca\/gabarit\/?page_id=167"},"modified":"2020-07-26T10:50:33","modified_gmt":"2020-07-26T14:50:33","slug":"memoires-et-theses","status":"publish","type":"page","link":"https:\/\/portfolio.uqac.ca\/realdaigneault\/memoires-et-theses\/","title":{"rendered":"M\u00e9moires et th\u00e8ses"},"content":{"rendered":"<p>Marchand Kateri. (1990). <a href=\"https:\/\/constellation.uqac.ca\/1585\/\"><strong><em>\u00c9tude d&#8217;\u00e9l\u00e9ments structuraux dans la demie nord du Canton de McKenzie, Chibougamau.<\/em><\/strong><\/a> M\u00e9moire de ma\u00eetrise, Universit\u00e9 du Qu\u00e9bec \u00e0 Chicoutimi.<\/p>\n<p>Lacroix Jean. (1992). <a href=\"https:\/\/constellation.uqac.ca\/1395\/\"><strong><em>Modifications structurales du d\u00e9p\u00f4t de sulfures massifs arch\u00e9en de Grevet, r\u00e9gion de Lebel-sur-Quevillon.<\/em><\/strong><\/a> M\u00e9moire de ma\u00eetrise, Universit\u00e9 du Qu\u00e9bec \u00e0 Chicoutimi.<\/p>\n<p>Labb\u00e9 Jean-Yves. (1994). <a href=\"https:\/\/constellation.uqac.ca\/1265\/\"><strong><em>\u00c9volution des failles de la sous-province de l&#8217;Abitibi : exemple des discontinuit\u00e9s structurales de Lyndhurst et de Macamic, Qu\u00e9bec.<\/em><\/strong><\/a> Th\u00e8se de doctorat, Universit\u00e9 du Qu\u00e9bec \u00e0 Chicoutimi.<\/p>\n<p>Ducharme \u00c9ric. (1994). <a href=\"https:\/\/constellation.uqac.ca\/1276\/\"><strong><em>\u00c9tude des styles structuraux des terrains de la ceinture parautochtone adjacents au front de Grenville situe \u00e0 l&#8217;est de Senneterre.<\/em><\/strong><\/a> M\u00e9moire de ma\u00eetrise, Universit\u00e9 du Qu\u00e9bec \u00e0 Chicoutimi.<\/p>\n<p>Brisson Harold. (1998). <a href=\"https:\/\/constellation.uqac.ca\/1013\/\"><strong><em>Caract\u00e9ristiques, chronologie et typologie des min\u00e9ralisations aurif\u00e8res de la r\u00e9gion du Lac Shortt (Qu\u00e9bec), sous-province arch\u00e9enne de l&#8217;Abitibi.<\/em><\/strong><\/a> Th\u00e8se de doctorat, Universit\u00e9 du Qu\u00e9bec \u00e0 Chicoutimi.<\/p>\n<p>Gosselin Guy. (1998). <a href=\"https:\/\/constellation.uqac.ca\/1029\/\"><strong><em>Veines de quartz aurif\u00e8res pr\u00e9coces \u00e0 la zone ouest de la mine Doyon, canton de Bousquet, Preissac, Abitibi.<\/em><\/strong><\/a> M\u00e9moire de ma\u00eetrise, Universit\u00e9 du Qu\u00e9bec \u00e0 Chicoutimi.<\/p>\n<p>Rasmussen Henrik. (1999). <a href=\"https:\/\/constellation.uqac.ca\/964\/\"><strong><em>Caract\u00e9risation des intrusions porphyriques du secteur du Lac Ackerman, ceinture de roches vertes de Swayze, Ontario.<\/em><\/strong><\/a> M\u00e9moire de ma\u00eetrise, Universit\u00e9 du Qu\u00e9bec \u00e0 Chicoutimi.<\/p>\n<p>Gaboury Damien. (1999). <a href=\"https:\/\/constellation.uqac.ca\/976\/\"><strong><em>Origine volcanog\u00e8ne des veines aurif\u00e8res riches en sulfures de la mine G\u00e9ant Dormant, Abitibi, Qu\u00e9bec.<\/em><\/strong><\/a> Th\u00e8se de doctorat, Universit\u00e9 du Qu\u00e9bec \u00e0 Chicoutimi.<\/p>\n<p>DeKemp Eric Anthony. (2000). <a href=\"https:\/\/constellation.uqac.ca\/411\/\"><strong><em>Three-dimensional integration and visualization of structural field data : tools for regional subsurface mapping = Integration et visualisation 3-D de donn\u00e9es structurales de terrain : outils pour la cartographie g\u00e9ologique r\u00e9gionale.<\/em><\/strong><\/a> Th\u00e8se de doctorat, Universit\u00e9 du Qu\u00e9bec \u00e0 Chicoutimi.<\/p>\n<p>Mercier-Langevin Patrick. (2000). <a href=\"https:\/\/constellation.uqac.ca\/1004\/\"><strong><em>Les min\u00e9ralisations aurif\u00e8res au sein de la tonalite de La Grande-Sud, Baie-James, Qu\u00e9bec.<\/em><\/strong><\/a> M\u00e9moire de ma\u00eetrise, Universit\u00e9 du Qu\u00e9bec \u00e0 Chicoutimi.<\/p>\n<p>Turcotte Sophie. (2001). <a href=\"https:\/\/constellation.uqac.ca\/906\/\"><strong><em>Mise en place de la portion nord-est de la suite anorthositique du Lac-Saint-Jean durant un chevauchement Grenvillien.<\/em><\/strong><\/a> M\u00e9moire de ma\u00eetrise, Universit\u00e9 du Qu\u00e9bec \u00e0 Chicoutimi.<\/p>\n<p>Lafrance Beno\u00eet. (2003). <a href=\"https:\/\/constellation.uqac.ca\/790\/\"><strong><em>Reconstruction d&#8217;un environnement de sulfures massifs volcanog\u00e8nes d\u00e9form\u00e9 : exemple arch\u00e9en de Norm\u00e9tal, Abitibi.<\/em><\/strong><\/a> Th\u00e8se de doctorat, Universit\u00e9 du Qu\u00e9bec \u00e0 Chicoutimi.<\/p>\n<p>Legault Marc Ian. (2003). <a href=\"https:\/\/constellation.uqac.ca\/811\/\"><strong><em>Environnement m\u00e9tallog\u00e9nique du couloir de Fancamp avec emphase sur les gisements aurif\u00e8res de Chevrier, r\u00e9gion de Chibougamau, Qu\u00e9bec.<\/em><\/strong><\/a> Th\u00e8se de doctorat, Universit\u00e9 du Qu\u00e9bec \u00e0 Chicoutimi.<\/p>\n<p>Larouche Julie. (2005). <a href=\"https:\/\/constellation.uqac.ca\/576\/\"><strong><em>Caract\u00e9risation de la min\u00e9ralisation de la fosse J4 \u00e0 la mine Troilus, Chibougamau.<\/em><\/strong><\/a> M\u00e9moire de ma\u00eetrise, Universit\u00e9 du Qu\u00e9bec \u00e0 Chicoutimi.<\/p>\n<p>Tremblay M\u00e9lanie. (2006). <a href=\"https:\/\/constellation.uqac.ca\/448\/\"><strong><em>Min\u00e9ralisation et d\u00e9formation du f\u00eete aurif\u00e8re de la zone Eau Claire, propri\u00e9t\u00e9 Clearwater, Baie James.<\/em><\/strong><\/a> M\u00e9moire de ma\u00eetrise, Universit\u00e9 du Qu\u00e9bec \u00e0 Chicoutimi.<\/p>\n<p>Or\u00e9 S\u00e1nchez Carlos. (2006). <a href=\"https:\/\/constellation.uqac.ca\/494\/\"><strong><em>Caract\u00e9risation et r\u00f4le des failles (E-W) s\u00e9cantes dans le contr\u00f4le de la min\u00e9ralisation aurif\u00e8re \u00e0 la mine Poderosa, Pataz, P\u00e9rou = Caracterizaci\u00f3n y rol de las fallas (E-W) secantes en la mineralizaci\u00f3n aurifera filoniana del Batolito de Pataz, Peru.<\/em><\/strong><\/a> M\u00e9moire de ma\u00eetrise, Universit\u00e9 du Qu\u00e9bec \u00e0 Chicoutimi.<\/p>\n<p>Lapointe Isabelle. (2006). <a href=\"https:\/\/constellation.uqac.ca\/504\/\"><strong><em>Caract\u00e9risation du syst\u00e8me aurif\u00e8re filonien d&#8217;Aquilon &#8211; Baie James, Qu\u00e9bec.<\/em><\/strong><\/a> M\u00e9moire de ma\u00eetrise, Universit\u00e9 du Qu\u00e9bec \u00e0 Chicoutimi.<\/p>\n<p>Lavoie J\u00e9r\u00f4me. (2008). <a href=\"https:\/\/constellation.uqac.ca\/322\/\"><strong><em>Contr\u00f4les structuraux des veines aurif\u00e8res Mercedes et Jimena, Pataz, La Libertad, centre-nord du P\u00e9rou.<\/em><\/strong><\/a> M\u00e9moire de ma\u00eetrise, Universit\u00e9 du Qu\u00e9bec \u00e0 Chicoutimi.<\/p>\n<p>C\u00f4t\u00e9-Mantha Olivier. (2009). <a href=\"https:\/\/constellation.uqac.ca\/182\/\"><strong><em>Architecture et origine du syst\u00e8me de min\u00e9ralisation polym\u00e9tallique du secteur lac Line, r\u00e9gion de Chibougamau, Qu\u00e9bec.<\/em><\/strong><\/a> Th\u00e8se de doctorat, Universit\u00e9 du Qu\u00e9bec \u00e0 Chicoutimi.<\/p>\n<p>Simard Marjorie. (2011). <a href=\"https:\/\/constellation.uqac.ca\/2168\/\"><strong><em>Multi \u00e9v\u00e8nements de d\u00e9formation, de m\u00e9tamorphisme et d&#8217;hydrothermalisme \u00e0 l&#8217;origine du gisement Lapa.<\/em><\/strong><\/a> Th\u00e8se de doctorat, Universit\u00e9 du Qu\u00e9bec \u00e0 Chicoutimi.<\/p>\n<p>Diop A\u00efssatou. (2011). <a href=\"https:\/\/constellation.uqac.ca\/2561\/\"><strong><em>Caract\u00e9ristiques s\u00e9dimentologiques, volcanologiques et structurales du bassin de Granada dans la ceinture de roches vertes de l&#8217;Abitibi (Qu\u00e9bec).<\/em><\/strong><\/a> Th\u00e8se de doctorat, Universit\u00e9 du Qu\u00e9bec \u00e0 Chicoutimi.<\/p>\n<p>Bedeaux Pierre. (2012). <a href=\"https:\/\/constellation.uqac.ca\/2565\/\"><strong><em>Min\u00e9ralisations et d\u00e9formation \u00e0 proximit\u00e9 de la faille de Davidson, Abitibi, Canada.<\/em><\/strong><\/a> M\u00e9moire de ma\u00eetrise, Universit\u00e9 du Qu\u00e9bec \u00e0 Chicoutimi.<\/p>\n<p>Tremblay Enrick. (2012). <a href=\"https:\/\/constellation.uqac.ca\/2567\/\"><strong><em>Contr\u00f4les structuraux de la min\u00e9ralisation aurif\u00e8re de la veine Consuelo, Pataz, La Libertad, P\u00e9rou.<\/em><\/strong><\/a> M\u00e9moire de ma\u00eetrise, Universit\u00e9 du Qu\u00e9bec \u00e0 Chicoutimi.<\/p>\n<p>Lafrance V\u00e9ronique. (2015). <a href=\"https:\/\/constellation.uqac.ca\/3724\/\"><strong><em>Caract\u00e9risation de l&#8217;environnement g\u00e9ologique de la mine Marbridge, Abitibi, Qu\u00e9bec.<\/em><\/strong><\/a> M\u00e9moire de ma\u00eetrise, Universit\u00e9 du Qu\u00e9bec \u00e0 Chicoutimi.<\/p>\n<p>Moore Lyndsay. (2015). <a href=\"https:\/\/constellation.uqac.ca\/3892\/\"><strong><em>Identification, organization and evolution of intracaldera facies of the Rouyn-Pelletier Caldera Complex, Black River Group, Abitibi greenstone belt, Canada.<\/em><\/strong><\/a> Th\u00e8se de doctorat, Universit\u00e9 du Qu\u00e9bec \u00e0 Chicoutimi.<\/p>\n<p>Grenier Louis. (2016). <a href=\"https:\/\/constellation.uqac.ca\/4078\/\"><strong><em>Cadre structural et potentiel de min\u00e9ralisation aurif\u00e8re au Front de Grenville : secteur nord-est du pluton de La Dauversi\u00e8re.<\/em><\/strong><\/a> M\u00e9moire de ma\u00eetrise, Universit\u00e9 du Qu\u00e9bec \u00e0 Chicoutimi.<\/p>\n<p>Or\u00e9 Sanchez Carlos. (2017). <a href=\"https:\/\/constellation.uqac.ca\/4361\/\"><strong><em>Gisement de Poderosa (P\u00e9rou) : une min\u00e9ralisation aurif\u00e8re filonienne de filiation magmatique.<\/em><\/strong><\/a> Th\u00e8se de doctorat, Universit\u00e9 du Qu\u00e9bec \u00e0 Chicoutimi.<\/p>\n<p>Lienard Aliz\u00e9e. (2018). <a href=\"https:\/\/constellation.uqac.ca\/4645\/\"><strong><em>Typologie des intrusions porphyriques et relation avec la d\u00e9formation dans le secteur est de Val-d\u2019Or.<\/em><\/strong><\/a> M\u00e9moire de ma\u00eetrise, Universit\u00e9 du Qu\u00e9bec \u00e0 Chicoutimi.<\/p>\n<p>Dub\u00e9 Julien. (2018). <a href=\"https:\/\/constellation.uqac.ca\/4695\/\"><strong><em>Caract\u00e9risation m\u00e9tallog\u00e9nique et structurale de la min\u00e9ralisation aurif\u00e8re des gisements Triangle et Chemin\u00e9e No. 4, Val-d\u2019Or, Abitibi, Qu\u00e9bec.<\/em><\/strong><\/a> M\u00e9moire de ma\u00eetrise, Universit\u00e9 du Qu\u00e9bec \u00e0 Chicoutimi.<\/p>\n<p>Guay Francis. (2018). <a href=\"https:\/\/constellation.uqac.ca\/4490\/\"><strong><em>Min\u00e9ralisation aurif\u00e8re et d\u00e9formation de l\u2019indice aurif\u00e8re \u00ab rive du lac Malartic \u00bb, Sous-province de l\u2019Abitibi.<\/em><\/strong><\/a> M\u00e9moire de ma\u00eetrise, Universit\u00e9 du Qu\u00e9bec \u00e0 Chicoutimi.<\/p>\n<p>Bedeaux Pierre. (2018). <a href=\"https:\/\/constellation.uqac.ca\/4572\/\"><strong><em>\u00c9volution structurale, mod\u00e9lisation des pal\u00e9ocontraintes et implications sur les min\u00e9ralisations aurif\u00e8res orog\u00e9niques le long de failles majeures : application \u00e0 la Faille de Cadillac, Abitibi, Canada.<\/em><\/strong><\/a> Th\u00e8se de doctorat, Universit\u00e9 du Qu\u00e9bec \u00e0 Chicoutimi.<\/p>\n<p>Bouchard Rose Anne. (2019). <a href=\"https:\/\/constellation.uqac.ca\/5225\/\"><strong><em>Le d\u00e9p\u00f4t de sulfures massifs volcanog\u00e8nes de Coulon, nord du Qu\u00e9bec : contexte, structure, alt\u00e9ration et zonalit\u00e9.<\/em><\/strong><\/a> M\u00e9moire de ma\u00eetrise, Universit\u00e9 du Qu\u00e9bec \u00e0 Chicoutimi.<\/p>\n<p>Munger Alexandre. (2019). <a href=\"https:\/\/constellation.uqac.ca\/5234\/\"><strong><em>Facteurs de contr\u00f4le et organisation des filons aurif\u00e8res orog\u00e9niques du gisement de Goldex, Val-d\u2019Or, Qu\u00e9bec.<\/em><\/strong><\/a> M\u00e9moire de ma\u00eetrise, Universit\u00e9 du Qu\u00e9bec \u00e0 Chicoutimi.<\/p>\n<p>Boucher Adrien. (2020). <a href=\"https:\/\/constellation.uqac.ca\/5753\/\"><strong><em>P\u00e9trogen\u00e8se et potentiel \u00e9conomique de la Formation d\u2019Obatogamau, r\u00e9gion de Chibougamau, Sous-province de l\u2019Abitibi.<\/em><\/strong><\/a> M\u00e9moire de ma\u00eetrise, Universit\u00e9 du Qu\u00e9bec \u00e0 Chicoutimi.<\/p>\n<div id=\"page\">\n<div id=\"cadre\">\n<div class=\"ep_view_page ep_view_page_view_people\">\n<p>&nbsp;<\/p>\n<\/div>\n<\/div>\n<\/div>\n","protected":false},"excerpt":{"rendered":"<p>Marchand Kateri. (1990). \u00c9tude d&#8217;\u00e9l\u00e9ments structuraux dans la demie nord du Canton de McKenzie, Chibougamau. M\u00e9moire de ma\u00eetrise, Universit\u00e9 du Qu\u00e9bec \u00e0 Chicoutimi. Lacroix Jean. (1992). Modifications structurales du d\u00e9p\u00f4t de sulfures massifs arch\u00e9en de Grevet, r\u00e9gion de Lebel-sur-Quevillon. M\u00e9moire de ma\u00eetrise, Universit\u00e9 du Qu\u00e9bec \u00e0 Chicoutimi. Labb\u00e9 Jean-Yves. (1994). \u00c9volution des failles de la &hellip; <a href=\"https:\/\/portfolio.uqac.ca\/realdaigneault\/memoires-et-theses\/\" class=\"more-link\">Continuer la lecture de <span class=\"screen-reader-text\">M\u00e9moires et th\u00e8ses<\/span>  <span class=\"meta-nav\">&rarr;<\/span><\/a><\/p>\n","protected":false},"author":89,"featured_media":0,"parent":0,"menu_order":0,"comment_status":"closed","ping_status":"closed","template":"","meta":{"footnotes":""},"tags":[],"_links":{"self":[{"href":"https:\/\/portfolio.uqac.ca\/realdaigneault\/wp-json\/wp\/v2\/pages\/167"}],"collection":[{"href":"https:\/\/portfolio.uqac.ca\/realdaigneault\/wp-json\/wp\/v2\/pages"}],"about":[{"href":"https:\/\/portfolio.uqac.ca\/realdaigneault\/wp-json\/wp\/v2\/types\/page"}],"author":[{"embeddable":true,"href":"https:\/\/portfolio.uqac.ca\/realdaigneault\/wp-json\/wp\/v2\/users\/89"}],"replies":[{"embeddable":true,"href":"https:\/\/portfolio.uqac.ca\/realdaigneault\/wp-json\/wp\/v2\/comments?post=167"}],"version-history":[{"count":10,"href":"https:\/\/portfolio.uqac.ca\/realdaigneault\/wp-json\/wp\/v2\/pages\/167\/revisions"}],"predecessor-version":[{"id":238,"href":"https:\/\/portfolio.uqac.ca\/realdaigneault\/wp-json\/wp\/v2\/pages\/167\/revisions\/238"}],"wp:attachment":[{"href":"https:\/\/portfolio.uqac.ca\/realdaigneault\/wp-json\/wp\/v2\/media?parent=167"}],"wp:term":[{"taxonomy":"post_tag","embeddable":true,"href":"https:\/\/portfolio.uqac.ca\/realdaigneault\/wp-json\/wp\/v2\/tags?post=167"}],"curies":[{"name":"wp","href":"https:\/\/api.w.org\/{rel}","templated":true}]}}