{"id":18,"date":"2020-06-02T11:22:41","date_gmt":"2020-06-02T15:22:41","guid":{"rendered":"http:\/\/portfolio-pre.uqac.ca\/gabarit\/?page_id=18"},"modified":"2020-07-24T10:25:15","modified_gmt":"2020-07-24T14:25:15","slug":"enseignement","status":"publish","type":"page","link":"https:\/\/portfolio.uqac.ca\/realdaigneault\/enseignement\/","title":{"rendered":"Enseignement"},"content":{"rendered":"<table width=\"0\">\n<tbody>\n<tr>\n<td width=\"95\">\n<h2><strong>Sigle<\/strong><\/h2>\n<\/td>\n<td width=\"85\">\n<h2><strong>Cycle<\/strong><\/h2>\n<\/td>\n<td width=\"416\">\n<h2><strong>Titre<\/strong><\/h2>\n<\/td>\n<\/tr>\n<tr>\n<td width=\"95\">6SCT302<\/td>\n<td width=\"85\">1<sup>er<\/sup> cycle<\/td>\n<td width=\"416\">G\u00e9ologie structurale<\/td>\n<\/tr>\n<tr>\n<td width=\"95\">6SCT520<\/td>\n<td width=\"85\">1<sup>er<\/sup> cycle<\/td>\n<td width=\"416\">G\u00e9omatique Appliqu\u00e9e<\/td>\n<\/tr>\n<tr>\n<td width=\"95\">6SCT703<\/td>\n<td width=\"85\">1<sup>er<\/sup> cycle<\/td>\n<td width=\"416\">Camp de pr\u00e9cambrien et de g\u00e9ologie mini\u00e8re<\/td>\n<\/tr>\n<tr>\n<td width=\"95\">6SCT103<\/td>\n<td width=\"85\">1<sup>er<\/sup> cycle<\/td>\n<td width=\"416\">Camp de planim\u00e9trie<\/td>\n<\/tr>\n<tr>\n<td width=\"95\">6SCT906<\/td>\n<td width=\"85\">2-3<sup>e<\/sup> cycles<\/td>\n<td width=\"416\">Analyse structurale<\/td>\n<\/tr>\n<tr>\n<td width=\"95\">6SCT834<\/td>\n<td width=\"85\">2<sup>e<\/sup> cycle<\/td>\n<td width=\"416\">G\u00e9omatique Appliqu\u00e9e en exploration min\u00e9rale<\/td>\n<\/tr>\n<\/tbody>\n<\/table>\n","protected":false},"excerpt":{"rendered":"<p>Sigle Cycle Titre 6SCT302 1er cycle G\u00e9ologie structurale 6SCT520 1er cycle G\u00e9omatique Appliqu\u00e9e 6SCT703 1er cycle Camp de pr\u00e9cambrien et de g\u00e9ologie mini\u00e8re 6SCT103 1er cycle Camp de planim\u00e9trie 6SCT906 2-3e cycles Analyse structurale 6SCT834 2e cycle G\u00e9omatique Appliqu\u00e9e en exploration min\u00e9rale<\/p>\n","protected":false},"author":89,"featured_media":0,"parent":0,"menu_order":0,"comment_status":"closed","ping_status":"closed","template":"","meta":{"footnotes":""},"tags":[],"_links":{"self":[{"href":"https:\/\/portfolio.uqac.ca\/realdaigneault\/wp-json\/wp\/v2\/pages\/18"}],"collection":[{"href":"https:\/\/portfolio.uqac.ca\/realdaigneault\/wp-json\/wp\/v2\/pages"}],"about":[{"href":"https:\/\/portfolio.uqac.ca\/realdaigneault\/wp-json\/wp\/v2\/types\/page"}],"author":[{"embeddable":true,"href":"https:\/\/portfolio.uqac.ca\/realdaigneault\/wp-json\/wp\/v2\/users\/89"}],"replies":[{"embeddable":true,"href":"https:\/\/portfolio.uqac.ca\/realdaigneault\/wp-json\/wp\/v2\/comments?post=18"}],"version-history":[{"count":6,"href":"https:\/\/portfolio.uqac.ca\/realdaigneault\/wp-json\/wp\/v2\/pages\/18\/revisions"}],"predecessor-version":[{"id":237,"href":"https:\/\/portfolio.uqac.ca\/realdaigneault\/wp-json\/wp\/v2\/pages\/18\/revisions\/237"}],"wp:attachment":[{"href":"https:\/\/portfolio.uqac.ca\/realdaigneault\/wp-json\/wp\/v2\/media?parent=18"}],"wp:term":[{"taxonomy":"post_tag","embeddable":true,"href":"https:\/\/portfolio.uqac.ca\/realdaigneault\/wp-json\/wp\/v2\/tags?post=18"}],"curies":[{"name":"wp","href":"https:\/\/api.w.org\/{rel}","templated":true}]}}