{"id":244,"date":"2020-07-26T11:50:57","date_gmt":"2020-07-26T15:50:57","guid":{"rendered":"http:\/\/portfolio-pre.uqac.ca\/realdaigneault\/?page_id=244"},"modified":"2020-07-26T11:53:11","modified_gmt":"2020-07-26T15:53:11","slug":"autres-publications","status":"publish","type":"page","link":"https:\/\/portfolio.uqac.ca\/realdaigneault\/autres-publications\/","title":{"rendered":"Autres publications"},"content":{"rendered":"<ul>\n<li>Daigneault, R., Allard, G.O. \u00a0 Le Complexe du Lac Dor\u00e9 et son environnement g\u00e9ologique, r\u00e9gion de Chibougamau &#8211; Sous-province de l&#8217;Abitibi.\u00a0 Minist\u00e8re de l&#8217;\u00c9nergie et des Ressources du Qu\u00e9bec, M\u00e9moire MM 89-03, 275 pages.<\/li>\n<li>Chown, E.H., Daigneault, R., Mueller, W. \u00a0 Geological setting of eastern extremity of the Abitibi belt.\u00a0 Dans: Guha, J., Chown, E..H. et Daigneault, R.\u00a0 eds.\u00a0 Geological Survey of Canada, open file 2158.\u00a0 Field trip guide book, 8th IAGOD Symposium, pp. 1-32.<\/li>\n<li>Daigneault, R., 1991 &#8211; D\u00e9formation et cisaillement: concepts et applications. Minist\u00e8re de l&#8217;\u00c9nergie et des Ressources du Qu\u00e9bec, DV-89-16, 54 pages.<\/li>\n<li>Lacroix, J., Daigneault, R., Guha, J., Chartrand, F. 1991. Modifications structurales du d\u00e9p\u00f4t volcanog\u00e8ne de Grevet, r\u00e9gion de Lebel-sur-Qu\u00e9villon. S\u00e9minaire d&#8217;information 1991, Qu\u00e9bec, Minist\u00e8re de l&#8217;\u00c9nergie et des Ressources du Qu\u00e9bec, DV 91-26, 57-62.<\/li>\n<li>Daigneault, R., Chown, E.H., Mueller, W., Mortensen, J.K. \u00a0 Contrasting deformation patterns between the Southern and the Northern Volcanic Zones of the Abitibi Subprovince.\u00a0 Atelier Lithoprobe, rapport no 25, Montr\u00e9al 1991, 143-146.<\/li>\n<li>Daigneault, R., Chown, E. H., Mueller, W. 1992. Tectonic boundary between the Northern and the Southern Volcanic Zones, Abitibi Subprovince, Qu\u00e9bec. Lithoprobe Abitibi-Grenville project Workshop IV, Montr\u00e9al, \u00c9cole Polytechnique, Rapport no 33, 7-10.<\/li>\n<li>Daigneault, R., Labb\u00e9, J.-Y. 1992. Probl\u00e9matique des zones de d\u00e9formation de la Sous-province de l&#8217;Abitibi. Minist\u00e8re de l&#8217;\u00c9nergie et des Ressources du Qu\u00e9bec. DV 92-03, 45-50.<\/li>\n<li>Gaboury, D., Tourigny, G., Daigneault, R.\u00a0 \u00a0 G\u00eetologie du gisement aurif\u00e8re de la mine G\u00e9ant Dormant, partie central de l&#8217;Abitibi, phase 1: Zones 20 et 30. Minist\u00e8re des Ressources Naturelles du Qu\u00e9bec, MB 94-36: 42 p.<\/li>\n<li>Sinclair, W.D., Pilote, P., Kirkham, R.V., Robert, F., Daigneault, R., 1994, A preliminary report of porphyry Cu-Mo-Au and shear zone-hosted Cu-Au deposits in the Chibougamau area, Quebec, Current Research &#8211; Geological Survey of Canada, Geological Survey of Canada,, p. 303-309<\/li>\n<li>Mueller, W., Daigneault, R., Chown, E. H. 1995.\u00a0 Archean terrane docking: Destor-Porcupine Manneville zone, Abitibi greenstone belt Qu\u00e9bec, Canada. Precambrian 1995, International Conference on Tectonic &amp; Metallogeny of Early\/Mid Precambrian Orogenic Belts, 28 Aug.- 1 Sept. Field guidebook A-1.<\/li>\n<li>Daigneault, R., Lacroix, J., Chartrand, F. 1995. Alt\u00e9ration hydrothermale associ\u00e9e \u00e0 la min\u00e9ralisation de sulfures massifs de l&#8217;environnement de la mine Grevet, partie centrale de la Sous-province de l&#8217;Abitibi. Minist\u00e8re des Ressources Naturelles du Qu\u00e9bec. MB 95-22, 75 p.<\/li>\n<li>Legault, M. I., Couture, J. F., Daigneault, R. 1995. \u00c9tude structurale et m\u00e9tallog\u00e9nique du couloir de d\u00e9formation de Fancamp, phase 1. Minist\u00e8re des Ressources Naturelles du Qu\u00e9bec. MB 95-50, 71<\/li>\n<li>Daigneault, R. 1996. Couloirs de d\u00e9formation de la Sous-province de l&#8217;Abitibi. Minist\u00e8re des Ressources Naturelles du Qu\u00e9bec. MB 96-03, 135 p.<\/li>\n<li>Magnan, M. Blais, A., Daigneault, R., Pilote, P., Robert, F. 1996 \u2013 La mine Copper Rand. \u00a0In\u00a0:\u00a0 G\u00e9ologie et \u00e9volution m\u00e9tallog\u00e9nique de la r\u00e9gion de Chibougamau; des g\u00eetes de type Cu-Au-Mo porphyriques aux gisements filoniens m\u00e9sothermaix aurif\u00e8res.\u00a0 Edit\u00e9 par P. Pilote, C. Dion, et R. Morin.\u00a0 Minist\u00e8re des Ressources Naturelles du Qu\u00e9bec.\u00a0 MB 96-09 p93-102.<\/li>\n<li>Legault, M.I., Daigneault, R., Couture, J.F., 1997, Contexte structural et m\u00e9tallog\u00e9nique des indices aurif\u00e8res du couloir de d\u00e9formation Fancamp, Minist\u00e8re des Ressources naturelles du Qu\u00e9bec, MB-97-32, 60p.<\/li>\n<li>Daigneault, R. 1998 &#8211; Une \u00e9volution tectonique et m\u00e9tallog\u00e9nique centr\u00e9e sur le pluton de Chibougamau. Dans: G\u00e9ologie et M\u00e9tallog\u00e9nie du district minier de Chapais-Chibougamau;\u00a0 Nouvelle vision du potentiel de d\u00e9couverte. \u00c9dit\u00e9 par P. Pilote, Minist\u00e8re des Ressources Naturelles du Qu\u00e9bec, DV-98-03,\u00a0 45-52.<\/li>\n<li>Kirkham, R.V., Pilote, P., Sinclair, W.D., Robert, F., Daigneault, R., 1998, Les veines de Cu-Au de l&#8217;Ile Merrill et le gite porphyrique en Cu-(Mo) du lac Clark, camp minier du lac Dore, Chibougamau, Dans: G\u00e9ologie et M\u00e9tallog\u00e9nie du district minier de Chapais-Chibougamau; Nouvelle vision du potentiel de d\u00e9couverte. \u00c9dit\u00e9 par P. Pilote, Minist\u00e8re des Ressources Naturelles du Qu\u00e9bec, DV-98-03,\u00a0\u00a0 97-106.<\/li>\n<li>H\u00e9bert, C. Chown, E.H., Daigneault, R. 1998 \u2013 Histoire tectono-magmatique de la r\u00e9gion du Saguenay. Livret-guide d\u2019excursion A6, GAC-MAC-APGGQ, Qu\u00e9bec 1998, 68p.<\/li>\n<li>Th\u00e9berge, L., Daigneault, R., Labb\u00e9, J.Y., Brisson, T., 1999, Reconnaissance de l&#8217;h\u00e9ritage volcanog\u00e8ne d&#8217;une min\u00e9ralisation de sulfures massifs en zone de forte deformation: le cas type du gisement de la mine langlois, Lebel-sur-Qu\u00e9villon, Abitibi., MB 99-38 57p.<\/li>\n<li>Magnan, M., Pilote, P., et Daigneault, R., 1999 Min\u00e9ralisations et alt\u00e9rations \u00e0 la mine Copper Rand, Chibougamau, Minist\u00e8re des Ressources Naturelles du Qu\u00e9bec, ET-98-01, 31p.<\/li>\n<li>Cheve, S., Gobeil, A., Clark, T., Corriveau, L., Perreault, S., Dion, D.-J., Daigneault, R., 1999, G\u00e9ologie de la r\u00e9gion du Lac Manitou (22I\/14), Minist\u00e8re des Ressources naturelles du Qu\u00e9bec, RG 99-02, 70p.<\/li>\n<li>Legault, M., Daigneault, R., Mueller, W., Gauthier, M., Jebrak, M., Pich\u00e9, M., 2000, Contexte g\u00e9ologique du camp minier de Joutel. Minist\u00e8re des Ressources Naturelles du Qu\u00e9bec, MB-2000-10, 45 p.<\/li>\n<li>Mueller, W.U., Daigneault, R., Lafrance.,B, Stix, J, Corcoran, P.L., Pearson, V., 2008. Abitibi subaqueous calderas with volcanogenic massive sulfide deposits: exploration models and hydrothermal carbonate alteration. In B. Cousens and S. Piercey (editors), Submarine volcanism and mineralization: modern through ancient. Geological Association of Canada, Short Course, 87-136.<\/li>\n<li>Mueller, W.U., Daigneault, R., Gaboury, D., Pearson, V. 2008. Effusive and Explosive Subaqueous Volcanism in the Abitibi Greenstone Belt: Ocean Floor and Subaqueous Caldera Volcanism. Geological Association of Canada \u2013Mineralogical Association of Canada, Joint Annual Meeting, Qu\u00e9bec 2008, Guidebook to Field Trip A1, 85 pp.<\/li>\n<\/ul>\n<p><strong><u>Rapports de travaux de recherche<\/u><\/strong><\/p>\n<ul>\n<li>Daigneault, R. \u2013 1994. Analyse structurale des failles du Ruisseau Poitras et de Hart-Jaune, r\u00e9gion de Manicouagan. Rapport pr\u00e9sent\u00e9 au Minist\u00e8re des Ressources naturelles du Qu\u00e9bec. Cahier du CERM 94-01.<\/li>\n<li>Daigneault, R. \u2013 1994. Rapport des travaux d\u2019analyse structurale sur l\u2019horizon de skarn \u00e0 wollastonite de la propri\u00e9t\u00e9 St-Onge.\u00a0 Rapport pr\u00e9sent\u00e9 \u00e0 Ressources Orl\u00e9ans.\u00a0 Cahier du CERM 94-1, 52 pages.<\/li>\n<li>Daigneault, R. \u2013 1995. Signature structurale des terranes de Manicouagan et de Gabriel.\u00a0 Rapport pr\u00e9sent\u00e9 au Minist\u00e8re des ressources naturelles du Qu\u00e9bec.\u00a0 Cahier du CERM 95-10, 26 pages.<\/li>\n<li>Daigneault, R. \u2013 1996. Travaux d\u2019analyse structurale sur le Projet La Grande Sud. Rapport pr\u00e9sent\u00e9 \u00e0 Mines d\u2019Or Virginia, 37 pages, Cahier du CERM 96-2.<\/li>\n<li>Daigneault, R. \u2013 1996. Signature structurale du Complexe de Manicouagan.\u00a0 Rapport pr\u00e9sent\u00e9 au Minist\u00e8re des ressources naturelles du Qu\u00e9bec.\u00a0 Cahier du CERM 96-5, 15 pages.<\/li>\n<li>Daigneault, R. \u2013 1997. Structure du secteur Manitou.\u00a0 Rapport pr\u00e9sent\u00e9 au Minist\u00e8re des ressources naturelles du Qu\u00e9bec.\u00a0 Cahier du CERM 98-4, 15 pages.<\/li>\n<li>Daigneault, R. \u2013 1997. Rappot de travaux de terrain 1997 \u2013 Projet La Grande Sud. Rapport pr\u00e9sent\u00e9 \u00e0 Mines d\u2019Or Virginia, 48 pages, Cahier 98-1 du CERM.<\/li>\n<li>Daigneault, R. \u2013 1998. \u00c9valuation structurale et m\u00e9tallog\u00e9nique, Projet Fenton. Rapport pr\u00e9sent\u00e9 \u00e0 Exploration Bor\u00e9ale, 22 pages, Cahier du CERM 98-5.<\/li>\n<li>Daigneault, R. \u2013 1998. Sommaire des observations du Projet Opinaca, Rapport pr\u00e9sent\u00e9 \u00e0 Service Technique Geonordic, 26 pages, Cahier du CERM 98-6.<\/li>\n<li>Daigneault, R. \u2013 1999. Sommaire des travaux de terrain 1999 \u2013 Analyse structurale Projet Cacaoni-Br\u00e9zel.\u00a0 Rapport pr\u00e9sent\u00e9 au Minist\u00e8re des ressources naturelles du Qu\u00e9bec.\u00a0 Cahier du CERM 99-6, 17 pages.<\/li>\n<li>Daigneault, R. \u2013 2000. Sommaire des travaux de terrain 1999 \u2013 Analyse structurale Projet Rivi\u00e8re0aux-Tonnerres.\u00a0 Rapport pr\u00e9sent\u00e9 au Minist\u00e8re des ressources naturelles du Qu\u00e9bec.\u00a0 Cahier du CERM 2000-3, 16 pages.<\/li>\n<li>CERM-PACES 2013. Atlas des eaux souterraines du Saguenay-Lac-Saint-Jean. Centre d\u2019\u00e9tudes sur les ressources min\u00e9rales, Universit\u00e9 du Qu\u00e9bec \u00e0 Chicoutimi, 39 p.<\/li>\n<li>https:\/\/pcdt.uqac.ca\/pcdt\/a_0\/ATLAS_SLSJ_PACES.pdf<\/li>\n<li>CERM-PACES 2013. R\u00e9sultats du programme d\u2019acquisition de connaissances sur les eaux souterraines de la r\u00e9gion Saguenay-Lac-Saint-Jean. Centre d\u2019\u00e9tudes sur les ressources min\u00e9rales, UQAC, 308 p, + 33 cartes format A0 + base de donn\u00e9es.<\/li>\n<li><a href=\"https:\/\/rqes-gries.ca\/fr\/archives-et-documents\/rapports-memoires-et-cartes\/261-paces-saguenay-lac-st-jean.html\">https:\/\/rqes-gries.ca\/fr\/archives-et-documents\/rapports-memoires-et-cartes\/261-paces-saguenay-lac-st-jean.html<\/a><\/li>\n<li>CERM-PACES 2015. Atlas des eaux souterraines de la r\u00e9gion de Charlevoix-Haute-C\u00f4te-Nord. Centre d\u2019\u00e9tudes sur les ressources min\u00e9rales, Universit\u00e9 du Qu\u00e9bec \u00e0 Chicoutimi, 39 p.<\/li>\n<li>https:\/\/pcdt.uqac.ca\/pcdtchcn\/rapport_scientifique\/Atlas-CHCN_2105.pdf<\/li>\n<li>CERM-PACES 2015. R\u00e9sultats du programme d\u2019acquisition de connaissances sur les eaux souterraines de la r\u00e9gion Charlevoix-Haute-C\u00f4te-Nord. Centre d\u2019\u00e9tudes sur les ressources min\u00e9rales, UQAC, 308 p, + 33 cartes format A0 + base de donn\u00e9es. <a href=\"https:\/\/pcdt.uqac.ca\/pcdtchcn\/rapport_scientifique\/CHCN_Rapport_Scientifique.pdf\">https:\/\/pcdt.uqac.ca\/pcdtchcn\/rapport_scientifique\/CHCN_Rapport_Scientifique.pdf<\/a><\/li>\n<li>Walter J., Germaneau D., Lambert M., Rouleau A., Daigneault R. et Chesnaux R., 2011. Acquisition de connaissances sur les eaux souterraines du territoire municipalis\u00e9 du Saguenay-Lac-Saint-Jean &#8211; Rapport de phase 2 : Compte-rendu des op\u00e9rations terrain (2010-2011). Rapport remis au MDDEP, Centre d\u2019\u00e9tudes sur les ressources min\u00e9rales, UQAC, 21p. plus 10 annexes<\/li>\n<li>Rouleau A., Cloutier V., Larocque M., Campeau S., Lemieux J.M., Daigneault R. et Palmer S., 2010. Consid\u00e9rations sur les eaux souterraines en lien avec l\u2019industrie des gaz de shale. M\u00e9moire d\u00e9pos\u00e9 et pr\u00e9sent\u00e9 au Bureau d\u2019audiences publiques sur l\u2019environnement, dans le cadre de l\u2019audience publique sur le d\u00e9veloppement durable de l\u2019industrie des gaz de schiste au Qu\u00e9bec, Groupe de recherche interuniversitaire sur les eaux souterraines, 19p.<\/li>\n<li>Walter J., Lambert M., Rouleau A., Daigneault R., Moisan A., Germaneau D., Chesnaux R. et DePinel M., 2010. Acquisition de connaissances sur les eaux souterraines du territoire municipalis\u00e9 du Saguenay-Lac-Saint-Jean &#8211; Rapport d\u2019\u00e9tape de la phase 1 bas\u00e9e sur les donn\u00e9es existantes et planification r\u00e9vis\u00e9e de la phase 2. Rapport remis au MDDEP, Centre d\u2019\u00e9tudes sur les ressources min\u00e9rales, UQAC, 86p. plus cartes.<\/li>\n<\/ul>\n","protected":false},"excerpt":{"rendered":"<p>Daigneault, R., Allard, G.O. \u00a0 Le Complexe du Lac Dor\u00e9 et son environnement g\u00e9ologique, r\u00e9gion de Chibougamau &#8211; Sous-province de l&#8217;Abitibi.\u00a0 Minist\u00e8re de l&#8217;\u00c9nergie et des Ressources du Qu\u00e9bec, M\u00e9moire MM 89-03, 275 pages. Chown, E.H., Daigneault, R., Mueller, W. \u00a0 Geological setting of eastern extremity of the Abitibi belt.\u00a0 Dans: Guha, J., Chown, E..H. &hellip; <a href=\"https:\/\/portfolio.uqac.ca\/realdaigneault\/autres-publications\/\" class=\"more-link\">Continuer la lecture de <span class=\"screen-reader-text\">Autres publications<\/span>  <span class=\"meta-nav\">&rarr;<\/span><\/a><\/p>\n","protected":false},"author":303,"featured_media":0,"parent":0,"menu_order":0,"comment_status":"closed","ping_status":"closed","template":"","meta":{"footnotes":""},"tags":[],"_links":{"self":[{"href":"https:\/\/portfolio.uqac.ca\/realdaigneault\/wp-json\/wp\/v2\/pages\/244"}],"collection":[{"href":"https:\/\/portfolio.uqac.ca\/realdaigneault\/wp-json\/wp\/v2\/pages"}],"about":[{"href":"https:\/\/portfolio.uqac.ca\/realdaigneault\/wp-json\/wp\/v2\/types\/page"}],"author":[{"embeddable":true,"href":"https:\/\/portfolio.uqac.ca\/realdaigneault\/wp-json\/wp\/v2\/users\/303"}],"replies":[{"embeddable":true,"href":"https:\/\/portfolio.uqac.ca\/realdaigneault\/wp-json\/wp\/v2\/comments?post=244"}],"version-history":[{"count":2,"href":"https:\/\/portfolio.uqac.ca\/realdaigneault\/wp-json\/wp\/v2\/pages\/244\/revisions"}],"predecessor-version":[{"id":248,"href":"https:\/\/portfolio.uqac.ca\/realdaigneault\/wp-json\/wp\/v2\/pages\/244\/revisions\/248"}],"wp:attachment":[{"href":"https:\/\/portfolio.uqac.ca\/realdaigneault\/wp-json\/wp\/v2\/media?parent=244"}],"wp:term":[{"taxonomy":"post_tag","embeddable":true,"href":"https:\/\/portfolio.uqac.ca\/realdaigneault\/wp-json\/wp\/v2\/tags?post=244"}],"curies":[{"name":"wp","href":"https:\/\/api.w.org\/{rel}","templated":true}]}}