{"id":46,"date":"2020-06-02T11:22:41","date_gmt":"2020-06-02T15:22:41","guid":{"rendered":"http:\/\/portfolio-pre.uqac.ca\/gabarit\/?page_id=46"},"modified":"2020-07-23T13:32:25","modified_gmt":"2020-07-23T17:32:25","slug":"recherche","status":"publish","type":"page","link":"https:\/\/portfolio.uqac.ca\/realdaigneault\/recherche\/","title":{"rendered":"Recherche"},"content":{"rendered":"<p><strong>1 &#8211; \u00c9volution structurale et m\u00e9tallog\u00e9nique de la Sous-province arch\u00e9enne de l&#8217;Abitibi<\/strong><\/p>\n<p><a href=\"https:\/\/portfolio.uqac.ca\/realdaigneault\/files\/2020\/06\/Abitibi-1.png\"><img loading=\"lazy\" decoding=\"async\" class=\"alignnone  wp-image-209\" src=\"https:\/\/portfolio.uqac.ca\/realdaigneault\/files\/2020\/06\/Abitibi-1-1024x573.png\" alt=\"\" width=\"460\" height=\"257\" srcset=\"https:\/\/portfolio.uqac.ca\/realdaigneault\/files\/2020\/06\/Abitibi-1-1024x573.png 1024w, https:\/\/portfolio.uqac.ca\/realdaigneault\/files\/2020\/06\/Abitibi-1-300x168.png 300w, https:\/\/portfolio.uqac.ca\/realdaigneault\/files\/2020\/06\/Abitibi-1-768x430.png 768w, https:\/\/portfolio.uqac.ca\/realdaigneault\/files\/2020\/06\/Abitibi-1.png 1363w\" sizes=\"(max-width: 460px) 100vw, 460px\" \/><\/a><\/p>\n<p><strong>2 &#8211; Contr\u00f4les structuraux des min\u00e9ralisations aurif\u00e8res et de type SMV<\/strong><\/p>\n<p><a href=\"https:\/\/portfolio.uqac.ca\/realdaigneault\/files\/2020\/06\/\u00c9chantillon-Bousquet-pli.png\"><img loading=\"lazy\" decoding=\"async\" class=\"alignnone  wp-image-211\" src=\"https:\/\/portfolio.uqac.ca\/realdaigneault\/files\/2020\/06\/\u00c9chantillon-Bousquet-pli-1024x683.png\" alt=\"\" width=\"500\" height=\"333\" srcset=\"https:\/\/portfolio.uqac.ca\/realdaigneault\/files\/2020\/06\/\u00c9chantillon-Bousquet-pli-1024x683.png 1024w, https:\/\/portfolio.uqac.ca\/realdaigneault\/files\/2020\/06\/\u00c9chantillon-Bousquet-pli-300x200.png 300w, https:\/\/portfolio.uqac.ca\/realdaigneault\/files\/2020\/06\/\u00c9chantillon-Bousquet-pli-768x512.png 768w, https:\/\/portfolio.uqac.ca\/realdaigneault\/files\/2020\/06\/\u00c9chantillon-Bousquet-pli.png 1080w\" sizes=\"(max-width: 500px) 100vw, 500px\" \/><\/a><\/p>\n<p><strong>3 &#8211; Histoire g\u00e9ologique de la r\u00e9gion Saguenay-Lac-Saint-Jean<\/strong><\/p>\n<p><a href=\"https:\/\/portfolio.uqac.ca\/realdaigneault\/files\/2020\/06\/graben-2.png\"><img loading=\"lazy\" decoding=\"async\" class=\"alignnone  wp-image-217\" src=\"https:\/\/portfolio.uqac.ca\/realdaigneault\/files\/2020\/06\/graben-2-1024x449.png\" alt=\"\" width=\"465\" height=\"204\" srcset=\"https:\/\/portfolio.uqac.ca\/realdaigneault\/files\/2020\/06\/graben-2-1024x449.png 1024w, https:\/\/portfolio.uqac.ca\/realdaigneault\/files\/2020\/06\/graben-2-300x132.png 300w, https:\/\/portfolio.uqac.ca\/realdaigneault\/files\/2020\/06\/graben-2-768x337.png 768w, https:\/\/portfolio.uqac.ca\/realdaigneault\/files\/2020\/06\/graben-2.png 1065w\" sizes=\"(max-width: 465px) 100vw, 465px\" \/><\/a><\/p>\n<p><strong>4 &#8211; Aquif\u00e8re de socle fractur\u00e9 au Saguenay-Lac-Saint-Jean<\/strong><\/p>\n<p><a href=\"https:\/\/portfolio.uqac.ca\/realdaigneault\/files\/2020\/06\/modele-Aquiferes-SLSJ-3.jpg\"><img loading=\"lazy\" decoding=\"async\" class=\"alignnone size-full wp-image-219\" src=\"https:\/\/portfolio.uqac.ca\/realdaigneault\/files\/2020\/06\/modele-Aquiferes-SLSJ-3.jpg\" alt=\"\" width=\"932\" height=\"585\" srcset=\"https:\/\/portfolio.uqac.ca\/realdaigneault\/files\/2020\/06\/modele-Aquiferes-SLSJ-3.jpg 932w, https:\/\/portfolio.uqac.ca\/realdaigneault\/files\/2020\/06\/modele-Aquiferes-SLSJ-3-300x188.jpg 300w, https:\/\/portfolio.uqac.ca\/realdaigneault\/files\/2020\/06\/modele-Aquiferes-SLSJ-3-768x482.jpg 768w\" sizes=\"(max-width: 932px) 100vw, 932px\" \/><\/a><\/p>\n<p><strong>5 &#8211; Analyse et architecture des failles et des zones de cisaillement dans le bouclier pr\u00e9cambrien<a href=\"https:\/\/portfolio.uqac.ca\/realdaigneault\/files\/2020\/06\/Failles-SLSJ.png\"><img loading=\"lazy\" decoding=\"async\" class=\"alignnone size-full wp-image-222\" src=\"https:\/\/portfolio.uqac.ca\/realdaigneault\/files\/2020\/06\/Failles-SLSJ.png\" alt=\"\" width=\"960\" height=\"720\" srcset=\"https:\/\/portfolio.uqac.ca\/realdaigneault\/files\/2020\/06\/Failles-SLSJ.png 960w, https:\/\/portfolio.uqac.ca\/realdaigneault\/files\/2020\/06\/Failles-SLSJ-300x225.png 300w, https:\/\/portfolio.uqac.ca\/realdaigneault\/files\/2020\/06\/Failles-SLSJ-768x576.png 768w\" sizes=\"(max-width: 960px) 100vw, 960px\" \/><\/a><\/strong><\/p>\n","protected":false},"excerpt":{"rendered":"<p>1 &#8211; \u00c9volution structurale et m\u00e9tallog\u00e9nique de la Sous-province arch\u00e9enne de l&#8217;Abitibi 2 &#8211; Contr\u00f4les structuraux des min\u00e9ralisations aurif\u00e8res et de type SMV 3 &#8211; Histoire g\u00e9ologique de la r\u00e9gion Saguenay-Lac-Saint-Jean 4 &#8211; Aquif\u00e8re de socle fractur\u00e9 au Saguenay-Lac-Saint-Jean 5 &#8211; Analyse et architecture des failles et des zones de cisaillement dans le bouclier pr\u00e9cambrien<\/p>\n","protected":false},"author":89,"featured_media":0,"parent":0,"menu_order":0,"comment_status":"closed","ping_status":"closed","template":"","meta":{"footnotes":""},"tags":[],"_links":{"self":[{"href":"https:\/\/portfolio.uqac.ca\/realdaigneault\/wp-json\/wp\/v2\/pages\/46"}],"collection":[{"href":"https:\/\/portfolio.uqac.ca\/realdaigneault\/wp-json\/wp\/v2\/pages"}],"about":[{"href":"https:\/\/portfolio.uqac.ca\/realdaigneault\/wp-json\/wp\/v2\/types\/page"}],"author":[{"embeddable":true,"href":"https:\/\/portfolio.uqac.ca\/realdaigneault\/wp-json\/wp\/v2\/users\/89"}],"replies":[{"embeddable":true,"href":"https:\/\/portfolio.uqac.ca\/realdaigneault\/wp-json\/wp\/v2\/comments?post=46"}],"version-history":[{"count":11,"href":"https:\/\/portfolio.uqac.ca\/realdaigneault\/wp-json\/wp\/v2\/pages\/46\/revisions"}],"predecessor-version":[{"id":223,"href":"https:\/\/portfolio.uqac.ca\/realdaigneault\/wp-json\/wp\/v2\/pages\/46\/revisions\/223"}],"wp:attachment":[{"href":"https:\/\/portfolio.uqac.ca\/realdaigneault\/wp-json\/wp\/v2\/media?parent=46"}],"wp:term":[{"taxonomy":"post_tag","embeddable":true,"href":"https:\/\/portfolio.uqac.ca\/realdaigneault\/wp-json\/wp\/v2\/tags?post=46"}],"curies":[{"name":"wp","href":"https:\/\/api.w.org\/{rel}","templated":true}]}}