{"id":20,"date":"2018-08-29T14:12:59","date_gmt":"2018-08-29T18:12:59","guid":{"rendered":"http:\/\/portfolio-pre.uqac.ca\/gabarit\/?page_id=20"},"modified":"2023-01-18T09:11:09","modified_gmt":"2023-01-18T14:11:09","slug":"publications","status":"publish","type":"page","link":"https:\/\/portfolio.uqac.ca\/remimorinchasse\/publications\/","title":{"rendered":"Publications"},"content":{"rendered":"<style>\nh3.hungryfeed_feed_title {}\r\ndiv.hungryfeed_feed_description {}\r\ndiv.hungryfeed_feed_content {}\r\ndiv.hungryfeed_items {}\r\ndiv.hungryfeed_item {margin-bottom: 10px;}\r\ndiv.hungryfeed_item_title {font-weight: bold;}\r\ndiv.hungryfeed_item_description {}\r\ndiv.hungryfeed_item_author {}\r\ndiv.hungryfeed_item_date {}\n<\/style>\n<script type=\"text\/javascript\">\r\n\/\/ Custom Javascript here...\r\n<\/script>\n<div style=\"margin:5px 0px 5px 0px;padding:10px;border: solid 1px red; background-color: #ff6666; color: black;\">\r\nHungryFEED can't get feed.  Don't be mad at HungryFEED. SimplePie reported: cURL error 7: Failed to connect to constellation.uqac.ca port 443 after 2043 ms: Could not connect to server\r\n<\/div>\n<div class=\"page\" title=\"Page 4\">\n<div class=\"layoutArea\">\n<p>Berry, K, A. Delmond, <strong>R. Morin Chasse<\/strong>, J. Strandholm, J.F. Shogren, (2022). A Bargaining Experiment Under Weak Property Rights, with Implications for Indigenous Title Claims. <em>Ecological Economics<\/em>, <em>198<\/em>, 107457.<\/p>\n<p>Faubert, P., Bouchard, S.; <strong>Morin Chass\u00e9, R<\/strong>.; C\u00f4t\u00e9, H.; Dessureault, P.-L.; Villeneuve, C. (2020) Achieving Carbon Neutrality for A Future Large Greenhouse Gas Emitter in Quebec, Canada: A Case Study. Atmosphere, 11, 810<\/p>\n<div class=\"column\">\n<p><strong>Morin Chasse R<\/strong>. (2019) Strategic Behavior in Environmental Contests with Asymmetric Ability and Reimbursement. International Review of Law and Economics. 58: 115-126.<\/p>\n<p>Mason C F, <strong>Morin Chasse R<\/strong>. (2017). An Economic Simulation of the Path to Sustainable Energy: A Dynamic Analysis. Challenges in Sustainabilities. 5(2): 1-10.<\/p>\n<p><strong>Morin Chasse R<\/strong>, Herrmann M. (2016). On the multiplicity of open-loop equilibrium strategies in a non- renewable natural resource duopoly. Resource and Energy Economics. 46: 101-113.<\/p>\n<\/div>\n<\/div>\n<\/div>\n","protected":false},"excerpt":{"rendered":"<p>Berry, K, A. Delmond, R. Morin Chasse, J. Strandholm, J.F. Shogren, (2022). A Bargaining Experiment Under Weak Property Rights, with Implications for Indigenous Title Claims. Ecological Economics, 198, 107457. Faubert, P., Bouchard, S.; Morin Chass\u00e9, R.; C\u00f4t\u00e9, H.; Dessureault, P.-L.; Villeneuve, C. (2020) Achieving Carbon Neutrality for A Future Large Greenhouse Gas Emitter in Quebec, &hellip; <a href=\"https:\/\/portfolio.uqac.ca\/remimorinchasse\/publications\/\" class=\"more-link\">Continuer la lecture de <span class=\"screen-reader-text\">Publications<\/span>  <span class=\"meta-nav\">&rarr;<\/span><\/a><\/p>\n","protected":false},"author":89,"featured_media":0,"parent":0,"menu_order":0,"comment_status":"closed","ping_status":"closed","template":"","meta":{"footnotes":""},"tags":[],"_links":{"self":[{"href":"https:\/\/portfolio.uqac.ca\/remimorinchasse\/wp-json\/wp\/v2\/pages\/20"}],"collection":[{"href":"https:\/\/portfolio.uqac.ca\/remimorinchasse\/wp-json\/wp\/v2\/pages"}],"about":[{"href":"https:\/\/portfolio.uqac.ca\/remimorinchasse\/wp-json\/wp\/v2\/types\/page"}],"author":[{"embeddable":true,"href":"https:\/\/portfolio.uqac.ca\/remimorinchasse\/wp-json\/wp\/v2\/users\/89"}],"replies":[{"embeddable":true,"href":"https:\/\/portfolio.uqac.ca\/remimorinchasse\/wp-json\/wp\/v2\/comments?post=20"}],"version-history":[{"count":35,"href":"https:\/\/portfolio.uqac.ca\/remimorinchasse\/wp-json\/wp\/v2\/pages\/20\/revisions"}],"predecessor-version":[{"id":212,"href":"https:\/\/portfolio.uqac.ca\/remimorinchasse\/wp-json\/wp\/v2\/pages\/20\/revisions\/212"}],"wp:attachment":[{"href":"https:\/\/portfolio.uqac.ca\/remimorinchasse\/wp-json\/wp\/v2\/media?parent=20"}],"wp:term":[{"taxonomy":"post_tag","embeddable":true,"href":"https:\/\/portfolio.uqac.ca\/remimorinchasse\/wp-json\/wp\/v2\/tags?post=20"}],"curies":[{"name":"wp","href":"https:\/\/api.w.org\/{rel}","templated":true}]}}