{"id":25,"date":"2018-08-29T14:12:59","date_gmt":"2018-08-29T18:12:59","guid":{"rendered":"http:\/\/portfolio-pre.uqac.ca\/gabarit\/?page_id=25"},"modified":"2025-11-13T12:19:19","modified_gmt":"2025-11-13T17:19:19","slug":"mecontacter","status":"publish","type":"page","link":"https:\/\/portfolio.uqac.ca\/remimorinchasse\/mecontacter\/","title":{"rendered":"Me contacter"},"content":{"rendered":"<p>Vous pouvez communiquez avec moi par courriel ou t\u00e9l\u00e9phone:<\/p>\n<p>T\u00e9l\u00e9phone : +1 418 545-5011 #5680<br \/>\nCourriel pour les demandes g\u00e9n\u00e9rales (prof):\u00a0<a href=\"mailto:rmchasse@uqac.ca\">rmchasse@uqac.ca<br \/>\n<\/a><\/p>\n","protected":false},"excerpt":{"rendered":"<p>Vous pouvez communiquez avec moi par courriel ou t\u00e9l\u00e9phone: T\u00e9l\u00e9phone : +1 418 545-5011 #5680 Courriel pour les demandes g\u00e9n\u00e9rales (prof):\u00a0rmchasse@uqac.ca<\/p>\n","protected":false},"author":89,"featured_media":0,"parent":0,"menu_order":0,"comment_status":"closed","ping_status":"closed","template":"","meta":{"footnotes":""},"tags":[],"_links":{"self":[{"href":"https:\/\/portfolio.uqac.ca\/remimorinchasse\/wp-json\/wp\/v2\/pages\/25"}],"collection":[{"href":"https:\/\/portfolio.uqac.ca\/remimorinchasse\/wp-json\/wp\/v2\/pages"}],"about":[{"href":"https:\/\/portfolio.uqac.ca\/remimorinchasse\/wp-json\/wp\/v2\/types\/page"}],"author":[{"embeddable":true,"href":"https:\/\/portfolio.uqac.ca\/remimorinchasse\/wp-json\/wp\/v2\/users\/89"}],"replies":[{"embeddable":true,"href":"https:\/\/portfolio.uqac.ca\/remimorinchasse\/wp-json\/wp\/v2\/comments?post=25"}],"version-history":[{"count":9,"href":"https:\/\/portfolio.uqac.ca\/remimorinchasse\/wp-json\/wp\/v2\/pages\/25\/revisions"}],"predecessor-version":[{"id":227,"href":"https:\/\/portfolio.uqac.ca\/remimorinchasse\/wp-json\/wp\/v2\/pages\/25\/revisions\/227"}],"wp:attachment":[{"href":"https:\/\/portfolio.uqac.ca\/remimorinchasse\/wp-json\/wp\/v2\/media?parent=25"}],"wp:term":[{"taxonomy":"post_tag","embeddable":true,"href":"https:\/\/portfolio.uqac.ca\/remimorinchasse\/wp-json\/wp\/v2\/tags?post=25"}],"curies":[{"name":"wp","href":"https:\/\/api.w.org\/{rel}","templated":true}]}}