{"id":27,"date":"2018-08-29T14:12:59","date_gmt":"2018-08-29T18:12:59","guid":{"rendered":"http:\/\/portfolio-pre.uqac.ca\/gabarit\/?page_id=27"},"modified":"2025-11-13T12:18:57","modified_gmt":"2025-11-13T17:18:57","slug":"curriculum-vitae","status":"publish","type":"page","link":"https:\/\/portfolio.uqac.ca\/remimorinchasse\/curriculum-vitae\/","title":{"rendered":"Curriculum vitae"},"content":{"rendered":"<h2><strong> Affiliations professionnelles<\/strong><\/h2>\n<p><strong>Universit\u00e9 du Qu\u00e9bec \u00e0 Chicoutimi (UQAC), (2024 &#8211;\u00a0 &#8230; )<br \/>\n<\/strong>Directeur \u2013 D\u00e9partement des sciences \u00e9conomiques et administratives (DSEA)<\/p>\n<p><strong>Universit\u00e9 du Qu\u00e9bec \u00e0 Chicoutimi (UQAC), (2023 &#8211;\u00a0 2024)<br \/>\n<\/strong>Directeur \u2013 Programmes de ma\u00eetrise en gestion des organisations (MGO)<\/p>\n<p><strong>Universit\u00e9 du Qu\u00e9bec \u00e0 Chicoutimi (UQAC), (2022 &#8211; &#8230; )<\/strong><br \/>\n<em>Professeur agr\u00e9g\u00e9<\/em><\/p>\n<p><strong>Universit\u00e9 du Qu\u00e9bec \u00e0 Chicoutimi (UQAC), (2018 &#8211; 2022 )<\/strong><br \/>\n<em>Professeur adjoint<\/em><\/p>\n<p><strong>University of Prince Edward Island (UPEI), (2016 &#8211; 2018)<\/strong><br \/>\n<em>Assistant Professor (Professeur adjoint)<\/em><\/p>\n<p>Chaire en \u00e9co-conseil UQAC <strong>(2020 &#8211; &#8230; )<\/p>\n<p><\/strong>Centre de Recherche en \u00e9conomie de l&#8217;Environnement, de l&#8217;Alimentaire, des Transports et de l&#8217;\u00c9nergie (<strong>CREATE<\/strong>) <strong>(2018 &#8211; 2024)<\/strong><\/p>\n<p>Association canadienne d&#8217;\u00e9conomie des ressources naturelles et de l&#8217;environnement (<strong>ACERE<\/strong>)<br \/>\n<em>Pr\u00e9sident<\/em><em>\u00a0du comit\u00e9 ex\u00e9cutif <strong>(2018 &#8211; 2019)<\/strong><br \/>\nMembre du comit\u00e9 ex\u00e9cutif <strong>(2019-2020, 2021-2024)<\/strong><\/em><\/p>\n<h2><strong>Formation<\/strong><\/h2>\n<div class=\"page\" title=\"Page 2\">\n<div class=\"layoutArea\">\n<div class=\"column\">\n<p style=\"text-align: left\"><strong>\u00a0Ph.D. Economics, University of Wyoming (2016)<\/strong><br \/>\nCommittee: Charles F. Mason (Directeur), David Finnoff,<br \/>\nKlaas van &#8216;t Veld, Jason Shogren,<br \/>\nLarry Weatherford (membre externe)<\/p>\n<\/div>\n<\/div>\n<\/div>\n<p><strong>M.A. \u00c9conomique, Universit\u00e9 Laval (2011)<\/strong><br \/>\nDirecteur: Markus Herrmann<br \/>\nCo-directeur: Yann Bramoull\u00e9<\/p>\n<p><strong>B.A. \u00c9conomie math\u00e9matique, Universit\u00e9 Laval (2009)<\/strong><br \/>\nProfil international &#8211; University of Essex<\/p>\n","protected":false},"excerpt":{"rendered":"<p>Affiliations professionnelles Universit\u00e9 du Qu\u00e9bec \u00e0 Chicoutimi (UQAC), (2024 &#8211;\u00a0 &#8230; ) Directeur \u2013 D\u00e9partement des sciences \u00e9conomiques et administratives (DSEA) Universit\u00e9 du Qu\u00e9bec \u00e0 Chicoutimi (UQAC), (2023 &#8211;\u00a0 2024) Directeur \u2013 Programmes de ma\u00eetrise en gestion des organisations (MGO) Universit\u00e9 du Qu\u00e9bec \u00e0 Chicoutimi (UQAC), (2022 &#8211; &#8230; ) Professeur agr\u00e9g\u00e9 Universit\u00e9 du Qu\u00e9bec &hellip; <a href=\"https:\/\/portfolio.uqac.ca\/remimorinchasse\/curriculum-vitae\/\" class=\"more-link\">Continuer la lecture de <span class=\"screen-reader-text\">Curriculum vitae<\/span>  <span class=\"meta-nav\">&rarr;<\/span><\/a><\/p>\n","protected":false},"author":89,"featured_media":0,"parent":0,"menu_order":0,"comment_status":"closed","ping_status":"closed","template":"","meta":{"footnotes":""},"tags":[],"_links":{"self":[{"href":"https:\/\/portfolio.uqac.ca\/remimorinchasse\/wp-json\/wp\/v2\/pages\/27"}],"collection":[{"href":"https:\/\/portfolio.uqac.ca\/remimorinchasse\/wp-json\/wp\/v2\/pages"}],"about":[{"href":"https:\/\/portfolio.uqac.ca\/remimorinchasse\/wp-json\/wp\/v2\/types\/page"}],"author":[{"embeddable":true,"href":"https:\/\/portfolio.uqac.ca\/remimorinchasse\/wp-json\/wp\/v2\/users\/89"}],"replies":[{"embeddable":true,"href":"https:\/\/portfolio.uqac.ca\/remimorinchasse\/wp-json\/wp\/v2\/comments?post=27"}],"version-history":[{"count":16,"href":"https:\/\/portfolio.uqac.ca\/remimorinchasse\/wp-json\/wp\/v2\/pages\/27\/revisions"}],"predecessor-version":[{"id":226,"href":"https:\/\/portfolio.uqac.ca\/remimorinchasse\/wp-json\/wp\/v2\/pages\/27\/revisions\/226"}],"wp:attachment":[{"href":"https:\/\/portfolio.uqac.ca\/remimorinchasse\/wp-json\/wp\/v2\/media?parent=27"}],"wp:term":[{"taxonomy":"post_tag","embeddable":true,"href":"https:\/\/portfolio.uqac.ca\/remimorinchasse\/wp-json\/wp\/v2\/tags?post=27"}],"curies":[{"name":"wp","href":"https:\/\/api.w.org\/{rel}","templated":true}]}}