{"id":4,"date":"2018-08-29T14:12:59","date_gmt":"2018-08-29T18:12:59","guid":{"rendered":"http:\/\/portfolio-pre.uqac.ca\/gabarit\/?page_id=4"},"modified":"2025-11-13T12:13:23","modified_gmt":"2025-11-13T17:13:23","slug":"presentatio","status":"publish","type":"page","link":"https:\/\/portfolio.uqac.ca\/remimorinchasse\/","title":{"rendered":"Pr\u00e9sentation"},"content":{"rendered":"<h2>R\u00e9mi Morin Chass\u00e9, Ph.D.<\/h2>\n<p>Professeur d&#8217;\u00e9conomie, UQAC<br \/>\nDirecteur du d\u00e9partement des sciences \u00e9conomiques et administratives (DSEA)<\/p>\n<p>Membre Chaire en \u00e9co-conseil UQAC<\/p>\n","protected":false},"excerpt":{"rendered":"<p>R\u00e9mi Morin Chass\u00e9, Ph.D. Professeur d&#8217;\u00e9conomie, UQAC Directeur du d\u00e9partement des sciences \u00e9conomiques et administratives (DSEA) Membre Chaire en \u00e9co-conseil UQAC<\/p>\n","protected":false},"author":89,"featured_media":187,"parent":0,"menu_order":0,"comment_status":"closed","ping_status":"closed","template":"","meta":{"footnotes":""},"tags":[],"_links":{"self":[{"href":"https:\/\/portfolio.uqac.ca\/remimorinchasse\/wp-json\/wp\/v2\/pages\/4"}],"collection":[{"href":"https:\/\/portfolio.uqac.ca\/remimorinchasse\/wp-json\/wp\/v2\/pages"}],"about":[{"href":"https:\/\/portfolio.uqac.ca\/remimorinchasse\/wp-json\/wp\/v2\/types\/page"}],"author":[{"embeddable":true,"href":"https:\/\/portfolio.uqac.ca\/remimorinchasse\/wp-json\/wp\/v2\/users\/89"}],"replies":[{"embeddable":true,"href":"https:\/\/portfolio.uqac.ca\/remimorinchasse\/wp-json\/wp\/v2\/comments?post=4"}],"version-history":[{"count":20,"href":"https:\/\/portfolio.uqac.ca\/remimorinchasse\/wp-json\/wp\/v2\/pages\/4\/revisions"}],"predecessor-version":[{"id":224,"href":"https:\/\/portfolio.uqac.ca\/remimorinchasse\/wp-json\/wp\/v2\/pages\/4\/revisions\/224"}],"wp:featuredmedia":[{"embeddable":true,"href":"https:\/\/portfolio.uqac.ca\/remimorinchasse\/wp-json\/wp\/v2\/media\/187"}],"wp:attachment":[{"href":"https:\/\/portfolio.uqac.ca\/remimorinchasse\/wp-json\/wp\/v2\/media?parent=4"}],"wp:term":[{"taxonomy":"post_tag","embeddable":true,"href":"https:\/\/portfolio.uqac.ca\/remimorinchasse\/wp-json\/wp\/v2\/tags?post=4"}],"curies":[{"name":"wp","href":"https:\/\/api.w.org\/{rel}","templated":true}]}}