{"id":18,"date":"2021-06-03T15:50:20","date_gmt":"2021-06-03T19:50:20","guid":{"rendered":"http:\/\/portfolio-pre.uqac.ca\/gabarit\/?page_id=18"},"modified":"2025-07-16T16:58:47","modified_gmt":"2025-07-16T20:58:47","slug":"enseignement","status":"publish","type":"page","link":"https:\/\/portfolio.uqac.ca\/reneelucesimard\/enseignement\/","title":{"rendered":"Enseignement"},"content":{"rendered":"<p>Cours 1er cycle<\/p>\n<ul>\n<li><a href=\"https:\/\/cours.uqac.ca\/6GLG302\">6GLG302 &#8211;\u00a0G\u00e9ologie structurale<\/a><\/li>\n<li><a href=\"https:\/\/cours.uqac.ca\/6GLG407\">6GLG407 &#8211; Camp de p\u00e9trographie et structure<\/a><\/li>\n<li><a href=\"https:\/\/cours.uqac.ca\/6GLG508\">6GLG508 &#8211;\u00a0Tectonique<\/a><\/li>\n<li><a href=\"https:\/\/cours.uqac.ca\/6GLG714\">6GLG714 &#8211;\u00a0Camp de pr\u00e9cambrien et de g\u00e9ologie mini\u00e8re<\/a><\/li>\n<\/ul>\n<p>Cours 2-3ieme cycle<\/p>\n<ul>\n<li><a href=\"https:\/\/cours.uqac.ca\/6STA985\">6STA985 &#8211;\u00a0Concept de syst\u00e8me en sciences de la Terre et de l&#8217;atmosph\u00e8re<\/a><\/li>\n<\/ul>\n","protected":false},"excerpt":{"rendered":"<p>Cours 1er cycle 6GLG302 &#8211;\u00a0G\u00e9ologie structurale 6GLG407 &#8211; Camp de p\u00e9trographie et structure 6GLG508 &#8211;\u00a0Tectonique 6GLG714 &#8211;\u00a0Camp de pr\u00e9cambrien et de g\u00e9ologie mini\u00e8re Cours 2-3ieme cycle 6STA985 &#8211;\u00a0Concept de syst\u00e8me en sciences de la Terre et de l&#8217;atmosph\u00e8re<\/p>\n","protected":false},"author":89,"featured_media":0,"parent":0,"menu_order":0,"comment_status":"closed","ping_status":"closed","template":"","meta":{"footnotes":""},"tags":[],"_links":{"self":[{"href":"https:\/\/portfolio.uqac.ca\/reneelucesimard\/wp-json\/wp\/v2\/pages\/18"}],"collection":[{"href":"https:\/\/portfolio.uqac.ca\/reneelucesimard\/wp-json\/wp\/v2\/pages"}],"about":[{"href":"https:\/\/portfolio.uqac.ca\/reneelucesimard\/wp-json\/wp\/v2\/types\/page"}],"author":[{"embeddable":true,"href":"https:\/\/portfolio.uqac.ca\/reneelucesimard\/wp-json\/wp\/v2\/users\/89"}],"replies":[{"embeddable":true,"href":"https:\/\/portfolio.uqac.ca\/reneelucesimard\/wp-json\/wp\/v2\/comments?post=18"}],"version-history":[{"count":7,"href":"https:\/\/portfolio.uqac.ca\/reneelucesimard\/wp-json\/wp\/v2\/pages\/18\/revisions"}],"predecessor-version":[{"id":246,"href":"https:\/\/portfolio.uqac.ca\/reneelucesimard\/wp-json\/wp\/v2\/pages\/18\/revisions\/246"}],"wp:attachment":[{"href":"https:\/\/portfolio.uqac.ca\/reneelucesimard\/wp-json\/wp\/v2\/media?parent=18"}],"wp:term":[{"taxonomy":"post_tag","embeddable":true,"href":"https:\/\/portfolio.uqac.ca\/reneelucesimard\/wp-json\/wp\/v2\/tags?post=18"}],"curies":[{"name":"wp","href":"https:\/\/api.w.org\/{rel}","templated":true}]}}