{"id":248,"date":"2025-07-16T17:07:19","date_gmt":"2025-07-16T21:07:19","guid":{"rendered":"https:\/\/portfolio.uqac.ca\/reneelucesimard\/?page_id=248"},"modified":"2025-09-05T14:40:35","modified_gmt":"2025-09-05T18:40:35","slug":"programmes-de-formation-en-sciences-de-la-terre","status":"publish","type":"page","link":"https:\/\/portfolio.uqac.ca\/reneelucesimard\/programmes-de-formation-en-sciences-de-la-terre\/","title":{"rendered":"Programmes de formation en Sciences de la Terre"},"content":{"rendered":"<p><strong>Formation continue &#8211; Automne 2025<\/strong><\/p>\n<p><a href=\"https:\/\/portfolio.uqac.ca\/reneelucesimard\/files\/2025\/09\/Fm-continue_automne-2025_Explo_vf2.pdf\">Formation continue en Exploration min\u00e9rale (2e cycle)<\/a><\/p>\n<p><a href=\"https:\/\/portfolio.uqac.ca\/reneelucesimard\/files\/2025\/09\/Fm-continue_automne-2025_Environ-Hydro_vf3.pdf\">Formation continue en Environnement et hydrog\u00e9ologie mini\u00e8re (2e cycle)<\/a><\/p>\n<p>Si vous avez des questions, n&#8217;h\u00e9sitez pas \u00e0 me contacter directement!<\/p>\n","protected":false},"excerpt":{"rendered":"<p>Formation continue &#8211; Automne 2025 Formation continue en Exploration min\u00e9rale (2e cycle) Formation continue en Environnement et hydrog\u00e9ologie mini\u00e8re (2e cycle) Si vous avez des questions, n&#8217;h\u00e9sitez pas \u00e0 me contacter directement!<\/p>\n","protected":false},"author":318,"featured_media":0,"parent":0,"menu_order":0,"comment_status":"closed","ping_status":"closed","template":"","meta":{"footnotes":""},"tags":[],"_links":{"self":[{"href":"https:\/\/portfolio.uqac.ca\/reneelucesimard\/wp-json\/wp\/v2\/pages\/248"}],"collection":[{"href":"https:\/\/portfolio.uqac.ca\/reneelucesimard\/wp-json\/wp\/v2\/pages"}],"about":[{"href":"https:\/\/portfolio.uqac.ca\/reneelucesimard\/wp-json\/wp\/v2\/types\/page"}],"author":[{"embeddable":true,"href":"https:\/\/portfolio.uqac.ca\/reneelucesimard\/wp-json\/wp\/v2\/users\/318"}],"replies":[{"embeddable":true,"href":"https:\/\/portfolio.uqac.ca\/reneelucesimard\/wp-json\/wp\/v2\/comments?post=248"}],"version-history":[{"count":6,"href":"https:\/\/portfolio.uqac.ca\/reneelucesimard\/wp-json\/wp\/v2\/pages\/248\/revisions"}],"predecessor-version":[{"id":264,"href":"https:\/\/portfolio.uqac.ca\/reneelucesimard\/wp-json\/wp\/v2\/pages\/248\/revisions\/264"}],"wp:attachment":[{"href":"https:\/\/portfolio.uqac.ca\/reneelucesimard\/wp-json\/wp\/v2\/media?parent=248"}],"wp:term":[{"taxonomy":"post_tag","embeddable":true,"href":"https:\/\/portfolio.uqac.ca\/reneelucesimard\/wp-json\/wp\/v2\/tags?post=248"}],"curies":[{"name":"wp","href":"https:\/\/api.w.org\/{rel}","templated":true}]}}