{"id":25,"date":"2021-06-03T15:50:20","date_gmt":"2021-06-03T19:50:20","guid":{"rendered":"http:\/\/portfolio-pre.uqac.ca\/gabarit\/?page_id=25"},"modified":"2025-07-16T17:06:42","modified_gmt":"2025-07-16T21:06:42","slug":"communications","status":"publish","type":"page","link":"https:\/\/portfolio.uqac.ca\/reneelucesimard\/communications\/","title":{"rendered":"\u00c9tudiants"},"content":{"rendered":"<p><strong>Doctorat<\/strong><\/p>\n<p><strong>Th\u00e9o Hassen Ali\u00a0<\/strong>(2022-&#8230; ;\u00a0co-directeur: Sarah Dare)<\/p>\n<ul>\n<li style=\"list-style-type: none\">\n<ul>\n<li>Contexte g\u00e9ologique des min\u00e9ralisations Ni-Cu-Co et Fe-V-Ti-P du Complexe anorthositique du Lac-Saint-Jean (en collaboration avec le Minist\u00e8re des richesses naturelles du Qu\u00e9bec).<\/li>\n<\/ul>\n<\/li>\n<\/ul>\n<p><strong>Maitrise<\/strong><\/p>\n<p><strong><strong>Othman Bounour<\/strong><\/strong> (2024-&#8230; ; co-directrice: Sarah Dare)<\/p>\n<ul>\n<li style=\"list-style-type: none\">\n<ul>\n<li>La relation p\u00e9tro-g\u00e9n\u00e9tique entre la min\u00e9ralisation en Ni-Cu et la Suite anorthositique du Lac-St-Jean, dans la r\u00e9gion du Lac \u00e0 Paul, Province de Grenville centrale, Qu\u00e9bec (en collaboration avec le Minist\u00e8re des richesses naturelles du Qu\u00e9bec).<\/li>\n<\/ul>\n<\/li>\n<\/ul>\n<p><strong><strong>Jonathan Diyoyo<\/strong><\/strong> (2023-&#8230; ; co-directrice: Sarah Dare)<\/p>\n<ul>\n<li style=\"list-style-type: none\">\n<ul>\n<li>Cartographie de la marge sud de la Suite anorthositique de Lac-Saint-Jean, associ\u00e9e aux min\u00e9ralisations Fe-Ti-V-P des corridors de Saint-Charles-de-Bourget et B\u00e9gin-Lamarche, Saguenay, Qu\u00e9bec (en collaboration avec le Minist\u00e8re des richesses naturelles du Qu\u00e9bec).<\/li>\n<\/ul>\n<\/li>\n<\/ul>\n<p><strong><strong>Foulques guillet de Chatellus<\/strong><\/strong> (2022-2024; co-directeur: Dominique Genna)<\/p>\n<ul>\n<li style=\"list-style-type: none\">\n<ul>\n<li>Caract\u00e9risation de la min\u00e9ralisation aurif\u00e8re, propri\u00e9t\u00e9 Surprise &#8211; projet Falcon, bassin du Caopatina , Chapais, Qc (en collaboration avec Northern Superior)<\/li>\n<\/ul>\n<\/li>\n<\/ul>\n<p><strong>Charles St-Laurent (<\/strong>2021-2024 <strong>; <\/strong>directeur principal: L. Paul B\u00e9dard)<\/p>\n<ul>\n<li style=\"list-style-type: none\">\n<ul>\n<li>Carbonatite de Girardville (en collaboration avec le Minist\u00e8re des richesses naturelles du Qu\u00e9bec).<\/li>\n<\/ul>\n<\/li>\n<\/ul>\n<p><strong>Maxime Dour <\/strong>(2019-2023 ; co-directeurs: Dominique Genna, Pierre Bedeaux)<\/p>\n<ul>\n<li style=\"list-style-type: none\">\n<ul>\n<li>Identification des min\u00e9ralisations Cu-Au au sein des filons-couches\u00a0ultramafiques \u00e0 l\u2019Arch\u00e9en :\u00a0L\u2019exemple des min\u00e9ralisations Cu-Au Opemiska (Chapais, Qc)<\/li>\n<\/ul>\n<\/li>\n<\/ul>\n","protected":false},"excerpt":{"rendered":"<p>Doctorat Th\u00e9o Hassen Ali\u00a0(2022-&#8230; ;\u00a0co-directeur: Sarah Dare) Contexte g\u00e9ologique des min\u00e9ralisations Ni-Cu-Co et Fe-V-Ti-P du Complexe anorthositique du Lac-Saint-Jean (en collaboration avec le Minist\u00e8re des richesses naturelles du Qu\u00e9bec). Maitrise Othman Bounour (2024-&#8230; ; co-directrice: Sarah Dare) La relation p\u00e9tro-g\u00e9n\u00e9tique entre la min\u00e9ralisation en Ni-Cu et la Suite anorthositique du Lac-St-Jean, dans la r\u00e9gion du &hellip; <a href=\"https:\/\/portfolio.uqac.ca\/reneelucesimard\/communications\/\" class=\"more-link\">Continuer la lecture de <span class=\"screen-reader-text\">\u00c9tudiants<\/span>  <span class=\"meta-nav\">&rarr;<\/span><\/a><\/p>\n","protected":false},"author":89,"featured_media":0,"parent":0,"menu_order":0,"comment_status":"closed","ping_status":"closed","template":"","meta":{"footnotes":""},"tags":[],"_links":{"self":[{"href":"https:\/\/portfolio.uqac.ca\/reneelucesimard\/wp-json\/wp\/v2\/pages\/25"}],"collection":[{"href":"https:\/\/portfolio.uqac.ca\/reneelucesimard\/wp-json\/wp\/v2\/pages"}],"about":[{"href":"https:\/\/portfolio.uqac.ca\/reneelucesimard\/wp-json\/wp\/v2\/types\/page"}],"author":[{"embeddable":true,"href":"https:\/\/portfolio.uqac.ca\/reneelucesimard\/wp-json\/wp\/v2\/users\/89"}],"replies":[{"embeddable":true,"href":"https:\/\/portfolio.uqac.ca\/reneelucesimard\/wp-json\/wp\/v2\/comments?post=25"}],"version-history":[{"count":17,"href":"https:\/\/portfolio.uqac.ca\/reneelucesimard\/wp-json\/wp\/v2\/pages\/25\/revisions"}],"predecessor-version":[{"id":247,"href":"https:\/\/portfolio.uqac.ca\/reneelucesimard\/wp-json\/wp\/v2\/pages\/25\/revisions\/247"}],"wp:attachment":[{"href":"https:\/\/portfolio.uqac.ca\/reneelucesimard\/wp-json\/wp\/v2\/media?parent=25"}],"wp:term":[{"taxonomy":"post_tag","embeddable":true,"href":"https:\/\/portfolio.uqac.ca\/reneelucesimard\/wp-json\/wp\/v2\/tags?post=25"}],"curies":[{"name":"wp","href":"https:\/\/api.w.org\/{rel}","templated":true}]}}