{"id":4,"date":"2021-06-03T15:50:20","date_gmt":"2021-06-03T19:50:20","guid":{"rendered":"http:\/\/portfolio-pre.uqac.ca\/gabarit\/?page_id=4"},"modified":"2025-07-17T08:44:05","modified_gmt":"2025-07-17T12:44:05","slug":"presentatio","status":"publish","type":"page","link":"https:\/\/portfolio.uqac.ca\/reneelucesimard\/","title":{"rendered":"Pr\u00e9sentation"},"content":{"rendered":"<h2>Ren\u00e9e-Luce Simard<\/h2>\n<p>Professeure, D\u00e9partement des Sciences appliqu\u00e9es (DSA)<br \/>\nDirectrices de l&#8217;Unit\u00e9 d\u2019enseignement des sciences de la Terre (UESCT)<\/p>\n<ul>\n<li>Ing\u00e9nieure, Ordre des Ing\u00e9nieurs du Qu\u00e9bec (<a href=\"https:\/\/www.oiq.qc.ca\/\">OIQ<\/a>)<\/li>\n<li>G\u00e9ologue, Ordre des G\u00e9ologue du Qu\u00e9bec (<a href=\"https:\/\/www.ogq.qc.ca\/\">OGQ<\/a>)<\/li>\n<\/ul>\n<h2>Champs d&#8217;int\u00e9r\u00eat<\/h2>\n<p>Cartographie, Volcanologie, G\u00e9ologie Structural, P\u00e9trologie Ign\u00e9e, G\u00e9ochimie, Tectonique<\/p>\n","protected":false},"excerpt":{"rendered":"<p>Ren\u00e9e-Luce Simard Professeure, D\u00e9partement des Sciences appliqu\u00e9es (DSA) Directrices de l&#8217;Unit\u00e9 d\u2019enseignement des sciences de la Terre (UESCT) Ing\u00e9nieure, Ordre des Ing\u00e9nieurs du Qu\u00e9bec (OIQ) G\u00e9ologue, Ordre des G\u00e9ologue du Qu\u00e9bec (OGQ) Champs d&#8217;int\u00e9r\u00eat Cartographie, Volcanologie, G\u00e9ologie Structural, P\u00e9trologie Ign\u00e9e, G\u00e9ochimie, Tectonique<\/p>\n","protected":false},"author":89,"featured_media":0,"parent":0,"menu_order":0,"comment_status":"closed","ping_status":"closed","template":"","meta":{"footnotes":""},"tags":[],"_links":{"self":[{"href":"https:\/\/portfolio.uqac.ca\/reneelucesimard\/wp-json\/wp\/v2\/pages\/4"}],"collection":[{"href":"https:\/\/portfolio.uqac.ca\/reneelucesimard\/wp-json\/wp\/v2\/pages"}],"about":[{"href":"https:\/\/portfolio.uqac.ca\/reneelucesimard\/wp-json\/wp\/v2\/types\/page"}],"author":[{"embeddable":true,"href":"https:\/\/portfolio.uqac.ca\/reneelucesimard\/wp-json\/wp\/v2\/users\/89"}],"replies":[{"embeddable":true,"href":"https:\/\/portfolio.uqac.ca\/reneelucesimard\/wp-json\/wp\/v2\/comments?post=4"}],"version-history":[{"count":17,"href":"https:\/\/portfolio.uqac.ca\/reneelucesimard\/wp-json\/wp\/v2\/pages\/4\/revisions"}],"predecessor-version":[{"id":255,"href":"https:\/\/portfolio.uqac.ca\/reneelucesimard\/wp-json\/wp\/v2\/pages\/4\/revisions\/255"}],"wp:attachment":[{"href":"https:\/\/portfolio.uqac.ca\/reneelucesimard\/wp-json\/wp\/v2\/media?parent=4"}],"wp:term":[{"taxonomy":"post_tag","embeddable":true,"href":"https:\/\/portfolio.uqac.ca\/reneelucesimard\/wp-json\/wp\/v2\/tags?post=4"}],"curies":[{"name":"wp","href":"https:\/\/api.w.org\/{rel}","templated":true}]}}