{"id":46,"date":"2021-06-03T15:50:20","date_gmt":"2021-06-03T19:50:20","guid":{"rendered":"http:\/\/portfolio-pre.uqac.ca\/gabarit\/?page_id=46"},"modified":"2022-01-23T20:56:19","modified_gmt":"2022-01-24T01:56:19","slug":"recherche","status":"publish","type":"page","link":"https:\/\/portfolio.uqac.ca\/reneelucesimard\/recherche\/","title":{"rendered":"Recherche"},"content":{"rendered":"<p><strong>Th\u00e8mes g\u00e9n\u00e9raux<\/strong><\/p>\n<ul>\n<li>Cartographie r\u00e9gionale et de d\u00e9tails (facies, etc) et relations avec g\u00eetes min\u00e9raux<\/li>\n<li>Volcanologie et g\u00e9ochimie de ceintures de roches vertes<\/li>\n<\/ul>\n<p>&nbsp;<\/p>\n<p><span style=\"text-decoration: underline\"><strong>Recherche \u00e9tudiants gradu\u00e9s<\/strong><\/span><\/p>\n<p><strong>Projets de ma\u00eetrise (MSc) et de doctorat\u00a0 (PhD) sur les min\u00e9raux critiques et strat\u00e9giques<\/strong><\/p>\n<p>Les massifs anorthositiques-mang\u00e9rites-charnokites-granites (AMCG) Prot\u00e9rozo\u00efques sont communs dans la Province de Grenville au Qu\u00e9bec, Canada. Ces massifs sont les h\u00f4tes des min\u00e9ralisations orthomagmatiques en Fe-Ti-V-P (associ\u00e9es \u00e0 l\u2019ilm\u00e9nite, magn\u00e9tite et apatite) et Ni-Cu-Co (associ\u00e9es aux sulfures magmatiques), tous des sources potentielles de m\u00e9taux critiques et strat\u00e9giques. Plusieurs compagnies d\u2019exploration et prospecteurs explorent activement pour le Fe-V-Ti-P et le Ni-Cu-Co dans le Grenville. Une meilleure compr\u00e9hension des processus et milieu de formation de ces min\u00e9ralisations (c.-\u00e0-d. relation avec les roches h\u00f4tes) pourrait am\u00e9liorer les mod\u00e8les d\u2019exploration pour ces gisements dans les suites AMCG du Qu\u00e9bec.<\/p>\n<p>La Suite anorthositique de Lac-Saint-Jean dans le Grenville central est l&#8217;un des plus grands massifs anorthositiques au monde.\u00a0Elle est h\u00f4te du gisement du Lac \u00e0 Paul, une ressource de classe mondiale de phosphore (P), ainsi que de nombreux indices de Fe-Ti-V-P et Ni-Cu souvent aux marges du complexe. Un cadre g\u00e9ologique et de nouveaux outils de cartographie pouvant identifier des lobes diapiriques individuels, des structures de conduits et\/ou des zones de cisaillement dans les massifs anorthositiques seraient b\u00e9n\u00e9fiques pour aider \u00e0 pr\u00e9dire la localisation de min\u00e9ralisations potentielles.<\/p>\n<p><a href=\"https:\/\/portfolio.uqac.ca\/reneelucesimard\/files\/2021\/06\/Description-du-projet-Maitrise-Anorthosite-XRF_vf-2.pdf\" target=\"_blank\">Description du projet &#8211; Maitrise Anorthosite <\/a>\u00a0(cliquer sur ce lien pour plus de d\u00e9tails)<\/p>\n<p>Sujet: Cartographie des faci\u00e8s et compositions de la Suite anorthositique de Lac-Saint-Jean, secteur Sud (Saguenay) associ\u00e9s aux min\u00e9ralisations Fe-V-Ti-P du corridor de St-Charles-de-Bourget, Qu\u00e9bec, Canada<\/p>\n<p><a href=\"https:\/\/portfolio.uqac.ca\/reneelucesimard\/files\/2021\/06\/Description-du-projet-PhD-Anorthosite-XRF_v3_SD-2.pdf\" target=\"_blank\">Description du projet &#8211; PhD Anorthosite<\/a>\u00a0(cliquer sur ce lien pour plus de d\u00e9tails)<\/p>\n<p>Sujet: Contexte g\u00e9ologique des min\u00e9ralisations Ni-Cu-Co et Fe-V-Ti-P du Complexe anorthositique du Lac-Saint-Jean<\/p>\n<p><a href=\"https:\/\/portfolio.uqac.ca\/reneelucesimard\/files\/2021\/06\/cartes-1.jpg\"><img loading=\"lazy\" decoding=\"async\" class=\"alignnone wp-image-225 size-full\" src=\"https:\/\/portfolio.uqac.ca\/reneelucesimard\/files\/2021\/06\/cartes-1.jpg\" width=\"1020\" height=\"714\" srcset=\"https:\/\/portfolio.uqac.ca\/reneelucesimard\/files\/2021\/06\/cartes-1.jpg 1020w, https:\/\/portfolio.uqac.ca\/reneelucesimard\/files\/2021\/06\/cartes-1-300x210.jpg 300w, https:\/\/portfolio.uqac.ca\/reneelucesimard\/files\/2021\/06\/cartes-1-768x538.jpg 768w\" sizes=\"(max-width: 1020px) 100vw, 1020px\" \/><\/a><\/p>\n<p>&nbsp;<\/p>\n<p><a href=\"https:\/\/portfolio.uqac.ca\/reneelucesimard\/files\/2021\/06\/images.png\"><img loading=\"lazy\" decoding=\"async\" class=\"alignnone wp-image-222 size-large\" src=\"https:\/\/portfolio.uqac.ca\/reneelucesimard\/files\/2021\/06\/images-1024x772.png\" width=\"474\" height=\"357\" srcset=\"https:\/\/portfolio.uqac.ca\/reneelucesimard\/files\/2021\/06\/images-1024x772.png 1024w, https:\/\/portfolio.uqac.ca\/reneelucesimard\/files\/2021\/06\/images-300x226.png 300w, https:\/\/portfolio.uqac.ca\/reneelucesimard\/files\/2021\/06\/images-768x579.png 768w, https:\/\/portfolio.uqac.ca\/reneelucesimard\/files\/2021\/06\/images.png 1094w\" sizes=\"(max-width: 474px) 100vw, 474px\" \/><\/a><\/p>\n","protected":false},"excerpt":{"rendered":"<p>Th\u00e8mes g\u00e9n\u00e9raux Cartographie r\u00e9gionale et de d\u00e9tails (facies, etc) et relations avec g\u00eetes min\u00e9raux Volcanologie et g\u00e9ochimie de ceintures de roches vertes &nbsp; Recherche \u00e9tudiants gradu\u00e9s Projets de ma\u00eetrise (MSc) et de doctorat\u00a0 (PhD) sur les min\u00e9raux critiques et strat\u00e9giques Les massifs anorthositiques-mang\u00e9rites-charnokites-granites (AMCG) Prot\u00e9rozo\u00efques sont communs dans la Province de Grenville au Qu\u00e9bec, Canada. &hellip; <a href=\"https:\/\/portfolio.uqac.ca\/reneelucesimard\/recherche\/\" class=\"more-link\">Continuer la lecture de <span class=\"screen-reader-text\">Recherche<\/span>  <span class=\"meta-nav\">&rarr;<\/span><\/a><\/p>\n","protected":false},"author":89,"featured_media":0,"parent":0,"menu_order":0,"comment_status":"closed","ping_status":"closed","template":"","meta":{"footnotes":""},"tags":[],"_links":{"self":[{"href":"https:\/\/portfolio.uqac.ca\/reneelucesimard\/wp-json\/wp\/v2\/pages\/46"}],"collection":[{"href":"https:\/\/portfolio.uqac.ca\/reneelucesimard\/wp-json\/wp\/v2\/pages"}],"about":[{"href":"https:\/\/portfolio.uqac.ca\/reneelucesimard\/wp-json\/wp\/v2\/types\/page"}],"author":[{"embeddable":true,"href":"https:\/\/portfolio.uqac.ca\/reneelucesimard\/wp-json\/wp\/v2\/users\/89"}],"replies":[{"embeddable":true,"href":"https:\/\/portfolio.uqac.ca\/reneelucesimard\/wp-json\/wp\/v2\/comments?post=46"}],"version-history":[{"count":11,"href":"https:\/\/portfolio.uqac.ca\/reneelucesimard\/wp-json\/wp\/v2\/pages\/46\/revisions"}],"predecessor-version":[{"id":234,"href":"https:\/\/portfolio.uqac.ca\/reneelucesimard\/wp-json\/wp\/v2\/pages\/46\/revisions\/234"}],"wp:attachment":[{"href":"https:\/\/portfolio.uqac.ca\/reneelucesimard\/wp-json\/wp\/v2\/media?parent=46"}],"wp:term":[{"taxonomy":"post_tag","embeddable":true,"href":"https:\/\/portfolio.uqac.ca\/reneelucesimard\/wp-json\/wp\/v2\/tags?post=46"}],"curies":[{"name":"wp","href":"https:\/\/api.w.org\/{rel}","templated":true}]}}