{"id":11,"date":"2012-07-23T19:58:21","date_gmt":"2012-07-23T19:58:21","guid":{"rendered":"http:\/\/portfolio-pre.uqac.ca\/gabarit\/?page_id=11"},"modified":"2021-02-05T18:35:00","modified_gmt":"2021-02-05T23:35:00","slug":"coordonnees","status":"publish","type":"page","link":"https:\/\/portfolio.uqac.ca\/rezajafariaminabadi\/coordonnees\/","title":{"rendered":"Coordonn\u00e9es"},"content":{"rendered":"<p><strong>Reza Jafari<br \/>\n<\/strong>Professeur-chercheur<\/p>\n<p style=\"text-align: left\">Universit\u00e9 du Qu\u00e9bec \u00e0 Chicoutimi<\/p>\n<p style=\"text-align: left\">Pavillon principal<br \/>\nD\u00e9partement des sciences appliqu\u00e9es<br \/>\nBureau P4-5080<br \/>\n555, boulevard de l\u2019Universit\u00e9<br \/>\nChicoutimi (Qu\u00e9bec) G7H 2B1<\/p>\n<div>\n<p style=\"text-align: left\">T\u00e9l\u00e9phone :\u00a0\u00a0 418 545-5011 poste\u00a05635<br \/>\nLigne sans frais\u00a0:\u00a0\u00a0 1-800-463-9880 poste\u00a05635<br \/>\nT\u00e9l\u00e9copieur : 418 545-5012<\/p>\n<p style=\"text-align: left\">Adresse \u00e9lectronique : <a href=\"mailto:reza_jafari@uqac.ca\">Reza_Jafari@uqac.ca<\/a><\/p>\n<p>https:\/\/www.uqac.ca\/largis\/<\/p>\n<p>&nbsp;<\/p>\n<\/div>\n","protected":false},"excerpt":{"rendered":"<p>Reza Jafari Professeur-chercheur Universit\u00e9 du Qu\u00e9bec \u00e0 Chicoutimi Pavillon principal D\u00e9partement des sciences appliqu\u00e9es Bureau P4-5080 555, boulevard de l\u2019Universit\u00e9 Chicoutimi (Qu\u00e9bec) G7H 2B1 T\u00e9l\u00e9phone :\u00a0\u00a0 418 545-5011 poste\u00a05635 Ligne sans frais\u00a0:\u00a0\u00a0 1-800-463-9880 poste\u00a05635 T\u00e9l\u00e9copieur : 418 545-5012 Adresse \u00e9lectronique : Reza_Jafari@uqac.ca https:\/\/www.uqac.ca\/largis\/ &nbsp;<\/p>\n","protected":false},"author":15,"featured_media":0,"parent":0,"menu_order":0,"comment_status":"closed","ping_status":"closed","template":"","meta":{"footnotes":""},"tags":[],"_links":{"self":[{"href":"https:\/\/portfolio.uqac.ca\/rezajafariaminabadi\/wp-json\/wp\/v2\/pages\/11"}],"collection":[{"href":"https:\/\/portfolio.uqac.ca\/rezajafariaminabadi\/wp-json\/wp\/v2\/pages"}],"about":[{"href":"https:\/\/portfolio.uqac.ca\/rezajafariaminabadi\/wp-json\/wp\/v2\/types\/page"}],"author":[{"embeddable":true,"href":"https:\/\/portfolio.uqac.ca\/rezajafariaminabadi\/wp-json\/wp\/v2\/users\/15"}],"replies":[{"embeddable":true,"href":"https:\/\/portfolio.uqac.ca\/rezajafariaminabadi\/wp-json\/wp\/v2\/comments?post=11"}],"version-history":[{"count":19,"href":"https:\/\/portfolio.uqac.ca\/rezajafariaminabadi\/wp-json\/wp\/v2\/pages\/11\/revisions"}],"predecessor-version":[{"id":180,"href":"https:\/\/portfolio.uqac.ca\/rezajafariaminabadi\/wp-json\/wp\/v2\/pages\/11\/revisions\/180"}],"wp:attachment":[{"href":"https:\/\/portfolio.uqac.ca\/rezajafariaminabadi\/wp-json\/wp\/v2\/media?parent=11"}],"wp:term":[{"taxonomy":"post_tag","embeddable":true,"href":"https:\/\/portfolio.uqac.ca\/rezajafariaminabadi\/wp-json\/wp\/v2\/tags?post=11"}],"curies":[{"name":"wp","href":"https:\/\/api.w.org\/{rel}","templated":true}]}}